{"id":2739,"date":"2022-04-18T22:28:43","date_gmt":"2022-04-18T22:28:43","guid":{"rendered":"https:\/\/plumbuss.com\/?post_type=product&#038;p=2739"},"modified":"2025-11-23T15:19:49","modified_gmt":"2025-11-23T15:19:49","slug":"lubricante-base-silicon-a-prueba-de-agua-id-millenium","status":"publish","type":"product","link":"https:\/\/plumbuss.com\/?product=lubricante-base-silicon-a-prueba-de-agua-id-millenium","title":{"rendered":"Lubricante Base Silicon A Prueba De Agua \/ Id Millenium"},"content":{"rendered":"<h2 class=\"ui-pdp-specs__title\">Caracter\u00edsticas principales<\/h2>\n<div class=\"ui-pdp-specs__table\">\n<table class=\"andes-table\">\n<tbody class=\"andes-table__body\">\n<tr class=\"andes-table__row\">\n<th class=\"andes-table__header andes-table__header--left ui-pdp-specs__table__column ui-pdp-specs__table__column-title\">Marca<\/th>\n<td class=\"andes-table__column andes-table__column--left ui-pdp-specs__table__column\"><span class=\"andes-table__column--value\">ID<\/span><\/td>\n<\/tr>\n<tr class=\"andes-table__row\">\n<th class=\"andes-table__header andes-table__header--left ui-pdp-specs__table__column ui-pdp-specs__table__column-title\">Modelo<\/th>\n<td class=\"andes-table__column andes-table__column--left ui-pdp-specs__table__column\"><span class=\"andes-table__column--value\">Millenium<\/span><\/td>\n<\/tr>\n<tr class=\"andes-table__row\">\n<th class=\"andes-table__header andes-table__header--left ui-pdp-specs__table__column ui-pdp-specs__table__column-title\">Volumen de la unidad<\/th>\n<td class=\"andes-table__column andes-table__column--left ui-pdp-specs__table__column\"><span class=\"andes-table__column--value\">65 mL<\/span><\/td>\n<\/tr>\n<tr class=\"andes-table__row\">\n<th class=\"andes-table__header andes-table__header--left ui-pdp-specs__table__column ui-pdp-specs__table__column-title\">Peso de la unidad<\/th>\n<td class=\"andes-table__column andes-table__column--left ui-pdp-specs__table__column\"><span class=\"andes-table__column--value\">75 g<\/span><\/td>\n<\/tr>\n<\/tbody>\n<\/table>\n<\/div>\n<h3 class=\"ui-pdp-specs__subtitle\">Otros<\/h3>\n<div class=\"ui-pdp-list ui-pdp-specs__list\">\n<ul class=\"ui-pdp-list__wrapper\">\n<li class=\"ui-pdp-list__item\">\n<p class=\"ui-pdp-family--REGULAR ui-pdp-list__text\"><span class=\"ui-pdp-color--BLACK ui-pdp-size--XSMALL ui-pdp-family--BOLD\">Base del producto<\/span>: Silicon<\/p>\n<\/li>\n<li class=\"ui-pdp-list__item\">\n<p class=\"ui-pdp-family--REGULAR ui-pdp-list__text\"><span class=\"ui-pdp-color--BLACK ui-pdp-size--XSMALL ui-pdp-family--BOLD\">Es comestible<\/span>: No<\/p>\n<\/li>\n<\/ul>\n<ul class=\"ui-pdp-list__wrapper\">\n<li class=\"ui-pdp-list__item\">\n<p class=\"ui-pdp-family--REGULAR ui-pdp-list__text\"><span class=\"ui-pdp-color--BLACK ui-pdp-size--XSMALL ui-pdp-family--BOLD\">Zonas de aplicaci\u00f3n<\/span>: Genitales<\/p>\n<\/li>\n<li class=\"ui-pdp-list__item\">\n<p class=\"ui-pdp-family--REGULAR ui-pdp-list__text\"><span class=\"ui-pdp-color--BLACK ui-pdp-size--XSMALL ui-pdp-family--BOLD\">Unidades por envase<\/span>: 1<\/p>\n<\/li>\n<\/ul>\n<\/div>\n","protected":false},"excerpt":{"rendered":"<p>El m\u00e1s duradero!<br \/>\n\u00a1El deslizamiento m\u00e1s duradero!<br \/>\n\u00a1ID Millennium \u00ae est\u00e1 aqu\u00ed para proporcionarle la lubricaci\u00f3n ultra duradera que ha estado buscando en un lubricante personal! Dise\u00f1ado con nuestra f\u00f3rmula de larga duraci\u00f3n, este lubricante a base de silicona lo mantendr\u00e1 completamente lubricado con solo unas pocas gotas. Una de las mejores partes de este producto es que no deja ning\u00fan residuo pegajoso como otros lubricantes. Millennium \u00ae es un lubricante ligero y suave que te causar\u00e1 un placer absoluto, sin importar c\u00f3mo decidas usarlo.<\/p>\n<p>Fabricado con silicona de alta calidad, ID Millennium \u00ae seguramente se mantendr\u00e1 resbaladizo todo el tiempo que lo necesite. Su deslizamiento es tan fuerte y duradero que incluso mantendr\u00e1 esta incre\u00edble deslizamiento bajo el agua. Esto le brinda muchas m\u00e1s opciones cuando decide emprender una aventura.<br \/>\nSeguro de usar con l\u00e1tex, puede disfrutar plenamente de este producto mientras juega con sus juguetes favoritos. La f\u00f3rmula tambi\u00e9n mejora la masturbaci\u00f3n para una experiencia mucho m\u00e1s agradable. La versatilidad de nuestra f\u00f3rmula a base de silicona permite una amplia gama de aplicaciones durante las sesiones \u00edntimas.<\/p>\n<p>Nuestra f\u00f3rmula clara e inodoro es, con diferencia, la mejor opci\u00f3n cuando se mira un lubricante a base de silicona. ID \u00ae ofrece un producto de silicona seguro y confiable para sus necesidades sexuales.<\/p>\n<p>* No debe usarse con juguetes de silicona.<\/p>\n<p>Ingredientes:<br \/>\nCiclopentasiloxano, dimeticona y dimeticonol.<\/p>\n<p>A base de silicona<br \/>\nF\u00f3rmula de piel sensible, impermeable y sensible al l\u00e1tex<\/p>\n","protected":false},"featured_media":2740,"comment_status":"open","ping_status":"closed","template":"","meta":[],"product_cat":[56],"product_tag":[27,24],"_links":{"self":[{"href":"https:\/\/plumbuss.com\/index.php?rest_route=\/wp\/v2\/product\/2739"}],"collection":[{"href":"https:\/\/plumbuss.com\/index.php?rest_route=\/wp\/v2\/product"}],"about":[{"href":"https:\/\/plumbuss.com\/index.php?rest_route=\/wp\/v2\/types\/product"}],"replies":[{"embeddable":true,"href":"https:\/\/plumbuss.com\/index.php?rest_route=%2Fwp%2Fv2%2Fcomments&post=2739"}],"wp:featuredmedia":[{"embeddable":true,"href":"https:\/\/plumbuss.com\/index.php?rest_route=\/wp\/v2\/media\/2740"}],"wp:attachment":[{"href":"https:\/\/plumbuss.com\/index.php?rest_route=%2Fwp%2Fv2%2Fmedia&parent=2739"}],"wp:term":[{"taxonomy":"product_cat","embeddable":true,"href":"https:\/\/plumbuss.com\/index.php?rest_route=%2Fwp%2Fv2%2Fproduct_cat&post=2739"},{"taxonomy":"product_tag","embeddable":true,"href":"https:\/\/plumbuss.com\/index.php?rest_route=%2Fwp%2Fv2%2Fproduct_tag&post=2739"}],"curies":[{"name":"wp","href":"https:\/\/api.w.org\/{rel}","templated":true}]}}