{"id":2731,"date":"2022-04-18T22:20:26","date_gmt":"2022-04-18T22:20:26","guid":{"rendered":"https:\/\/plumbuss.com\/?post_type=product&#038;p=2731"},"modified":"2025-01-30T00:02:05","modified_gmt":"2025-01-30T00:02:05","slug":"arnes-entrepierna-abierta-principiantes-fetish-fantasy","status":"publish","type":"product","link":"https:\/\/plumbuss.com\/?product=arnes-entrepierna-abierta-principiantes-fetish-fantasy","title":{"rendered":"Arnes Entrepierna Abierta Principiantes Fetish Fantasy"},"content":{"rendered":"<h2 class=\"ui-pdp-specs__title\">Caracter\u00edsticas principales<\/h2>\n<div class=\"ui-pdp-specs__table\">\n<table class=\"andes-table\">\n<tbody class=\"andes-table__body\">\n<tr class=\"andes-table__row\">\n<th class=\"andes-table__header andes-table__header--left ui-pdp-specs__table__column ui-pdp-specs__table__column-title\">Marca<\/th>\n<td class=\"andes-table__column andes-table__column--left ui-pdp-specs__table__column\"><span class=\"andes-table__column--value\">Pipedream<\/span><\/td>\n<\/tr>\n<tr class=\"andes-table__row\">\n<th class=\"andes-table__header andes-table__header--left ui-pdp-specs__table__column ui-pdp-specs__table__column-title\">Modelo<\/th>\n<td class=\"andes-table__column andes-table__column--left ui-pdp-specs__table__column\"><span class=\"andes-table__column--value\">FETISH FANTASY<\/span><\/td>\n<\/tr>\n<\/tbody>\n<\/table>\n<\/div>\n<h3 class=\"ui-pdp-specs__subtitle\">Otras caracter\u00edsticas<\/h3>\n<div class=\"ui-pdp-list ui-pdp-specs__list\">\n<ul class=\"ui-pdp-list__wrapper\">\n<li class=\"ui-pdp-list__item\">\n<p class=\"ui-pdp-family--REGULAR ui-pdp-list__text\"><span class=\"ui-pdp-color--BLACK ui-pdp-size--XSMALL ui-pdp-family--BOLD\">Tiene vibraci\u00f3n<\/span>: No<\/p>\n<\/li>\n<\/ul>\n<\/div>\n","protected":false},"excerpt":{"rendered":"<p>Cuando busca un arn\u00e9s con correa asequible que pueda hacerlo todo, los arneses de la serie Fetish Fantasy son justo lo que necesita para hacer el trabajo. Hemos reinventado nuestros dise\u00f1os de arn\u00e9s m\u00e1s vendidos, mejor\u00e1ndolos con formas y materiales a\u00fan mejores para ofrecer la mejor gama de arneses tanto para principiantes como para aficionados a las correas.<\/p>\n<p>Compatible con la mayor\u00eda de los consoladores, estos arneses funcionan mejor con los consoladores con ventosa Fetish Fantasy Elite y los consoladores con ventosa Basix de Pipedream.<\/p>\n<p>\u00a1Este arn\u00e9s sin entrepierna incre\u00edblemente c\u00f3modo est\u00e1 dise\u00f1ado con una abertura entre las piernas para acceder f\u00e1cilmente a tus partes m\u00e1s placenteras! El material de vinilo suave evita las rozaduras y se siente muy bien contra la piel, mientras que la espalda estilo tanga ofrece un estilo elegante y sexy.<\/p>\n<p>La pretina el\u00e1stica duradera se adapta c\u00f3modamente a cinturas de hasta 152 cm (60 pulgadas) y cuenta con una correa de velcro para facilitar el ajuste. No hay necesidad de una junta t\u00f3rica: la mayor\u00eda de los dongs se ajustan c\u00f3modamente a trav\u00e9s del orificio de 1,5 pulgadas (3,8 cm), lo que mantiene todo en su lugar incluso cuando la acci\u00f3n se intensifica.<\/p>\n","protected":false},"featured_media":2734,"comment_status":"open","ping_status":"closed","template":"","meta":[],"product_cat":[79],"product_tag":[58,34,33,45],"_links":{"self":[{"href":"https:\/\/plumbuss.com\/index.php?rest_route=\/wp\/v2\/product\/2731"}],"collection":[{"href":"https:\/\/plumbuss.com\/index.php?rest_route=\/wp\/v2\/product"}],"about":[{"href":"https:\/\/plumbuss.com\/index.php?rest_route=\/wp\/v2\/types\/product"}],"replies":[{"embeddable":true,"href":"https:\/\/plumbuss.com\/index.php?rest_route=%2Fwp%2Fv2%2Fcomments&post=2731"}],"wp:featuredmedia":[{"embeddable":true,"href":"https:\/\/plumbuss.com\/index.php?rest_route=\/wp\/v2\/media\/2734"}],"wp:attachment":[{"href":"https:\/\/plumbuss.com\/index.php?rest_route=%2Fwp%2Fv2%2Fmedia&parent=2731"}],"wp:term":[{"taxonomy":"product_cat","embeddable":true,"href":"https:\/\/plumbuss.com\/index.php?rest_route=%2Fwp%2Fv2%2Fproduct_cat&post=2731"},{"taxonomy":"product_tag","embeddable":true,"href":"https:\/\/plumbuss.com\/index.php?rest_route=%2Fwp%2Fv2%2Fproduct_tag&post=2731"}],"curies":[{"name":"wp","href":"https:\/\/api.w.org\/{rel}","templated":true}]}}