{"id":2671,"date":"2022-04-18T21:25:50","date_gmt":"2022-04-18T21:25:50","guid":{"rendered":"https:\/\/plumbuss.com\/?post_type=product&#038;p=2671"},"modified":"2023-11-15T02:58:11","modified_gmt":"2023-11-15T02:58:11","slug":"kit-plug-zorro-y-plug-conejo-con-orejas-2","status":"publish","type":"product","link":"https:\/\/plumbuss.com\/?product=kit-plug-zorro-y-plug-conejo-con-orejas-2","title":{"rendered":"Kit Plug Zorro Y Plug Conejo Con Orejas"},"content":{"rendered":"<h2 class=\"ui-pdp-specs__title\">Caracter\u00edsticas principales<\/h2>\n<div class=\"ui-pdp-specs__table\">\n<table class=\"andes-table\">\n<tbody class=\"andes-table__body\">\n<tr class=\"andes-table__row\">\n<th class=\"andes-table__header andes-table__header--left ui-pdp-specs__table__column ui-pdp-specs__table__column-title\">Marca<\/th>\n<td class=\"andes-table__column andes-table__column--left ui-pdp-specs__table__column\"><span class=\"andes-table__column--value\">PLUMBUSS<\/span><\/td>\n<\/tr>\n<tr class=\"andes-table__row\">\n<th class=\"andes-table__header andes-table__header--left ui-pdp-specs__table__column ui-pdp-specs__table__column-title\">Modelo<\/th>\n<td class=\"andes-table__column andes-table__column--left ui-pdp-specs__table__column\"><span class=\"andes-table__column--value\">MIX ZORRO Y CONEJO<\/span><\/td>\n<\/tr>\n<tr class=\"andes-table__row\">\n<th class=\"andes-table__header andes-table__header--left ui-pdp-specs__table__column ui-pdp-specs__table__column-title\">Color<\/th>\n<td class=\"andes-table__column andes-table__column--left ui-pdp-specs__table__column\"><span class=\"andes-table__column--value\">Rosa<\/span><\/td>\n<\/tr>\n<\/tbody>\n<\/table>\n<\/div>\n<h3 class=\"ui-pdp-specs__subtitle\">Otras caracter\u00edsticas<\/h3>\n<div class=\"ui-pdp-list ui-pdp-specs__list\">\n<ul class=\"ui-pdp-list__wrapper\">\n<li class=\"ui-pdp-list__item\">\n<p class=\"ui-pdp-family--REGULAR ui-pdp-list__text\"><span class=\"ui-pdp-color--BLACK ui-pdp-size--XSMALL ui-pdp-family--BOLD\">Material<\/span>: Acero + Pelo Sintetico<\/p>\n<\/li>\n<li class=\"ui-pdp-list__item\">\n<p class=\"ui-pdp-family--REGULAR ui-pdp-list__text\"><span class=\"ui-pdp-color--BLACK ui-pdp-size--XSMALL ui-pdp-family--BOLD\">Largo x Ancho<\/span>: 7 cm x 2.8 cm<\/p>\n<\/li>\n<\/ul>\n<ul class=\"ui-pdp-list__wrapper\">\n<li class=\"ui-pdp-list__item\">\n<p class=\"ui-pdp-family--REGULAR ui-pdp-list__text\"><span class=\"ui-pdp-color--BLACK ui-pdp-size--XSMALL ui-pdp-family--BOLD\">Vibraci\u00f3n<\/span>: No<\/p>\n<\/li>\n<\/ul>\n<\/div>\n","protected":false},"excerpt":{"rendered":"<p>CON ESTE KIT YA NO TENDRAS QUE ELEGIR<\/p>\n<p>\u00bfQu\u00e9 te gustar\u00eda usar hoy, la cola de zorro o la cola de conejo? Un kit que combina una cola de zorro con plug de metal chico, de pelaje suave y esponjoso, con un lindo list\u00f3n para dar un toque coqueto y tierno. La cola de conejo, tambi\u00e9n un plug anal peque\u00f1o con una cola esponjosa y suave, con un lindo list\u00f3n brindando ese toque extra. Ambos de pelaje tipo arcoiris.<\/p>\n<p>Las orejas tipo horquilla (Broche) a juego con las colas, podras usarlas como mejor te acomoden.<\/p>\n<p>Medidas:<\/p>\n<p>Cola Zorro:<br \/>\n*Largo Total 50 cm (Largo de la cola sin plug 43cm)<br \/>\n*Largo del Plug: 7cm x 2.8 cm punta conica<\/p>\n<p>Cola Conejo<br \/>\n*Largo Total: 15cm (cola sin plug 8 cm)<br \/>\nLargo del Plug: 7cm x 2.8 cm punta conica<\/p>\n<p>Orejas:<br \/>\nBase en forma de &#8220;L&#8221; 4cm x 6cm (oreja en pico)<br \/>\nBroche:4cm<br \/>\nAlto: 6cm en la parte mas alta (linea media)<\/p>\n","protected":false},"featured_media":2672,"comment_status":"open","ping_status":"closed","template":"","meta":[],"product_cat":[25],"product_tag":[],"_links":{"self":[{"href":"https:\/\/plumbuss.com\/index.php?rest_route=\/wp\/v2\/product\/2671"}],"collection":[{"href":"https:\/\/plumbuss.com\/index.php?rest_route=\/wp\/v2\/product"}],"about":[{"href":"https:\/\/plumbuss.com\/index.php?rest_route=\/wp\/v2\/types\/product"}],"replies":[{"embeddable":true,"href":"https:\/\/plumbuss.com\/index.php?rest_route=%2Fwp%2Fv2%2Fcomments&post=2671"}],"wp:featuredmedia":[{"embeddable":true,"href":"https:\/\/plumbuss.com\/index.php?rest_route=\/wp\/v2\/media\/2672"}],"wp:attachment":[{"href":"https:\/\/plumbuss.com\/index.php?rest_route=%2Fwp%2Fv2%2Fmedia&parent=2671"}],"wp:term":[{"taxonomy":"product_cat","embeddable":true,"href":"https:\/\/plumbuss.com\/index.php?rest_route=%2Fwp%2Fv2%2Fproduct_cat&post=2671"},{"taxonomy":"product_tag","embeddable":true,"href":"https:\/\/plumbuss.com\/index.php?rest_route=%2Fwp%2Fv2%2Fproduct_tag&post=2671"}],"curies":[{"name":"wp","href":"https:\/\/api.w.org\/{rel}","templated":true}]}}