{"id":2483,"date":"2022-04-01T07:29:03","date_gmt":"2022-04-01T07:29:03","guid":{"rendered":"https:\/\/plumbuss.com\/?post_type=product&#038;p=2483"},"modified":"2022-04-20T02:22:18","modified_gmt":"2022-04-20T02:22:18","slug":"juego-gato-estilo-lolita-plug-anal-chico","status":"publish","type":"product","link":"https:\/\/plumbuss.com\/?product=juego-gato-estilo-lolita-plug-anal-chico","title":{"rendered":"Juego Gato Estilo Lolita Plug Anal Chico"},"content":{"rendered":"<div class=\"ui-pdp-specs__table\">\n<table class=\"andes-table\">\n<tbody class=\"andes-table__body\">\n<tr class=\"andes-table__row\">\n<th class=\"andes-table__header andes-table__header--left ui-pdp-specs__table__column ui-pdp-specs__table__column-title\">Marca<\/th>\n<td class=\"andes-table__column andes-table__column--left ui-pdp-specs__table__column\"><span class=\"andes-table__column--value\">PLUMBUSS<\/span><\/td>\n<\/tr>\n<tr class=\"andes-table__row\">\n<th class=\"andes-table__header andes-table__header--left ui-pdp-specs__table__column ui-pdp-specs__table__column-title\">Modelo<\/th>\n<td class=\"andes-table__column andes-table__column--left ui-pdp-specs__table__column\"><span class=\"andes-table__column--value\">GATO LOLITA<\/span><\/td>\n<\/tr>\n<\/tbody>\n<\/table>\n<\/div>\n<h3 class=\"ui-pdp-specs__subtitle\">Otras caracter\u00edsticas<\/h3>\n<div class=\"ui-pdp-list ui-pdp-specs__list\">\n<ul class=\"ui-pdp-list__wrapper\">\n<li class=\"ui-pdp-list__item\">\n<p class=\"ui-pdp-family--REGULAR ui-pdp-list__text\"><span class=\"ui-pdp-color--BLACK ui-pdp-size--XSMALL ui-pdp-family--BOLD\">Material<\/span>: Acero + Tela Poli\u00e9ster + Pelaje Sintetico<\/p>\n<\/li>\n<li class=\"ui-pdp-list__item\">\n<p class=\"ui-pdp-family--REGULAR ui-pdp-list__text\"><span class=\"ui-pdp-color--BLACK ui-pdp-size--XSMALL ui-pdp-family--BOLD\">Largo x Ancho<\/span>: 7 cm x 2.8 cm<\/p>\n<\/li>\n<\/ul>\n<ul class=\"ui-pdp-list__wrapper\">\n<li class=\"ui-pdp-list__item\">\n<p class=\"ui-pdp-family--REGULAR ui-pdp-list__text\"><span class=\"ui-pdp-color--BLACK ui-pdp-size--XSMALL ui-pdp-family--BOLD\">Vibraci\u00f3n<\/span>: No<\/p>\n<\/li>\n<\/ul>\n<\/div>\n","protected":false},"excerpt":{"rendered":"<p>Este juego incluye un par de orejas de gato adoradas con list\u00f3n y encaje para un look m\u00e1s tierno, una cola de plug de acero peque\u00f1o, un par de mu\u00f1equeras de encaje y un collar tambi\u00e9n de encaje con un broche en la parte posterior, todos adornados con un list\u00f3n a juego y un cascabel (la cola no tiene cascabel). La cola de 40 cm de largo esta elaborada en material sint\u00e9tico pero es esponjosa (peinar suavemente) con un lindo list\u00f3n en la punta para darle una apariencia mas tierna, adem\u00e1s de contar con un plug anal de acero inoxidable de 7cm de largo por 2.8 cm de di\u00e1metro, de punta c\u00f3nica que facilita la inserci\u00f3n. Las mu\u00f1equeras y el mo\u00f1o, son tipo resorte lo que permite se ajuste a diversos di\u00e1metros.<\/p>\n<p>Medidas:<br \/>\nCola: 48 cm de largo total (40-41cm es de cola)<br \/>\nPlug Anal: 7cm x 2.8cm<br \/>\nOrejas: Diadema standard adulto, Orejas 8cm de base x 10 cm de alto (punto medio)<\/p>\n<p>**PERMITE MARGEN DE ERROR DE +\/- 1 CM EN EL LARGO TOTAL DE LA COLA**<\/p>\n","protected":false},"featured_media":2489,"comment_status":"open","ping_status":"closed","template":"","meta":[],"product_cat":[25],"product_tag":[26,33,29,37],"_links":{"self":[{"href":"https:\/\/plumbuss.com\/index.php?rest_route=\/wp\/v2\/product\/2483"}],"collection":[{"href":"https:\/\/plumbuss.com\/index.php?rest_route=\/wp\/v2\/product"}],"about":[{"href":"https:\/\/plumbuss.com\/index.php?rest_route=\/wp\/v2\/types\/product"}],"replies":[{"embeddable":true,"href":"https:\/\/plumbuss.com\/index.php?rest_route=%2Fwp%2Fv2%2Fcomments&post=2483"}],"wp:featuredmedia":[{"embeddable":true,"href":"https:\/\/plumbuss.com\/index.php?rest_route=\/wp\/v2\/media\/2489"}],"wp:attachment":[{"href":"https:\/\/plumbuss.com\/index.php?rest_route=%2Fwp%2Fv2%2Fmedia&parent=2483"}],"wp:term":[{"taxonomy":"product_cat","embeddable":true,"href":"https:\/\/plumbuss.com\/index.php?rest_route=%2Fwp%2Fv2%2Fproduct_cat&post=2483"},{"taxonomy":"product_tag","embeddable":true,"href":"https:\/\/plumbuss.com\/index.php?rest_route=%2Fwp%2Fv2%2Fproduct_tag&post=2483"}],"curies":[{"name":"wp","href":"https:\/\/api.w.org\/{rel}","templated":true}]}}