{"id":241,"date":"2021-08-15T19:40:28","date_gmt":"2021-08-15T19:40:28","guid":{"rendered":"https:\/\/plumbuss.com\/?post_type=product&#038;p=241"},"modified":"2021-09-27T23:15:10","modified_gmt":"2021-09-27T23:15:10","slug":"plug-anal-grande-joya-de-corazon","status":"publish","type":"product","link":"https:\/\/plumbuss.com\/?product=plug-anal-grande-joya-de-corazon","title":{"rendered":"Plug Anal Grande Joya de Coraz\u00f3n"},"content":{"rendered":"<p>PLUG ANAL GRANDE CON JOYA DE CORAZ\u00d3N<\/p>\n<p>Si ya eres un experto en el arte del placer anal, este es un juguete que debe estar en tu colecci\u00f3n, es el cl\u00e1sico plug anal de acero inoxidable con punta de f\u00e1cil inserci\u00f3n.<\/p>\n","protected":false},"excerpt":{"rendered":"<p>Medidas:<\/p>\n<p>Largo total: 90mm<br \/>\nLargo Insertable: 82mm<br \/>\nDi\u00e1metro: 40mm<\/p>\n","protected":false},"featured_media":242,"comment_status":"open","ping_status":"closed","template":"","meta":[],"product_cat":[35],"product_tag":[27,37],"_links":{"self":[{"href":"https:\/\/plumbuss.com\/index.php?rest_route=\/wp\/v2\/product\/241"}],"collection":[{"href":"https:\/\/plumbuss.com\/index.php?rest_route=\/wp\/v2\/product"}],"about":[{"href":"https:\/\/plumbuss.com\/index.php?rest_route=\/wp\/v2\/types\/product"}],"replies":[{"embeddable":true,"href":"https:\/\/plumbuss.com\/index.php?rest_route=%2Fwp%2Fv2%2Fcomments&post=241"}],"wp:featuredmedia":[{"embeddable":true,"href":"https:\/\/plumbuss.com\/index.php?rest_route=\/wp\/v2\/media\/242"}],"wp:attachment":[{"href":"https:\/\/plumbuss.com\/index.php?rest_route=%2Fwp%2Fv2%2Fmedia&parent=241"}],"wp:term":[{"taxonomy":"product_cat","embeddable":true,"href":"https:\/\/plumbuss.com\/index.php?rest_route=%2Fwp%2Fv2%2Fproduct_cat&post=241"},{"taxonomy":"product_tag","embeddable":true,"href":"https:\/\/plumbuss.com\/index.php?rest_route=%2Fwp%2Fv2%2Fproduct_tag&post=241"}],"curies":[{"name":"wp","href":"https:\/\/api.w.org\/{rel}","templated":true}]}}