{"id":238,"date":"2021-08-15T19:36:27","date_gmt":"2021-08-15T19:36:27","guid":{"rendered":"https:\/\/plumbuss.com\/?post_type=product&#038;p=238"},"modified":"2025-11-23T15:33:36","modified_gmt":"2025-11-23T15:33:36","slug":"vigorizante-masculino-rocco-plus","status":"publish","type":"product","link":"https:\/\/plumbuss.com\/?product=vigorizante-masculino-rocco-plus","title":{"rendered":"Vigorizante Masculino Rocco Plus"},"content":{"rendered":"<p>Rocco Plus Male ULTIMATE Sexual Performance Enhancement, es un suplemento alimenticio estimulante y vigorizante sexual masculino, se toma 30 minutos antes del acto sexual, es 100% natural el cual act\u00faa como potencializador de erecci\u00f3n para obtener mayor firmeza, resistencia, retardante de eyaculaci\u00f3n y a la vez intensificador de orgasmo. Ayuda a una recuperaci\u00f3n m\u00e1s r\u00e1pida y lo mejor es que es compatible con alcohol, no provoca dolores de cabeza ni tiene efectos secundarios ya que su f\u00f3rmula esta dise\u00f1ada para actuar hasta 72 horas en el organismo, siempre y cuando haya est\u00edmulo.<\/p>\n","protected":false},"excerpt":{"rendered":"<p>Vigorizante Masculino<\/p>\n<p>Marca: Rocco Plus Ultimate<\/p>\n<p>Concentraci\u00f3n: 5,000 mg<\/p>\n<p>Ingredientes: maca, ginseng, l-arginina, creatina, pimienta cayena, epimedium (horny goat weed) y vitamina B12<\/p>\n","protected":false},"featured_media":3989,"comment_status":"open","ping_status":"closed","template":"","meta":[],"product_cat":[22],"product_tag":[41,42],"_links":{"self":[{"href":"https:\/\/plumbuss.com\/index.php?rest_route=\/wp\/v2\/product\/238"}],"collection":[{"href":"https:\/\/plumbuss.com\/index.php?rest_route=\/wp\/v2\/product"}],"about":[{"href":"https:\/\/plumbuss.com\/index.php?rest_route=\/wp\/v2\/types\/product"}],"replies":[{"embeddable":true,"href":"https:\/\/plumbuss.com\/index.php?rest_route=%2Fwp%2Fv2%2Fcomments&post=238"}],"wp:featuredmedia":[{"embeddable":true,"href":"https:\/\/plumbuss.com\/index.php?rest_route=\/wp\/v2\/media\/3989"}],"wp:attachment":[{"href":"https:\/\/plumbuss.com\/index.php?rest_route=%2Fwp%2Fv2%2Fmedia&parent=238"}],"wp:term":[{"taxonomy":"product_cat","embeddable":true,"href":"https:\/\/plumbuss.com\/index.php?rest_route=%2Fwp%2Fv2%2Fproduct_cat&post=238"},{"taxonomy":"product_tag","embeddable":true,"href":"https:\/\/plumbuss.com\/index.php?rest_route=%2Fwp%2Fv2%2Fproduct_tag&post=238"}],"curies":[{"name":"wp","href":"https:\/\/api.w.org\/{rel}","templated":true}]}}