{"id":2329,"date":"2021-12-03T05:26:10","date_gmt":"2021-12-03T05:26:10","guid":{"rendered":"https:\/\/plumbuss.com\/?post_type=product&#038;p=2329"},"modified":"2021-12-03T05:26:10","modified_gmt":"2021-12-03T05:26:10","slug":"vibrador-realista-tacto-suave","status":"publish","type":"product","link":"https:\/\/plumbuss.com\/?product=vibrador-realista-tacto-suave","title":{"rendered":"Vibrador Realista Tacto Suave"},"content":{"rendered":"<p>\u00a1NUEVO Y MEJORADO!<\/p>\n<p>Disfruta del &#8220;Real Feel 10.5 in. Dildo&#8221; de una piel s\u00faper suave y realista con esta vibra incre\u00edblemente realista. Hecho de Fanta-Flesh, el material blando imita la suavidad y la sensaci\u00f3n de la piel real y se siente tan natural como es posible.<\/p>\n<p>Caracter\u00edsticas y beneficios:<\/p>\n<p>Realista<br \/>\nMulti velocidad<br \/>\nImpermeable<\/p>\n<p>Instrucciones de operaci\u00f3n:<\/p>\n<p>Elija una velocidad en la base del dial y disfrute de poderosas vibraciones mientras el dong se calienta r\u00e1pidamente a la temperatura de su cuerpo. Pru\u00e9belo en la ducha o en el spa y convierta la hora del ba\u00f1o en un momento de placer.<\/p>\n<p>La limpieza es muy sencilla despu\u00e9s de la diversi\u00f3n con Toy Cleaner y agua tibia.<\/p>\n<p>El paquete incluye: (1) consolador vibrador de 10,5 pulgadas requiere (2) pilas &#8220;AA&#8221; (no incluidas)<\/p>\n<p>Material: TPR y ABS<\/p>\n<p>Dimensiones:<\/p>\n<p>Longitud: 26,7 cm (10,5 pulg.)<br \/>\nLongitud insertable: 9,3 pulg. (23,5 cm)<br \/>\nDi\u00e1metro: 2,2 pulg. (5,5 cm)<\/p>\n","protected":false},"excerpt":{"rendered":"<h2 class=\"ui-pdp-specs__title\">Caracter\u00edsticas principales<\/h2>\n<div class=\"ui-pdp-specs__table\">\n<table class=\"andes-table\">\n<tbody class=\"andes-table__body\">\n<tr class=\"andes-table__row\">\n<th class=\"andes-table__header andes-table__header--left ui-pdp-specs__table__column ui-pdp-specs__table__column-title\">Marca<\/th>\n<td class=\"andes-table__column andes-table__column--left ui-pdp-specs__table__column\"><span class=\"andes-table__column--value\">Pipedream<\/span><\/td>\n<\/tr>\n<tr class=\"andes-table__row\">\n<th class=\"andes-table__header andes-table__header--left ui-pdp-specs__table__column ui-pdp-specs__table__column-title\">Modelo<\/th>\n<td class=\"andes-table__column andes-table__column--left ui-pdp-specs__table__column\"><span class=\"andes-table__column--value\">REAL FEEL NO.12<\/span><\/td>\n<\/tr>\n<\/tbody>\n<\/table>\n<\/div>\n<h3 class=\"ui-pdp-specs__subtitle\">Otras caracter\u00edsticas<\/h3>\n<div class=\"ui-pdp-list ui-pdp-specs__list\">\n<ul class=\"ui-pdp-list__wrapper\">\n<li class=\"ui-pdp-list__item\">\n<p class=\"ui-pdp-family--REGULAR ui-pdp-list__text\"><span class=\"ui-pdp-color--BLACK ui-pdp-size--XSMALL ui-pdp-family--BOLD\">Tipo de vibrador<\/span>: Realista<\/p>\n<\/li>\n<li class=\"ui-pdp-list__item\">\n<p class=\"ui-pdp-family--REGULAR ui-pdp-list__text\"><span class=\"ui-pdp-color--BLACK ui-pdp-size--XSMALL ui-pdp-family--BOLD\">Largo<\/span>: 23.5 cm<\/p>\n<\/li>\n<\/ul>\n<ul class=\"ui-pdp-list__wrapper\">\n<li class=\"ui-pdp-list__item\">\n<p class=\"ui-pdp-family--REGULAR ui-pdp-list__text\"><span class=\"ui-pdp-color--BLACK ui-pdp-size--XSMALL ui-pdp-family--BOLD\">Di\u00e1metro<\/span>: 5.5 cm<\/p>\n<\/li>\n<li class=\"ui-pdp-list__item\">\n<p class=\"ui-pdp-family--REGULAR ui-pdp-list__text\"><span class=\"ui-pdp-color--BLACK ui-pdp-size--XSMALL ui-pdp-family--BOLD\">Tipo de alimentaci\u00f3n<\/span>: 2 Pilas AA<\/p>\n<\/li>\n<\/ul>\n<ul class=\"ui-pdp-list__wrapper\">\n<li class=\"ui-pdp-list__item\">\n<p class=\"ui-pdp-family--REGULAR ui-pdp-list__text\"><span class=\"ui-pdp-color--BLACK ui-pdp-size--XSMALL ui-pdp-family--BOLD\">Material<\/span>: ABS + TPR<\/p>\n<\/li>\n<\/ul>\n<\/div>\n","protected":false},"featured_media":2330,"comment_status":"open","ping_status":"closed","template":"","meta":[],"product_cat":[51],"product_tag":[],"_links":{"self":[{"href":"https:\/\/plumbuss.com\/index.php?rest_route=\/wp\/v2\/product\/2329"}],"collection":[{"href":"https:\/\/plumbuss.com\/index.php?rest_route=\/wp\/v2\/product"}],"about":[{"href":"https:\/\/plumbuss.com\/index.php?rest_route=\/wp\/v2\/types\/product"}],"replies":[{"embeddable":true,"href":"https:\/\/plumbuss.com\/index.php?rest_route=%2Fwp%2Fv2%2Fcomments&post=2329"}],"wp:featuredmedia":[{"embeddable":true,"href":"https:\/\/plumbuss.com\/index.php?rest_route=\/wp\/v2\/media\/2330"}],"wp:attachment":[{"href":"https:\/\/plumbuss.com\/index.php?rest_route=%2Fwp%2Fv2%2Fmedia&parent=2329"}],"wp:term":[{"taxonomy":"product_cat","embeddable":true,"href":"https:\/\/plumbuss.com\/index.php?rest_route=%2Fwp%2Fv2%2Fproduct_cat&post=2329"},{"taxonomy":"product_tag","embeddable":true,"href":"https:\/\/plumbuss.com\/index.php?rest_route=%2Fwp%2Fv2%2Fproduct_tag&post=2329"}],"curies":[{"name":"wp","href":"https:\/\/api.w.org\/{rel}","templated":true}]}}