{"id":2319,"date":"2021-12-03T05:20:22","date_gmt":"2021-12-03T05:20:22","guid":{"rendered":"https:\/\/plumbuss.com\/?post_type=product&#038;p=2319"},"modified":"2025-03-01T01:08:56","modified_gmt":"2025-03-01T01:08:56","slug":"vibrador-eyaculador-recargable-pretty-love-henry","status":"publish","type":"product","link":"https:\/\/plumbuss.com\/?product=vibrador-eyaculador-recargable-pretty-love-henry","title":{"rendered":"Vibrador Eyaculador Recargable Pretty Love Henry"},"content":{"rendered":"<p>CONOCE A HENRY<\/p>\n<p>Henry es un revolucionario vibrador con funci\u00f3n de eyaculacion; dise\u00f1ado con alta tecnolog\u00eda en su interior y un material exterior irresistible,elegante suave como la seda, confortable y \u00fanico.<\/p>\n<p>Henry de Pretty Love har\u00e1 que alcances profundamente sus vibraciones en tu interior, estimulando todos tus sentidos, incorpora estimulador de clitoris tipo conejo ergon\u00f3mico con motor propio y un sistema eyaculador mediante un dep\u00f3sito interno que se rellena f\u00e1cilmente con agua controlado con un bot\u00f3n para liberar el chorro en el momento perfecto.<\/p>\n<p>Caracter\u00edsticas:<\/p>\n<p>*Silicona + ABS<br \/>\n*Color: Magenta<br \/>\n*12 Funciones de Vibraci\u00f3n<br \/>\n*Medidas:<br \/>\n*Largo total: 24 cm<br \/>\n*Di\u00e1metro: 3.5 cm (en su porci\u00f3n m\u00e1s gruesa)<br \/>\n*Conejo: 6.5 cm x 2 cm<br \/>\n*Bater\u00eda de litio recargable v\u00eda USB<br \/>\n*Tacto suave y sedoso<br \/>\n*Led rojo de retroiluminaci\u00f3n en sus pulsadores<\/p>\n<p>***NOTA, EL COLOR PUEDE VARIAR DE INTENSIDAD AL DE LA IMAGEN POR EL BRILLO DE LA PANTALLA, PERMITE MARGEN DE ERROR DE +\/- 1 CM***<\/p>\n","protected":false},"excerpt":{"rendered":"<h2 class=\"ui-pdp-specs__title\">Caracter\u00edsticas principales<\/h2>\n<div class=\"ui-pdp-specs__table\">\n<table class=\"andes-table\">\n<tbody class=\"andes-table__body\">\n<tr class=\"andes-table__row\">\n<th class=\"andes-table__header andes-table__header--left ui-pdp-specs__table__column ui-pdp-specs__table__column-title\">Marca<\/th>\n<td class=\"andes-table__column andes-table__column--left ui-pdp-specs__table__column\"><span class=\"andes-table__column--value\">Pretty Love<\/span><\/td>\n<\/tr>\n<tr class=\"andes-table__row\">\n<th class=\"andes-table__header andes-table__header--left ui-pdp-specs__table__column ui-pdp-specs__table__column-title\">Modelo<\/th>\n<td class=\"andes-table__column andes-table__column--left ui-pdp-specs__table__column\"><span class=\"andes-table__column--value\">Henry<\/span><\/td>\n<\/tr>\n<\/tbody>\n<\/table>\n<\/div>\n<h3 class=\"ui-pdp-specs__subtitle\">Otras caracter\u00edsticas<\/h3>\n<div class=\"ui-pdp-list ui-pdp-specs__list\">\n<ul class=\"ui-pdp-list__wrapper\">\n<li class=\"ui-pdp-list__item\">\n<p class=\"ui-pdp-family--REGULAR ui-pdp-list__text\"><span class=\"ui-pdp-color--BLACK ui-pdp-size--XSMALL ui-pdp-family--BOLD\">Tipo de vibrador<\/span>: Eyaculador Tipo Conejo<\/p>\n<\/li>\n<li class=\"ui-pdp-list__item\">\n<p class=\"ui-pdp-family--REGULAR ui-pdp-list__text\"><span class=\"ui-pdp-color--BLACK ui-pdp-size--XSMALL ui-pdp-family--BOLD\">Largo<\/span>: 24 cm<\/p>\n<\/li>\n<\/ul>\n<ul class=\"ui-pdp-list__wrapper\">\n<li class=\"ui-pdp-list__item\">\n<p class=\"ui-pdp-family--REGULAR ui-pdp-list__text\"><span class=\"ui-pdp-color--BLACK ui-pdp-size--XSMALL ui-pdp-family--BOLD\">Di\u00e1metro<\/span>: 3.5 cm<\/p>\n<\/li>\n<li class=\"ui-pdp-list__item\">\n<p class=\"ui-pdp-family--REGULAR ui-pdp-list__text\"><span class=\"ui-pdp-color--BLACK ui-pdp-size--XSMALL ui-pdp-family--BOLD\">Tipo de alimentaci\u00f3n<\/span>: Recargable USB<\/p>\n<\/li>\n<\/ul>\n<ul class=\"ui-pdp-list__wrapper\">\n<li class=\"ui-pdp-list__item\">\n<p class=\"ui-pdp-family--REGULAR ui-pdp-list__text\"><span class=\"ui-pdp-color--BLACK ui-pdp-size--XSMALL ui-pdp-family--BOLD\">Material<\/span>: Silicona + ABS<\/p>\n<\/li>\n<li class=\"ui-pdp-list__item\">\n<p class=\"ui-pdp-family--REGULAR ui-pdp-list__text\"><span class=\"ui-pdp-color--BLACK ui-pdp-size--XSMALL ui-pdp-family--BOLD\">Cantidad de velocidades<\/span>: 12<\/p>\n<\/li>\n<\/ul>\n<\/div>\n","protected":false},"featured_media":2321,"comment_status":"open","ping_status":"closed","template":"","meta":[],"product_cat":[55],"product_tag":[],"_links":{"self":[{"href":"https:\/\/plumbuss.com\/index.php?rest_route=\/wp\/v2\/product\/2319"}],"collection":[{"href":"https:\/\/plumbuss.com\/index.php?rest_route=\/wp\/v2\/product"}],"about":[{"href":"https:\/\/plumbuss.com\/index.php?rest_route=\/wp\/v2\/types\/product"}],"replies":[{"embeddable":true,"href":"https:\/\/plumbuss.com\/index.php?rest_route=%2Fwp%2Fv2%2Fcomments&post=2319"}],"wp:featuredmedia":[{"embeddable":true,"href":"https:\/\/plumbuss.com\/index.php?rest_route=\/wp\/v2\/media\/2321"}],"wp:attachment":[{"href":"https:\/\/plumbuss.com\/index.php?rest_route=%2Fwp%2Fv2%2Fmedia&parent=2319"}],"wp:term":[{"taxonomy":"product_cat","embeddable":true,"href":"https:\/\/plumbuss.com\/index.php?rest_route=%2Fwp%2Fv2%2Fproduct_cat&post=2319"},{"taxonomy":"product_tag","embeddable":true,"href":"https:\/\/plumbuss.com\/index.php?rest_route=%2Fwp%2Fv2%2Fproduct_tag&post=2319"}],"curies":[{"name":"wp","href":"https:\/\/api.w.org\/{rel}","templated":true}]}}