{"id":231,"date":"2021-08-15T19:27:30","date_gmt":"2021-08-15T19:27:30","guid":{"rendered":"https:\/\/plumbuss.com\/?post_type=product&#038;p=231"},"modified":"2023-08-07T02:12:05","modified_gmt":"2023-08-07T02:12:05","slug":"termostato-palo-de-calor-para-masturbador","status":"publish","type":"product","link":"https:\/\/plumbuss.com\/?product=termostato-palo-de-calor-para-masturbador","title":{"rendered":"Termostato\/ Palo de Calor para Masturbador"},"content":{"rendered":"<p>LE HACE FALTA ALGO A TU MASTURBADOR???<\/p>\n<p>Que tal un poco de calor para una experiencia m\u00e1s realista; esta varita de calor inteligente alcanza hasta los 46\u00b0C, lo que har\u00e1 que tu juguete tenga una sensaci\u00f3n tibia y c\u00e1lida al momento de la penetraci\u00f3n. Su uso es sumamente sencillo, solo hay que conectarlo, dejarlo de 3 a 10 minutos y listo! (Siempre prueba la temperatura antes de la penetraci\u00f3n)<\/p>\n","protected":false},"excerpt":{"rendered":"<ul>\n<li>Marca: Rabbitow<\/li>\n<li class=\"ui-pdp-specs__subtitle\"><span class=\"ui-pdp-color--BLACK ui-pdp-size--XSMALL ui-pdp-family--BOLD\" style=\"font-size: 16px\">Tipo de acci\u00f3n<\/span><span style=\"font-size: 16px\">: CALIENTA EL INTERIOR DE TU MASTURBADOR<\/span><\/li>\n<li class=\"ui-pdp-specs__subtitle\">Material<span style=\"font-size: 16px\">: ABS<\/span><\/li>\n<li class=\"ui-pdp-specs__subtitle\">Largo<span style=\"font-size: 16px\">: 14 cm<\/span><\/li>\n<\/ul>\n","protected":false},"featured_media":232,"comment_status":"open","ping_status":"closed","template":"","meta":[],"product_cat":[38],"product_tag":[40,41,39],"_links":{"self":[{"href":"https:\/\/plumbuss.com\/index.php?rest_route=\/wp\/v2\/product\/231"}],"collection":[{"href":"https:\/\/plumbuss.com\/index.php?rest_route=\/wp\/v2\/product"}],"about":[{"href":"https:\/\/plumbuss.com\/index.php?rest_route=\/wp\/v2\/types\/product"}],"replies":[{"embeddable":true,"href":"https:\/\/plumbuss.com\/index.php?rest_route=%2Fwp%2Fv2%2Fcomments&post=231"}],"wp:featuredmedia":[{"embeddable":true,"href":"https:\/\/plumbuss.com\/index.php?rest_route=\/wp\/v2\/media\/232"}],"wp:attachment":[{"href":"https:\/\/plumbuss.com\/index.php?rest_route=%2Fwp%2Fv2%2Fmedia&parent=231"}],"wp:term":[{"taxonomy":"product_cat","embeddable":true,"href":"https:\/\/plumbuss.com\/index.php?rest_route=%2Fwp%2Fv2%2Fproduct_cat&post=231"},{"taxonomy":"product_tag","embeddable":true,"href":"https:\/\/plumbuss.com\/index.php?rest_route=%2Fwp%2Fv2%2Fproduct_tag&post=231"}],"curies":[{"name":"wp","href":"https:\/\/api.w.org\/{rel}","templated":true}]}}