{"id":2308,"date":"2021-12-03T05:11:39","date_gmt":"2021-12-03T05:11:39","guid":{"rendered":"https:\/\/plumbuss.com\/?post_type=product&#038;p=2308"},"modified":"2023-04-19T23:18:17","modified_gmt":"2023-04-19T23:18:17","slug":"funda-vibradora-para-pene-sencilla-estimulador-conejo","status":"publish","type":"product","link":"https:\/\/plumbuss.com\/?product=funda-vibradora-para-pene-sencilla-estimulador-conejo","title":{"rendered":"Funda Vibradora Para Pene Sencilla Estimulador Conejo"},"content":{"rendered":"<p>\u00a1Salta a ello!<\/p>\n<p>Basic Essentials son productos de alta calidad y repletos de funciones para parejas que mejoran el acto sexual a un precio inmejorable. Una excelente adici\u00f3n a cualquier colecci\u00f3n de juguetes, nuestro potenciador de conejito vibrador el\u00e1stico est\u00e1 dise\u00f1ado para mejorar y estimular para obtener la m\u00e1xima satisfacci\u00f3n. El placer ser\u00e1 todo tuyo, con este anillo vibrador rosa para el pene.<\/p>\n<p>El potenciador est\u00e1 hecho de TPR s\u00faper c\u00f3modo, con el microestimulador extra\u00edble y reutilizable hecho de ABS con revestimiento met\u00e1lico, tendr\u00e1s una experiencia incre\u00edblemente satisfactoria que es a la vez segura y s\u00faper estimulante. Nuestro potenciador de conejito vibrador el\u00e1stico Basic Essentials est\u00e1 fabricado de forma duradera y ofrece lo \u00faltimo en comodidad sensual. Hecho para el placer y la seguridad, complacer\u00e1 a su pareja y agregar\u00e1 m\u00e1s emoci\u00f3n a su propia experiencia en el dormitorio. Nuestro potenciador Basic Essentials Stretchy Vibrating Bunny le proporcionar\u00e1 la emoci\u00f3n que desea a un precio inmejorable.<\/p>\n<p>Entonces, \u00bfpor qu\u00e9 esperar? El Bunny Enhancer est\u00e1 listo para que entre en acci\u00f3n.<\/p>\n<p>Caracter\u00edsticas:<br \/>\nColor: rosa<br \/>\nMateriales: Elast\u00f3mero termopl\u00e1stico (TPE), Pl\u00e1stico ABS \/ Revestimiento met\u00e1lico, libre de ftalatos<br \/>\nFuente de alimentaci\u00f3n: 3 pilas de reloj (incluidas)<br \/>\nResistente al agua (no sumergible)<br \/>\nMedidas 2.25 &#8220;x 2.75&#8221; \/ 5.75cm x 7cm (Anillo)<br \/>\nPeso a granel: 1.2 (oz) \/ 0.03 (kg) | Paquete: 5.6 (oz) \/ 0.16 (kg)<br \/>\nPaquete 2 x 4,5 x 7,25 (pulgadas) \/ 5 x 11,5 x 18,5 (cm)<\/p>\n","protected":false},"excerpt":{"rendered":"<h2 class=\"ui-pdp-specs__title\">Caracter\u00edsticas principales<\/h2>\n<div class=\"ui-pdp-specs__table\">\n<table class=\"andes-table\">\n<tbody class=\"andes-table__body\">\n<tr class=\"andes-table__row\">\n<th class=\"andes-table__header andes-table__header--left ui-pdp-specs__table__column ui-pdp-specs__table__column-title\">Marca<\/th>\n<td class=\"andes-table__column andes-table__column--left ui-pdp-specs__table__column\"><span class=\"andes-table__column--value\">California Exotic<\/span><\/td>\n<\/tr>\n<tr class=\"andes-table__row\">\n<th class=\"andes-table__header andes-table__header--left ui-pdp-specs__table__column ui-pdp-specs__table__column-title\">Modelo<\/th>\n<td class=\"andes-table__column andes-table__column--left ui-pdp-specs__table__column\"><span class=\"andes-table__column--value\">Funda para pene vibradora conejo b\u00e1sica<\/span><\/td>\n<\/tr>\n<tr class=\"andes-table__row\">\n<th class=\"andes-table__header andes-table__header--left ui-pdp-specs__table__column ui-pdp-specs__table__column-title\">Color<\/th>\n<td class=\"andes-table__column andes-table__column--left ui-pdp-specs__table__column\"><span class=\"andes-table__column--value\">Rosa<\/span><\/td>\n<\/tr>\n<\/tbody>\n<\/table>\n<\/div>\n<h3 class=\"ui-pdp-specs__subtitle\">Otras caracter\u00edsticas<\/h3>\n<div class=\"ui-pdp-list ui-pdp-specs__list\">\n<ul class=\"ui-pdp-list__wrapper\">\n<li class=\"ui-pdp-list__item\">\n<p class=\"ui-pdp-family--REGULAR ui-pdp-list__text\"><span class=\"ui-pdp-color--BLACK ui-pdp-size--XSMALL ui-pdp-family--BOLD\">Largo total<\/span>: 6 cm<\/p>\n<\/li>\n<li class=\"ui-pdp-list__item\">\n<p class=\"ui-pdp-family--REGULAR ui-pdp-list__text\"><span class=\"ui-pdp-color--BLACK ui-pdp-size--XSMALL ui-pdp-family--BOLD\">Di\u00e1metro de la funda peniana<\/span>: 3 cm<\/p>\n<\/li>\n<\/ul>\n<ul class=\"ui-pdp-list__wrapper\">\n<li class=\"ui-pdp-list__item\">\n<p class=\"ui-pdp-family--REGULAR ui-pdp-list__text\"><span class=\"ui-pdp-color--BLACK ui-pdp-size--XSMALL ui-pdp-family--BOLD\">Material<\/span>: TPE + ABS<\/p>\n<\/li>\n<li class=\"ui-pdp-list__item\">\n<p class=\"ui-pdp-family--REGULAR ui-pdp-list__text\"><span class=\"ui-pdp-color--BLACK ui-pdp-size--XSMALL ui-pdp-family--BOLD\">Incluye vibrador<\/span>: S\u00ed<\/p>\n<\/li>\n<\/ul>\n<\/div>\n","protected":false},"featured_media":2309,"comment_status":"open","ping_status":"closed","template":"","meta":[],"product_cat":[19],"product_tag":[],"_links":{"self":[{"href":"https:\/\/plumbuss.com\/index.php?rest_route=\/wp\/v2\/product\/2308"}],"collection":[{"href":"https:\/\/plumbuss.com\/index.php?rest_route=\/wp\/v2\/product"}],"about":[{"href":"https:\/\/plumbuss.com\/index.php?rest_route=\/wp\/v2\/types\/product"}],"replies":[{"embeddable":true,"href":"https:\/\/plumbuss.com\/index.php?rest_route=%2Fwp%2Fv2%2Fcomments&post=2308"}],"wp:featuredmedia":[{"embeddable":true,"href":"https:\/\/plumbuss.com\/index.php?rest_route=\/wp\/v2\/media\/2309"}],"wp:attachment":[{"href":"https:\/\/plumbuss.com\/index.php?rest_route=%2Fwp%2Fv2%2Fmedia&parent=2308"}],"wp:term":[{"taxonomy":"product_cat","embeddable":true,"href":"https:\/\/plumbuss.com\/index.php?rest_route=%2Fwp%2Fv2%2Fproduct_cat&post=2308"},{"taxonomy":"product_tag","embeddable":true,"href":"https:\/\/plumbuss.com\/index.php?rest_route=%2Fwp%2Fv2%2Fproduct_tag&post=2308"}],"curies":[{"name":"wp","href":"https:\/\/api.w.org\/{rel}","templated":true}]}}