{"id":2298,"date":"2021-12-03T04:43:47","date_gmt":"2021-12-03T04:43:47","guid":{"rendered":"https:\/\/plumbuss.com\/?post_type=product&#038;p=2298"},"modified":"2025-03-01T01:09:07","modified_gmt":"2025-03-01T01:09:07","slug":"limpiador-desinfectante-para-juguetes-toy-cleaner-refresh-2","status":"publish","type":"product","link":"https:\/\/plumbuss.com\/?product=limpiador-desinfectante-para-juguetes-toy-cleaner-refresh-2","title":{"rendered":"Limpiador\/desinfectante Para Juguetes Toy Cleaner Refresh"},"content":{"rendered":"<p>MANT\u00c9N TUS JUGUETES LIMPIOS CON UN SUAVE OLOR A FRESA<\/p>\n<p>Los juguetes sexuales si no son limpiados de la manera adecuada pueden favorecer a la formaci\u00f3n de bacterias u hongos que pueden poner en riesgo tu salud.<\/p>\n<p>Refresh Toy Cleaner es un l\u00edquido limpiador tipo spray dise\u00f1ado para mantener tus productos de placer limpios y seguros. Puede usarse todos los dias sin da\u00f1ar tu juguete.<\/p>\n<p>Instrucciones:<\/p>\n<p>Retire las bater\u00edas antes de limpiar sus juguetes (solo aquellos que usen bater\u00edas). Roc\u00ede el limpiador sobre toda la superficie y limpie con un pa\u00f1o h\u00famedo, enjuague bien y seque.<\/p>\n","protected":false},"excerpt":{"rendered":"<h2 class=\"ui-pdp-specs__title\">Caracter\u00edsticas principales<\/h2>\n<div class=\"ui-pdp-specs__table\">\n<table class=\"andes-table\">\n<tbody class=\"andes-table__body\">\n<tr class=\"andes-table__row\">\n<th class=\"andes-table__header andes-table__header--left ui-pdp-specs__table__column ui-pdp-specs__table__column-title\">Marca<\/th>\n<td class=\"andes-table__column andes-table__column--left ui-pdp-specs__table__column\"><span class=\"andes-table__column--value\">SUNNY SIDE UP<\/span><\/td>\n<\/tr>\n<tr class=\"andes-table__row\">\n<th class=\"andes-table__header andes-table__header--left ui-pdp-specs__table__column ui-pdp-specs__table__column-title\">Modelo<\/th>\n<td class=\"andes-table__column andes-table__column--left ui-pdp-specs__table__column\"><span class=\"andes-table__column--value\">REFRESH<\/span><\/td>\n<\/tr>\n<tr class=\"andes-table__row\">\n<th class=\"andes-table__header andes-table__header--left ui-pdp-specs__table__column ui-pdp-specs__table__column-title\">Formato del limpiador<\/th>\n<td class=\"andes-table__column andes-table__column--left ui-pdp-specs__table__column\"><span class=\"andes-table__column--value\">Spray<\/span><\/td>\n<\/tr>\n<tr class=\"andes-table__row\">\n<th class=\"andes-table__header andes-table__header--left ui-pdp-specs__table__column ui-pdp-specs__table__column-title\">Volumen de la unidad<\/th>\n<td class=\"andes-table__column andes-table__column--left ui-pdp-specs__table__column\"><span class=\"andes-table__column--value\">4 fl oz<\/span><\/td>\n<\/tr>\n<\/tbody>\n<\/table>\n<\/div>\n<h3 class=\"ui-pdp-specs__subtitle\">Otras caracter\u00edsticas<\/h3>\n<div class=\"ui-pdp-list ui-pdp-specs__list\">\n<ul class=\"ui-pdp-list__wrapper\">\n<li class=\"ui-pdp-list__item\">\n<p class=\"ui-pdp-family--REGULAR ui-pdp-list__text\"><span class=\"ui-pdp-color--BLACK ui-pdp-size--XSMALL ui-pdp-family--BOLD\">Con alcohol<\/span>: No<\/p>\n<\/li>\n<li class=\"ui-pdp-list__item\">\n<p class=\"ui-pdp-family--REGULAR ui-pdp-list__text\"><span class=\"ui-pdp-color--BLACK ui-pdp-size--XSMALL ui-pdp-family--BOLD\">Es inflamable<\/span>: No<\/p>\n<\/li>\n<\/ul>\n<\/div>\n","protected":false},"featured_media":2299,"comment_status":"open","ping_status":"closed","template":"","meta":[],"product_cat":[53],"product_tag":[],"_links":{"self":[{"href":"https:\/\/plumbuss.com\/index.php?rest_route=\/wp\/v2\/product\/2298"}],"collection":[{"href":"https:\/\/plumbuss.com\/index.php?rest_route=\/wp\/v2\/product"}],"about":[{"href":"https:\/\/plumbuss.com\/index.php?rest_route=\/wp\/v2\/types\/product"}],"replies":[{"embeddable":true,"href":"https:\/\/plumbuss.com\/index.php?rest_route=%2Fwp%2Fv2%2Fcomments&post=2298"}],"wp:featuredmedia":[{"embeddable":true,"href":"https:\/\/plumbuss.com\/index.php?rest_route=\/wp\/v2\/media\/2299"}],"wp:attachment":[{"href":"https:\/\/plumbuss.com\/index.php?rest_route=%2Fwp%2Fv2%2Fmedia&parent=2298"}],"wp:term":[{"taxonomy":"product_cat","embeddable":true,"href":"https:\/\/plumbuss.com\/index.php?rest_route=%2Fwp%2Fv2%2Fproduct_cat&post=2298"},{"taxonomy":"product_tag","embeddable":true,"href":"https:\/\/plumbuss.com\/index.php?rest_route=%2Fwp%2Fv2%2Fproduct_tag&post=2298"}],"curies":[{"name":"wp","href":"https:\/\/api.w.org\/{rel}","templated":true}]}}