{"id":2283,"date":"2021-12-03T04:38:07","date_gmt":"2021-12-03T04:38:07","guid":{"rendered":"https:\/\/plumbuss.com\/?post_type=product&#038;p=2283"},"modified":"2022-02-09T21:54:31","modified_gmt":"2022-02-09T21:54:31","slug":"juego-anal-cola-extra-larga-de-zorro-con-orejas-horquilla","status":"publish","type":"product","link":"https:\/\/plumbuss.com\/?product=juego-anal-cola-extra-larga-de-zorro-con-orejas-horquilla","title":{"rendered":"Juego Anal Cola Extra Larga De Zorro Con Orejas Horquilla"},"content":{"rendered":"<p>TODO LISTO PARA SER UNA LINDA ZORRITA<\/p>\n<p>Este juego incluye un par de orejas esponjosas y una diadema delgada de color a juego con la cola, las orejas puedes usarlas solas gracias a su broche, o con la diadema. La cola de 80 cm de largo esta elaborada en material sintetico pero es esponjosa, adem\u00e1s de contar con un plug anal de acero inoxidable de 7cm de largo por 2.8 cm de diametro, de punta conica que facilita la inserci\u00f3n. La cola cuenta con un liston largo para poder adornarla con un mo\u00f1o y darle un toque mas coqueto (La cola solo incluye 1 list\u00f3n de 90cm que puede ser rosa p\u00e1lido, palo de rosa o lila dependiendo el lote), y las orejas tiene un par de mo\u00f1os con cascabeles.<\/p>\n<p>Medidas:<br \/>\nCola: 80 cm de largo total (70-72cm es de cola)<br \/>\nPlug Anal: 7cm x 2.8cm<br \/>\nOrejas: Diadema standard adulto, Orejas 8cm de base x 10 cm de alto (punto medio)<\/p>\n","protected":false},"excerpt":{"rendered":"<h2 class=\"ui-pdp-specs__title\">Caracter\u00edsticas principales<\/h2>\n<div class=\"ui-pdp-specs__table\">\n<table class=\"andes-table\">\n<tbody class=\"andes-table__body\">\n<tr class=\"andes-table__row\">\n<th class=\"andes-table__header andes-table__header--left ui-pdp-specs__table__column ui-pdp-specs__table__column-title\">Marca<\/th>\n<td class=\"andes-table__column andes-table__column--left ui-pdp-specs__table__column\"><span class=\"andes-table__column--value\">PLUMBUSS<\/span><\/td>\n<\/tr>\n<tr class=\"andes-table__row\">\n<th class=\"andes-table__header andes-table__header--left ui-pdp-specs__table__column ui-pdp-specs__table__column-title\">Modelo<\/th>\n<td class=\"andes-table__column andes-table__column--left ui-pdp-specs__table__column\"><span class=\"andes-table__column--value\">ZORRO LARGO CON OREJAS<\/span><\/td>\n<\/tr>\n<\/tbody>\n<\/table>\n<\/div>\n<h3 class=\"ui-pdp-specs__subtitle\">Otras caracter\u00edsticas<\/h3>\n<div class=\"ui-pdp-list ui-pdp-specs__list\">\n<ul class=\"ui-pdp-list__wrapper\">\n<li class=\"ui-pdp-list__item\">\n<p class=\"ui-pdp-family--REGULAR ui-pdp-list__text\"><span class=\"ui-pdp-color--BLACK ui-pdp-size--XSMALL ui-pdp-family--BOLD\">Material<\/span>: Acero inoxidable<\/p>\n<\/li>\n<li class=\"ui-pdp-list__item\">\n<p class=\"ui-pdp-family--REGULAR ui-pdp-list__text\"><span class=\"ui-pdp-color--BLACK ui-pdp-size--XSMALL ui-pdp-family--BOLD\">Largo x Ancho<\/span>: 7 cm x 2.8 cm<\/p>\n<\/li>\n<\/ul>\n<ul class=\"ui-pdp-list__wrapper\">\n<li class=\"ui-pdp-list__item\">\n<p class=\"ui-pdp-family--REGULAR ui-pdp-list__text\"><span class=\"ui-pdp-color--BLACK ui-pdp-size--XSMALL ui-pdp-family--BOLD\">Vibraci\u00f3n<\/span>: No<\/p>\n<\/li>\n<\/ul>\n<\/div>\n","protected":false},"featured_media":2293,"comment_status":"open","ping_status":"closed","template":"","meta":[],"product_cat":[25],"product_tag":[],"_links":{"self":[{"href":"https:\/\/plumbuss.com\/index.php?rest_route=\/wp\/v2\/product\/2283"}],"collection":[{"href":"https:\/\/plumbuss.com\/index.php?rest_route=\/wp\/v2\/product"}],"about":[{"href":"https:\/\/plumbuss.com\/index.php?rest_route=\/wp\/v2\/types\/product"}],"replies":[{"embeddable":true,"href":"https:\/\/plumbuss.com\/index.php?rest_route=%2Fwp%2Fv2%2Fcomments&post=2283"}],"wp:featuredmedia":[{"embeddable":true,"href":"https:\/\/plumbuss.com\/index.php?rest_route=\/wp\/v2\/media\/2293"}],"wp:attachment":[{"href":"https:\/\/plumbuss.com\/index.php?rest_route=%2Fwp%2Fv2%2Fmedia&parent=2283"}],"wp:term":[{"taxonomy":"product_cat","embeddable":true,"href":"https:\/\/plumbuss.com\/index.php?rest_route=%2Fwp%2Fv2%2Fproduct_cat&post=2283"},{"taxonomy":"product_tag","embeddable":true,"href":"https:\/\/plumbuss.com\/index.php?rest_route=%2Fwp%2Fv2%2Fproduct_tag&post=2283"}],"curies":[{"name":"wp","href":"https:\/\/api.w.org\/{rel}","templated":true}]}}