{"id":2275,"date":"2021-12-03T04:31:46","date_gmt":"2021-12-03T04:31:46","guid":{"rendered":"https:\/\/plumbuss.com\/?post_type=product&#038;p=2275"},"modified":"2022-04-01T07:05:15","modified_gmt":"2022-04-01T07:05:15","slug":"kit-plug-zorro-y-plug-conejo-de-silicon-con-orejas","status":"publish","type":"product","link":"https:\/\/plumbuss.com\/?product=kit-plug-zorro-y-plug-conejo-de-silicon-con-orejas","title":{"rendered":"Kit Plug Zorro Y Plug Conejo De Silicon Con Orejas"},"content":{"rendered":"<p>CON ESTE KIT YA NO TENDRAS QUE ELEGIR<\/p>\n<p>\u00bfQu\u00e9 te gustar\u00eda usar hoy, la cola de zorro o la cola de conejo? Un kit que combina una cola de zorro con plug de silic\u00f3n chico en color rosa y con una tierna huellita de pelaje suave y esponjoso bicolor, con un lindo list\u00f3n para dar un toque coqueto y tierno. La cola de conejo, tambi\u00e9n un plug anal peque\u00f1o de silic\u00f3n con una cola esponjosa y suave de color rosa, con un lindo list\u00f3n brindando ese toque extra. Las orejas son rosas con el centro blanco, lo que hace que combine perfecto con la colita que elijas.<\/p>\n<p>Medidas:<\/p>\n<p>Largo total Cola de Zorro: 47 cm largo total ( 40cm de cola + 7 cm de plug)<br \/>\nLargo total Cola Conejo: 17-20 cm (10 a 13 cm de cola + 7cm de Plug)<br \/>\nPlug: 7cm de largo x 2.7cm de ancho (porci\u00f3n mas gruesa)<\/p>\n","protected":false},"excerpt":{"rendered":"<h2 class=\"ui-pdp-specs__title\">Caracter\u00edsticas principales<\/h2>\n<div class=\"ui-pdp-specs__table\">\n<table class=\"andes-table\">\n<tbody class=\"andes-table__body\">\n<tr class=\"andes-table__row\">\n<th class=\"andes-table__header andes-table__header--left ui-pdp-specs__table__column ui-pdp-specs__table__column-title\">Marca<\/th>\n<td class=\"andes-table__column andes-table__column--left ui-pdp-specs__table__column\"><span class=\"andes-table__column--value\">PLUMBUSS<\/span><\/td>\n<\/tr>\n<tr class=\"andes-table__row\">\n<th class=\"andes-table__header andes-table__header--left ui-pdp-specs__table__column ui-pdp-specs__table__column-title\">Modelo<\/th>\n<td class=\"andes-table__column andes-table__column--left ui-pdp-specs__table__column\"><span class=\"andes-table__column--value\">MIX ZORRO Y CONEJO PLUG SILICON<\/span><\/td>\n<\/tr>\n<tr class=\"andes-table__row\">\n<th class=\"andes-table__header andes-table__header--left ui-pdp-specs__table__column ui-pdp-specs__table__column-title\">Color<\/th>\n<td class=\"andes-table__column andes-table__column--left ui-pdp-specs__table__column\"><span class=\"andes-table__column--value\">Rosa<\/span><\/td>\n<\/tr>\n<\/tbody>\n<\/table>\n<\/div>\n<h3 class=\"ui-pdp-specs__subtitle\">Otras caracter\u00edsticas<\/h3>\n<div class=\"ui-pdp-list ui-pdp-specs__list\">\n<ul class=\"ui-pdp-list__wrapper\">\n<li class=\"ui-pdp-list__item\">\n<p class=\"ui-pdp-family--REGULAR ui-pdp-list__text\"><span class=\"ui-pdp-color--BLACK ui-pdp-size--XSMALL ui-pdp-family--BOLD\">Material<\/span>: Silicon Grado Medico + Pelo Sintetico<\/p>\n<\/li>\n<li class=\"ui-pdp-list__item\">\n<p class=\"ui-pdp-family--REGULAR ui-pdp-list__text\"><span class=\"ui-pdp-color--BLACK ui-pdp-size--XSMALL ui-pdp-family--BOLD\">Largo x Ancho<\/span>: 7 cm x 2.8 cm<\/p>\n<\/li>\n<\/ul>\n<ul class=\"ui-pdp-list__wrapper\">\n<li class=\"ui-pdp-list__item\">\n<p class=\"ui-pdp-family--REGULAR ui-pdp-list__text\"><span class=\"ui-pdp-color--BLACK ui-pdp-size--XSMALL ui-pdp-family--BOLD\">Vibraci\u00f3n<\/span>: No<\/p>\n<\/li>\n<\/ul>\n<\/div>\n","protected":false},"featured_media":2474,"comment_status":"open","ping_status":"closed","template":"","meta":[],"product_cat":[25],"product_tag":[],"_links":{"self":[{"href":"https:\/\/plumbuss.com\/index.php?rest_route=\/wp\/v2\/product\/2275"}],"collection":[{"href":"https:\/\/plumbuss.com\/index.php?rest_route=\/wp\/v2\/product"}],"about":[{"href":"https:\/\/plumbuss.com\/index.php?rest_route=\/wp\/v2\/types\/product"}],"replies":[{"embeddable":true,"href":"https:\/\/plumbuss.com\/index.php?rest_route=%2Fwp%2Fv2%2Fcomments&post=2275"}],"wp:featuredmedia":[{"embeddable":true,"href":"https:\/\/plumbuss.com\/index.php?rest_route=\/wp\/v2\/media\/2474"}],"wp:attachment":[{"href":"https:\/\/plumbuss.com\/index.php?rest_route=%2Fwp%2Fv2%2Fmedia&parent=2275"}],"wp:term":[{"taxonomy":"product_cat","embeddable":true,"href":"https:\/\/plumbuss.com\/index.php?rest_route=%2Fwp%2Fv2%2Fproduct_cat&post=2275"},{"taxonomy":"product_tag","embeddable":true,"href":"https:\/\/plumbuss.com\/index.php?rest_route=%2Fwp%2Fv2%2Fproduct_tag&post=2275"}],"curies":[{"name":"wp","href":"https:\/\/api.w.org\/{rel}","templated":true}]}}