{"id":2263,"date":"2021-11-29T19:19:33","date_gmt":"2021-11-29T19:19:33","guid":{"rendered":"https:\/\/plumbuss.com\/?post_type=product&#038;p=2263"},"modified":"2021-11-29T19:19:33","modified_gmt":"2021-11-29T19:19:33","slug":"vibrador-con-estimulacion-de-clitoris-doble","status":"publish","type":"product","link":"https:\/\/plumbuss.com\/?product=vibrador-con-estimulacion-de-clitoris-doble","title":{"rendered":"Vibrador Con Estimulacion De Clitoris Doble"},"content":{"rendered":"<p>UN VIBRADOR SUPER ESTIMULADOR DE CLITORIS<\/p>\n<p>Este vibrador cuenta con los 3 grandes favoritos de los juguetes sexuales, por un extremo un vibrador ligeramente curvo con m\u00faltiples impresiones tipo onda en una de sus caras para mayor placer con un motor potente, con la longitud perfecta para penetrar y alcanzar a darte el placer que deseas, y por el otro extremo, un estimulador de cl\u00edtoris tipo succionador (vibraci\u00f3n de onda puls\u00e1til) y en el centro, la cereza del pastel, una leng\u00fceta en el centro con 5 tipos de lamido.<\/p>\n<p>Caracter\u00edsticas:<\/p>\n<p>Material: Silicon + ABS<br \/>\nMedidas: 17.5 cm (largo Insertable 11-13 cm) * 3.5 cm * 3.1 cm *1.4 cm<br \/>\nPeso: 200 gr<br \/>\nFrecuencias: 10 modalidades de vibraci\u00f3n y 5 de succi\u00f3n<br \/>\nA prueba de agua tipo IPX5 (no sumergir a mas de 1m de profundidad ni mojar por mas de 30 minutos)<br \/>\nTiempo de Carga: 2 horas<br \/>\nTiempo de Uso: 1.5 horas<\/p>\n","protected":false},"excerpt":{"rendered":"<h2 class=\"ui-pdp-specs__title\">Caracter\u00edsticas principales<\/h2>\n<div class=\"ui-pdp-specs__table\">\n<table class=\"andes-table\">\n<tbody class=\"andes-table__body\">\n<tr class=\"andes-table__row\">\n<th class=\"andes-table__header andes-table__header--left ui-pdp-specs__table__column ui-pdp-specs__table__column-title\">Marca<\/th>\n<td class=\"andes-table__column andes-table__column--left ui-pdp-specs__table__column\"><span class=\"andes-table__column--value\">Mengqi<\/span><\/td>\n<\/tr>\n<tr class=\"andes-table__row\">\n<th class=\"andes-table__header andes-table__header--left ui-pdp-specs__table__column ui-pdp-specs__table__column-title\">Modelo<\/th>\n<td class=\"andes-table__column andes-table__column--left ui-pdp-specs__table__column\"><span class=\"andes-table__column--value\">Vibrador Succionador con Lengueta<\/span><\/td>\n<\/tr>\n<\/tbody>\n<\/table>\n<\/div>\n<h3 class=\"ui-pdp-specs__subtitle\">Otras caracter\u00edsticas<\/h3>\n<div class=\"ui-pdp-list ui-pdp-specs__list\">\n<ul class=\"ui-pdp-list__wrapper\">\n<li class=\"ui-pdp-list__item\">\n<p class=\"ui-pdp-family--REGULAR ui-pdp-list__text\"><span class=\"ui-pdp-color--BLACK ui-pdp-size--XSMALL ui-pdp-family--BOLD\">Tipo de vibrador<\/span>: Punto G<\/p>\n<\/li>\n<li class=\"ui-pdp-list__item\">\n<p class=\"ui-pdp-family--REGULAR ui-pdp-list__text\"><span class=\"ui-pdp-color--BLACK ui-pdp-size--XSMALL ui-pdp-family--BOLD\">Largo<\/span>: 17.5 cm<\/p>\n<\/li>\n<\/ul>\n<ul class=\"ui-pdp-list__wrapper\">\n<li class=\"ui-pdp-list__item\">\n<p class=\"ui-pdp-family--REGULAR ui-pdp-list__text\"><span class=\"ui-pdp-color--BLACK ui-pdp-size--XSMALL ui-pdp-family--BOLD\">Di\u00e1metro<\/span>: 3.1 cm<\/p>\n<\/li>\n<li class=\"ui-pdp-list__item\">\n<p class=\"ui-pdp-family--REGULAR ui-pdp-list__text\"><span class=\"ui-pdp-color--BLACK ui-pdp-size--XSMALL ui-pdp-family--BOLD\">Tipo de alimentaci\u00f3n<\/span>: Recargable<\/p>\n<\/li>\n<\/ul>\n<ul class=\"ui-pdp-list__wrapper\">\n<li class=\"ui-pdp-list__item\">\n<p class=\"ui-pdp-family--REGULAR ui-pdp-list__text\"><span class=\"ui-pdp-color--BLACK ui-pdp-size--XSMALL ui-pdp-family--BOLD\">Material<\/span>: Silicona<\/p>\n<\/li>\n<li class=\"ui-pdp-list__item\">\n<p class=\"ui-pdp-family--REGULAR ui-pdp-list__text\"><span class=\"ui-pdp-color--BLACK ui-pdp-size--XSMALL ui-pdp-family--BOLD\">Cantidad de velocidades<\/span>: 10<\/p>\n<\/li>\n<\/ul>\n<\/div>\n","protected":false},"featured_media":2270,"comment_status":"open","ping_status":"closed","template":"","meta":[],"product_cat":[51],"product_tag":[60,24,47],"_links":{"self":[{"href":"https:\/\/plumbuss.com\/index.php?rest_route=\/wp\/v2\/product\/2263"}],"collection":[{"href":"https:\/\/plumbuss.com\/index.php?rest_route=\/wp\/v2\/product"}],"about":[{"href":"https:\/\/plumbuss.com\/index.php?rest_route=\/wp\/v2\/types\/product"}],"replies":[{"embeddable":true,"href":"https:\/\/plumbuss.com\/index.php?rest_route=%2Fwp%2Fv2%2Fcomments&post=2263"}],"wp:featuredmedia":[{"embeddable":true,"href":"https:\/\/plumbuss.com\/index.php?rest_route=\/wp\/v2\/media\/2270"}],"wp:attachment":[{"href":"https:\/\/plumbuss.com\/index.php?rest_route=%2Fwp%2Fv2%2Fmedia&parent=2263"}],"wp:term":[{"taxonomy":"product_cat","embeddable":true,"href":"https:\/\/plumbuss.com\/index.php?rest_route=%2Fwp%2Fv2%2Fproduct_cat&post=2263"},{"taxonomy":"product_tag","embeddable":true,"href":"https:\/\/plumbuss.com\/index.php?rest_route=%2Fwp%2Fv2%2Fproduct_tag&post=2263"}],"curies":[{"name":"wp","href":"https:\/\/api.w.org\/{rel}","templated":true}]}}