{"id":2252,"date":"2021-11-29T19:03:31","date_gmt":"2021-11-29T19:03:31","guid":{"rendered":"https:\/\/plumbuss.com\/?post_type=product&#038;p=2252"},"modified":"2023-08-04T04:34:31","modified_gmt":"2023-08-04T04:34:31","slug":"plug-anal-texturizado-3-en-1","status":"publish","type":"product","link":"https:\/\/plumbuss.com\/?product=plug-anal-texturizado-3-en-1","title":{"rendered":"Plug Anal Texturizado 3 En 1"},"content":{"rendered":"<p>MISMO TAMA\u00d1O, 3 SENSACIONES DIFERENTES<\/p>\n<p>El plug de triple textura es el peque\u00f1o juguete perfecto que le permite a usted o su amante pasar divertirse y experimentar tres texturas diferentes con un mismo juguete. La forma suave contorneada y el material s\u00faper suave se deslizan f\u00e1cilmente sin ninguna molestia y dejar\u00e1n a ambos, a usted y su pareja, m\u00e1s que satisfechos, \u00a1y volver\u00e1n por m\u00e1s!<\/p>\n<p>Elaborado en material seguro para el cuerpo, de acabado sedoso y satinado que se vuelve resbaladizo cuando agrega su lubricante a base de agua favorito y tiene un tiempo h\u00famedo y salvaje.<\/p>\n<p>Cuenta con tres formas unidas y un anillo en la parte media para poder sujetarlo de forma sencilla. Un extremo suave, liso y semi redondo, otro extremo tipo bellota y otro extremo tipo cuentas chinas (para las medidas revisar las im\u00e1genes)<\/p>\n<p>No se recomienda su uso con lubricantes de silicona.<\/p>\n<p>Despu\u00e9s del uso, lave cuidadosamente el juguete con agua y jab\u00f3n suave o pruebe el limpiador de juguetes para una limpieza a\u00fan m\u00e1s r\u00e1pida. Guarde este juguete separado de otros juguetes sexuales.<\/p>\n<p>Forma flexible<br \/>\n3 Texturas Diferentes<br \/>\nBulbo c\u00f3nico<br \/>\nCuerpo seguro<\/p>\n","protected":false},"excerpt":{"rendered":"<h2 class=\"ui-pdp-specs__title\">Caracter\u00edsticas principales<\/h2>\n<div class=\"ui-pdp-specs__table\">\n<table class=\"andes-table\">\n<tbody class=\"andes-table__body\">\n<tr class=\"andes-table__row\">\n<th class=\"andes-table__header andes-table__header--left ui-pdp-specs__table__column ui-pdp-specs__table__column-title\">Marca<\/th>\n<td class=\"andes-table__column andes-table__column--left ui-pdp-specs__table__column\"><span class=\"andes-table__column--value\">PLUMBUSS<\/span><\/td>\n<\/tr>\n<tr class=\"andes-table__row\">\n<th class=\"andes-table__header andes-table__header--left ui-pdp-specs__table__column ui-pdp-specs__table__column-title\">Modelo<\/th>\n<td class=\"andes-table__column andes-table__column--left ui-pdp-specs__table__column\"><span class=\"andes-table__column--value\">PLUG 3 EN 1<\/span><\/td>\n<\/tr>\n<\/tbody>\n<\/table>\n<\/div>\n<h3 class=\"ui-pdp-specs__subtitle\">Otras caracter\u00edsticas<\/h3>\n<div class=\"ui-pdp-list ui-pdp-specs__list\">\n<ul class=\"ui-pdp-list__wrapper\">\n<li class=\"ui-pdp-list__item\">\n<p class=\"ui-pdp-family--REGULAR ui-pdp-list__text\"><span class=\"ui-pdp-color--BLACK ui-pdp-size--XSMALL ui-pdp-family--BOLD\">Material<\/span>: SILICON GRADO MEDICO<\/p>\n<\/li>\n<li class=\"ui-pdp-list__item\">\n<p class=\"ui-pdp-family--REGULAR ui-pdp-list__text\"><span class=\"ui-pdp-color--BLACK ui-pdp-size--XSMALL ui-pdp-family--BOLD\">Largo x Ancho<\/span>: 12 cm x 3.5 cm<\/p>\n<\/li>\n<\/ul>\n<ul class=\"ui-pdp-list__wrapper\">\n<li class=\"ui-pdp-list__item\">\n<p class=\"ui-pdp-family--REGULAR ui-pdp-list__text\"><span class=\"ui-pdp-color--BLACK ui-pdp-size--XSMALL ui-pdp-family--BOLD\">Vibraci\u00f3n<\/span>: No<\/p>\n<\/li>\n<\/ul>\n<\/div>\n","protected":false},"featured_media":2253,"comment_status":"open","ping_status":"closed","template":"","meta":[],"product_cat":[35,66],"product_tag":[50,27,45,37,36,64],"_links":{"self":[{"href":"https:\/\/plumbuss.com\/index.php?rest_route=\/wp\/v2\/product\/2252"}],"collection":[{"href":"https:\/\/plumbuss.com\/index.php?rest_route=\/wp\/v2\/product"}],"about":[{"href":"https:\/\/plumbuss.com\/index.php?rest_route=\/wp\/v2\/types\/product"}],"replies":[{"embeddable":true,"href":"https:\/\/plumbuss.com\/index.php?rest_route=%2Fwp%2Fv2%2Fcomments&post=2252"}],"wp:featuredmedia":[{"embeddable":true,"href":"https:\/\/plumbuss.com\/index.php?rest_route=\/wp\/v2\/media\/2253"}],"wp:attachment":[{"href":"https:\/\/plumbuss.com\/index.php?rest_route=%2Fwp%2Fv2%2Fmedia&parent=2252"}],"wp:term":[{"taxonomy":"product_cat","embeddable":true,"href":"https:\/\/plumbuss.com\/index.php?rest_route=%2Fwp%2Fv2%2Fproduct_cat&post=2252"},{"taxonomy":"product_tag","embeddable":true,"href":"https:\/\/plumbuss.com\/index.php?rest_route=%2Fwp%2Fv2%2Fproduct_tag&post=2252"}],"curies":[{"name":"wp","href":"https:\/\/api.w.org\/{rel}","templated":true}]}}