{"id":223,"date":"2021-08-15T19:21:03","date_gmt":"2021-08-15T19:21:03","guid":{"rendered":"https:\/\/plumbuss.com\/?post_type=product&#038;p=223"},"modified":"2025-03-01T01:18:43","modified_gmt":"2025-03-01T01:18:43","slug":"bolas-anales-rosario-chino","status":"publish","type":"product","link":"https:\/\/plumbuss.com\/?product=bolas-anales-rosario-chino","title":{"rendered":"Bolas Anales\/Rosario Chino"},"content":{"rendered":"<p>BOLAS CHINAS DE SILICONA<\/p>\n<p>Est\u00e1s buscando un nuevo juguete para estimulaci\u00f3n anal, estas bolas chinas son perfectas para ti. Elaborado de material grado m\u00e9dico con tacto suave , compuesto de 6 partes con forma c\u00f3nica con 3 di\u00e1metros diferentes, con un tope tipo anillo para poder retirarlo de forma suave.<\/p>\n","protected":false},"excerpt":{"rendered":"<p>Material: Silicon Grado Medico<\/p>\n<p>Medidas:<\/p>\n<p>Largo Total: 16 cm<\/p>\n<p>Bola Peque\u00f1a: 1.3 cm<\/p>\n<p>Bola Grande: 2.5 cm<\/p>\n<p>Peso: 45 gramos<\/p>\n","protected":false},"featured_media":224,"comment_status":"open","ping_status":"closed","template":"","meta":[],"product_cat":[35],"product_tag":[27,37,36],"_links":{"self":[{"href":"https:\/\/plumbuss.com\/index.php?rest_route=\/wp\/v2\/product\/223"}],"collection":[{"href":"https:\/\/plumbuss.com\/index.php?rest_route=\/wp\/v2\/product"}],"about":[{"href":"https:\/\/plumbuss.com\/index.php?rest_route=\/wp\/v2\/types\/product"}],"replies":[{"embeddable":true,"href":"https:\/\/plumbuss.com\/index.php?rest_route=%2Fwp%2Fv2%2Fcomments&post=223"}],"wp:featuredmedia":[{"embeddable":true,"href":"https:\/\/plumbuss.com\/index.php?rest_route=\/wp\/v2\/media\/224"}],"wp:attachment":[{"href":"https:\/\/plumbuss.com\/index.php?rest_route=%2Fwp%2Fv2%2Fmedia&parent=223"}],"wp:term":[{"taxonomy":"product_cat","embeddable":true,"href":"https:\/\/plumbuss.com\/index.php?rest_route=%2Fwp%2Fv2%2Fproduct_cat&post=223"},{"taxonomy":"product_tag","embeddable":true,"href":"https:\/\/plumbuss.com\/index.php?rest_route=%2Fwp%2Fv2%2Fproduct_tag&post=223"}],"curies":[{"name":"wp","href":"https:\/\/api.w.org\/{rel}","templated":true}]}}