{"id":2148,"date":"2021-10-24T16:18:58","date_gmt":"2021-10-24T16:18:58","guid":{"rendered":"https:\/\/plumbuss.com\/?post_type=product&#038;p=2148"},"modified":"2024-03-23T19:21:58","modified_gmt":"2024-03-23T19:21:58","slug":"strap-on-sin-arnes-suave-con-vibrador-a-control-remoto","status":"publish","type":"product","link":"https:\/\/plumbuss.com\/?product=strap-on-sin-arnes-suave-con-vibrador-a-control-remoto","title":{"rendered":"Strap On Sin Arnes Suave Con Vibrador A Control Remoto"},"content":{"rendered":"<p>UN STRAP ON SUAVE Y POTENTE<\/p>\n<p>Un extra para jugar con tu pareja!! Elaborado en un material grado medico suave al tacto y resiste al agua, cuenta con dos extremos, que te permiten disfrutar junto con tu pareja las vibraciones intensas. Es un strap on maleable, por lo que tambi\u00e9n puedes hacer uso de el como si fuera una herradura.<\/p>\n<p>Un extremo es realista, cabeza suave y redondeada con impresi\u00f3n venosa.<\/p>\n<p>Otro extremo, es delgado con una cabeza tipo champi\u00f1\u00f3n e impresiones tipo anillo para estimular la pared interna.<\/p>\n<p>En la parte media, un motor peque\u00f1ito, pero potente, que agregara algo extra al juego.<\/p>\n<p>Lo mejor es que cada extremo cuenta con su propio motor, usa el control remoto y no te distraigas.<\/p>\n<p>El strap on es recargable (cable incluido)<br \/>\nEl control remoto usa una pila tipo bot\u00f3n (incluida) y NO es resistente al agua.<br \/>\nCompatible con m\u00faltiples arn\u00e9s (importante medir el aro del arn\u00e9s)<\/p>\n<p>**Permite margen de error en las medidas de +\/- 1 cm**<\/p>\n","protected":false},"excerpt":{"rendered":"<h2 class=\"ui-pdp-specs__title\">Caracter\u00edsticas principales<\/h2>\n<div class=\"ui-pdp-specs__table\">\n<table class=\"andes-table\">\n<tbody class=\"andes-table__body\">\n<tr class=\"andes-table__row\">\n<th class=\"andes-table__header andes-table__header--left ui-pdp-specs__table__column ui-pdp-specs__table__column-title\">Marca<\/th>\n<td class=\"andes-table__column andes-table__column--left ui-pdp-specs__table__column\"><span class=\"andes-table__column--value\">PLUMBUSS<\/span><\/td>\n<\/tr>\n<tr class=\"andes-table__row\">\n<th class=\"andes-table__header andes-table__header--left ui-pdp-specs__table__column ui-pdp-specs__table__column-title\">Modelo<\/th>\n<td class=\"andes-table__column andes-table__column--left ui-pdp-specs__table__column\"><span class=\"andes-table__column--value\">DILDO SUAVE CON VIBRADOR Y CONTROL<\/span><\/td>\n<\/tr>\n<\/tbody>\n<\/table>\n<\/div>\n<h3 class=\"ui-pdp-specs__subtitle\">Otras caracter\u00edsticas<\/h3>\n<div class=\"ui-pdp-list ui-pdp-specs__list\">\n<ul class=\"ui-pdp-list__wrapper\">\n<li class=\"ui-pdp-list__item\">\n<p class=\"ui-pdp-family--REGULAR ui-pdp-list__text\"><span class=\"ui-pdp-color--BLACK ui-pdp-size--XSMALL ui-pdp-family--BOLD\">Largo<\/span>: 30 cm<\/p>\n<\/li>\n<li class=\"ui-pdp-list__item\">\n<p class=\"ui-pdp-family--REGULAR ui-pdp-list__text\"><span class=\"ui-pdp-color--BLACK ui-pdp-size--XSMALL ui-pdp-family--BOLD\">Tiene vibraci\u00f3n<\/span>: S\u00ed<\/p>\n<\/li>\n<\/ul>\n<ul class=\"ui-pdp-list__wrapper\">\n<li class=\"ui-pdp-list__item\">\n<p class=\"ui-pdp-family--REGULAR ui-pdp-list__text\"><span class=\"ui-pdp-color--BLACK ui-pdp-size--XSMALL ui-pdp-family--BOLD\">Material del dildo<\/span>: Silicon + ABS<\/p>\n<\/li>\n<\/ul>\n<\/div>\n","protected":false},"featured_media":2155,"comment_status":"open","ping_status":"closed","template":"","meta":[],"product_cat":[43],"product_tag":[58,34,33,45],"_links":{"self":[{"href":"https:\/\/plumbuss.com\/index.php?rest_route=\/wp\/v2\/product\/2148"}],"collection":[{"href":"https:\/\/plumbuss.com\/index.php?rest_route=\/wp\/v2\/product"}],"about":[{"href":"https:\/\/plumbuss.com\/index.php?rest_route=\/wp\/v2\/types\/product"}],"replies":[{"embeddable":true,"href":"https:\/\/plumbuss.com\/index.php?rest_route=%2Fwp%2Fv2%2Fcomments&post=2148"}],"wp:featuredmedia":[{"embeddable":true,"href":"https:\/\/plumbuss.com\/index.php?rest_route=\/wp\/v2\/media\/2155"}],"wp:attachment":[{"href":"https:\/\/plumbuss.com\/index.php?rest_route=%2Fwp%2Fv2%2Fmedia&parent=2148"}],"wp:term":[{"taxonomy":"product_cat","embeddable":true,"href":"https:\/\/plumbuss.com\/index.php?rest_route=%2Fwp%2Fv2%2Fproduct_cat&post=2148"},{"taxonomy":"product_tag","embeddable":true,"href":"https:\/\/plumbuss.com\/index.php?rest_route=%2Fwp%2Fv2%2Fproduct_tag&post=2148"}],"curies":[{"name":"wp","href":"https:\/\/api.w.org\/{rel}","templated":true}]}}