{"id":2097,"date":"2021-10-04T21:04:25","date_gmt":"2021-10-04T21:04:25","guid":{"rendered":"https:\/\/plumbuss.com\/?post_type=product&#038;p=2097"},"modified":"2023-03-16T21:25:27","modified_gmt":"2023-03-16T21:25:27","slug":"vigorizante-femenino-kangaroo-venus-3000-intenso","status":"publish","type":"product","link":"https:\/\/plumbuss.com\/?product=vigorizante-femenino-kangaroo-venus-3000-intenso","title":{"rendered":"Vigorizante Femenino Kangaroo Venus 3000 Intenso"},"content":{"rendered":"<p>Venus 3000<\/p>\n<p>Tama\u00f1o de la porci\u00f3n: 1 tableta. Porciones por paquete 1<\/p>\n<p>Intense Kangaroo Venus 3000 para mujeres est\u00e1 dise\u00f1ado para aumentar la sensibilidad, el rendimiento, el placer sexual y la confianza. crear\u00e1 m\u00e1s lubricaci\u00f3n vaginal y orgasmos m\u00e1s potentes para aumentar el placer de usted y de su pareja.<\/p>\n<p>DESCRIPCI\u00d3N:<br \/>\nTome hasta 1 tableta al menos 30 minutos antes de tener relaciones sexuales. NO tome m\u00e1s de 1 tableta en 2 d\u00edas<\/p>\n<p>La mezcla premium de Kangaroo ha sido dise\u00f1ada cient\u00edficamente para que las mujeres aumenten el placer y el rendimiento. Kangaroo est\u00e1 formulado para promover la lubricaci\u00f3n vaginal y mejorar los orgasmos m\u00e1s prolongados y frecuentes.<\/p>\n<p>DIRECCIONES:<\/p>\n<p>Tome 1 tableta &#8211; 1 tableta para mujeres o seg\u00fan las indicaciones 30 minutos antes de la actividad sexual.<br \/>\nBeba al menos 16 onzas de agua al tomar la tableta.<br \/>\nLos efectos se activan cuando se produce la estimulaci\u00f3n f\u00edsica y pueden durar hasta 72 horas.<br \/>\nNo tome m\u00e1s de 1 tableta en 48 horas.<\/p>\n<p>PRECAUCIONES:<\/p>\n<p>Utilizar s\u00f3lo seg\u00fan las indicaciones. No tome este producto si ha consumido alg\u00fan otro medicamento en las \u00faltimas 12 horas.<br \/>\nNo use este producto si tiene condiciones m\u00e9dicas graves o ha tomado medicamentos recetados. Sobre todo si contienen nitratos.<br \/>\nNo use este producto si tiene una afecci\u00f3n card\u00edaca o presi\u00f3n arterial alta.<br \/>\nSuspenda el uso de este producto si tiene alg\u00fan signo de dificultad para respirar o irregularidad card\u00edaca.<br \/>\nSiempre consulte con un profesional m\u00e9dico antes de tomar este o cualquier otro producto.<br \/>\nNo apto para mujeres embarazadas.<br \/>\nNo apto para ni\u00f1os y menores.<br \/>\nMantener fuera del alcance de los ni\u00f1os.<br \/>\nReembolso de vuelta<br \/>\nLea nuestra pol\u00edtica de devoluciones.<br \/>\nHechos suplementarios:<br \/>\nTama\u00f1o de la porci\u00f3n: 1 tableta<br \/>\nMezcla patentada 3000 mg *<br \/>\nIngredientes:<br \/>\nRa\u00edz de Ashwagandha, Tribulus Terrestris,<br \/>\nExtracto de hierba de cabra en celo, ra\u00edz de maca,<br \/>\nPanax ginseng, BioPerine Complex,<br \/>\nComplejo de isoflavonas de soja, L-tirosina,<br \/>\nL-histidina, colina, dimetilglicina, NADH<\/p>\n<p>Este producto no est\u00e1 destinado a diagnosticar, tratar, curar o prevenir ninguna enfermedad.<\/p>\n<p>Advertencia:<br \/>\nMANTENER FUERA DEL ALCANCE DE LOS NI\u00d1OS.<br \/>\nDebe tener al menos 18 a\u00f1os para usar este producto.<br \/>\nConsulte con un profesional de la salud calificado antes de tomar este producto.<br \/>\nNo apto para mujeres embarazadas.<br \/>\nNo usar si tiene problemas card\u00edacos o presi\u00f3n arterial alta.<\/p>\n","protected":false},"excerpt":{"rendered":"<div class=\"ui-pdp-specs__table\">\n<table class=\"andes-table\">\n<tbody class=\"andes-table__body\">\n<tr class=\"andes-table__row\">\n<th class=\"andes-table__header andes-table__header--left ui-pdp-specs__table__column ui-pdp-specs__table__column-title\">Marca<\/th>\n<td class=\"andes-table__column andes-table__column--left ui-pdp-specs__table__column\"><span class=\"andes-table__column--value\">Kangaroo<\/span><\/td>\n<\/tr>\n<tr class=\"andes-table__row\">\n<th class=\"andes-table__header andes-table__header--left ui-pdp-specs__table__column ui-pdp-specs__table__column-title\">Modelo<\/th>\n<td class=\"andes-table__column andes-table__column--left ui-pdp-specs__table__column\"><span class=\"andes-table__column--value\">Venus 3000 Ella<\/span><\/td>\n<\/tr>\n<tr class=\"andes-table__row\">\n<th class=\"andes-table__header andes-table__header--left ui-pdp-specs__table__column ui-pdp-specs__table__column-title\">Formato del estimulante<\/th>\n<td class=\"andes-table__column andes-table__column--left ui-pdp-specs__table__column\"><span class=\"andes-table__column--value\">P\u00edldora<\/span><\/td>\n<\/tr>\n<tr class=\"andes-table__row\">\n<th class=\"andes-table__header andes-table__header--left ui-pdp-specs__table__column ui-pdp-specs__table__column-title\">Unidades por envase<\/th>\n<td class=\"andes-table__column andes-table__column--left ui-pdp-specs__table__column\"><span class=\"andes-table__column--value\">1<\/span><\/td>\n<\/tr>\n<\/tbody>\n<\/table>\n<\/div>\n<h3 class=\"ui-pdp-specs__subtitle\">Otras caracter\u00edsticas<\/h3>\n<div class=\"ui-pdp-list ui-pdp-specs__list\">\n<ul class=\"ui-pdp-list__wrapper\">\n<li class=\"ui-pdp-list__item\">\n<p class=\"ui-pdp-family--REGULAR ui-pdp-list__text\"><span class=\"ui-pdp-color--BLACK ui-pdp-size--XSMALL ui-pdp-family--BOLD\">G\u00e9nero<\/span>: Mujer<\/p>\n<\/li>\n<li class=\"ui-pdp-list__item\">\n<p class=\"ui-pdp-family--REGULAR ui-pdp-list__text\"><span class=\"ui-pdp-color--BLACK ui-pdp-size--XSMALL ui-pdp-family--BOLD\">Duraci\u00f3n del efecto<\/span>: 72 h<\/p>\n<\/li>\n<\/ul>\n<ul class=\"ui-pdp-list__wrapper\">\n<li class=\"ui-pdp-list__item\">\n<p class=\"ui-pdp-family--REGULAR ui-pdp-list__text\"><span class=\"ui-pdp-color--BLACK ui-pdp-size--XSMALL ui-pdp-family--BOLD\">Dosis sugerida<\/span>: 1<\/p>\n<\/li>\n<\/ul>\n<\/div>\n","protected":false},"featured_media":2099,"comment_status":"open","ping_status":"closed","template":"","meta":[],"product_cat":[22],"product_tag":[24],"_links":{"self":[{"href":"https:\/\/plumbuss.com\/index.php?rest_route=\/wp\/v2\/product\/2097"}],"collection":[{"href":"https:\/\/plumbuss.com\/index.php?rest_route=\/wp\/v2\/product"}],"about":[{"href":"https:\/\/plumbuss.com\/index.php?rest_route=\/wp\/v2\/types\/product"}],"replies":[{"embeddable":true,"href":"https:\/\/plumbuss.com\/index.php?rest_route=%2Fwp%2Fv2%2Fcomments&post=2097"}],"wp:featuredmedia":[{"embeddable":true,"href":"https:\/\/plumbuss.com\/index.php?rest_route=\/wp\/v2\/media\/2099"}],"wp:attachment":[{"href":"https:\/\/plumbuss.com\/index.php?rest_route=%2Fwp%2Fv2%2Fmedia&parent=2097"}],"wp:term":[{"taxonomy":"product_cat","embeddable":true,"href":"https:\/\/plumbuss.com\/index.php?rest_route=%2Fwp%2Fv2%2Fproduct_cat&post=2097"},{"taxonomy":"product_tag","embeddable":true,"href":"https:\/\/plumbuss.com\/index.php?rest_route=%2Fwp%2Fv2%2Fproduct_tag&post=2097"}],"curies":[{"name":"wp","href":"https:\/\/api.w.org\/{rel}","templated":true}]}}