{"id":2086,"date":"2021-10-04T21:01:35","date_gmt":"2021-10-04T21:01:35","guid":{"rendered":"https:\/\/plumbuss.com\/?post_type=product&#038;p=2086"},"modified":"2023-03-16T20:31:42","modified_gmt":"2023-03-16T20:31:42","slug":"arnes-strap-on-dildo-sin-circuncision-7-pulgadas-king-cock","status":"publish","type":"product","link":"https:\/\/plumbuss.com\/?product=arnes-strap-on-dildo-sin-circuncision-7-pulgadas-king-cock","title":{"rendered":"Arn\u00e9s\/strap-on Dildo Sin Circuncisi\u00f3n 7 Pulgadas King Cock"},"content":{"rendered":"<p>UN GRAN COMPA\u00d1ERO PARA EL JUEGO EN PAREJA (LEA LA DESCRIPCION)<\/p>\n<p>Cuando desee una experiencia de correa incre\u00edblemente realista, este King Cock sin cortar con arn\u00e9s de correa cumplir\u00e1 su fantas\u00eda con un prepucio m\u00f3vil realista que se desliza hacia atr\u00e1s como una verdadera polla sin cortar.<\/p>\n<p>El eje flexible y el prepucio est\u00e1n exquisitamente hechos a mano para proporcionar sensaciones intensamente estimulantes. La base ancha de la ventosa se ajusta perfectamente al arn\u00e9s para un ajuste seguro e incluso se puede usar sin el arn\u00e9s * adherirlo a cualquier superficie lisa y plana para divertirse golpeando la pared.<\/p>\n<p>Fabricado en las instalaciones de fabricaci\u00f3n de caucho de \u00faltima generaci\u00f3n de Pipedream. El arn\u00e9s de vinilo de alta resistencia mantiene todo de forma segura en su lugar incluso cuando la acci\u00f3n se intensifica. El dise\u00f1o que se ajusta a la forma abraza los contornos de su cuerpo y se vuelve a\u00fan m\u00e1s suave y m\u00e1s ajustado con cada uso. Con una correa de tanga completamente ajustable y correas para la cintura, se ajusta c\u00f3modamente a cinturas de hasta 52 &#8220;. Las hebillas met\u00e1licas del cintur\u00f3n aseguran que no se suelte durante la diversi\u00f3n, mientras que las correas de velcro sujetan la junta t\u00f3rica de forma segura en su lugar.<\/p>\n<p>L\u00edmpielo con limpiador de juguetes y agua tibia y d\u00e9jelo secar plano.<\/p>\n<p>Caracter\u00edsticas:<\/p>\n<p>Arn\u00e9s: Elaborado con Nylon, Vinil, Metal, Pl\u00e1stico y Silic\u00f3n (sin polomo, sin n\u00edquel, sin cadmio)<br \/>\nIncluye 3 aros de silic\u00f3n para ajustar dildos compatibles con arn\u00e9s<br \/>\nSe ajusta hasta una cintura de 132.08 cm (52&#8221; m\u00e1ximo)<\/p>\n<p>Dildo: PVC libre de ftalatos, color flesh (las venas moradas son ilustrativas), con ventosa.<br \/>\nLargo Insertable: 17.8 cm (7 Pulgadas)<br \/>\nDi\u00e1metro Total: 4.6 cm (1.8 Pulgadas)<br \/>\nIncluye 1 ampolleta de lubricante y 1 ampolleta de limpiador<\/p>\n","protected":false},"excerpt":{"rendered":"<div class=\"ui-pdp-specs__table\">\n<table class=\"andes-table\">\n<tbody class=\"andes-table__body\">\n<tr class=\"andes-table__row\">\n<th class=\"andes-table__header andes-table__header--left ui-pdp-specs__table__column ui-pdp-specs__table__column-title\">Marca<\/th>\n<td class=\"andes-table__column andes-table__column--left ui-pdp-specs__table__column\"><span class=\"andes-table__column--value\">Pipedream<\/span><\/td>\n<\/tr>\n<tr class=\"andes-table__row\">\n<th class=\"andes-table__header andes-table__header--left ui-pdp-specs__table__column ui-pdp-specs__table__column-title\">Modelo<\/th>\n<td class=\"andes-table__column andes-table__column--left ui-pdp-specs__table__column\"><span class=\"andes-table__column--value\">Strap-on King Cock Sin Circuncisi\u00f3n<\/span><\/td>\n<\/tr>\n<tr class=\"andes-table__row\">\n<th class=\"andes-table__header andes-table__header--left ui-pdp-specs__table__column ui-pdp-specs__table__column-title\">Color<\/th>\n<td class=\"andes-table__column andes-table__column--left ui-pdp-specs__table__column\"><span class=\"andes-table__column--value\">Flesh<\/span><\/td>\n<\/tr>\n<\/tbody>\n<\/table>\n<\/div>\n<h3 class=\"ui-pdp-specs__subtitle\">Otras caracter\u00edsticas<\/h3>\n<div class=\"ui-pdp-list ui-pdp-specs__list\">\n<ul class=\"ui-pdp-list__wrapper\">\n<li class=\"ui-pdp-list__item\">\n<p class=\"ui-pdp-family--REGULAR ui-pdp-list__text\"><span class=\"ui-pdp-color--BLACK ui-pdp-size--XSMALL ui-pdp-family--BOLD\">Largo<\/span>: 17 cm<\/p>\n<\/li>\n<li class=\"ui-pdp-list__item\">\n<p class=\"ui-pdp-family--REGULAR ui-pdp-list__text\"><span class=\"ui-pdp-color--BLACK ui-pdp-size--XSMALL ui-pdp-family--BOLD\">Tiene vibraci\u00f3n<\/span>: No<\/p>\n<\/li>\n<\/ul>\n<ul class=\"ui-pdp-list__wrapper\">\n<li class=\"ui-pdp-list__item\">\n<p class=\"ui-pdp-family--REGULAR ui-pdp-list__text\"><span class=\"ui-pdp-color--BLACK ui-pdp-size--XSMALL ui-pdp-family--BOLD\">Material del dildo<\/span>: PVC<\/p>\n<\/li>\n<li class=\"ui-pdp-list__item\">\n<p class=\"ui-pdp-family--REGULAR ui-pdp-list__text\"><span class=\"ui-pdp-color--BLACK ui-pdp-size--XSMALL ui-pdp-family--BOLD\">Cantidad de dildos<\/span>: 1<\/p>\n<\/li>\n<\/ul>\n<ul class=\"ui-pdp-list__wrapper\">\n<li class=\"ui-pdp-list__item\">\n<p class=\"ui-pdp-family--REGULAR ui-pdp-list__text\"><span class=\"ui-pdp-color--BLACK ui-pdp-size--XSMALL ui-pdp-family--BOLD\">Di\u00e1metro<\/span>: 4.6 cm<\/p>\n<\/li>\n<\/ul>\n<\/div>\n","protected":false},"featured_media":2088,"comment_status":"open","ping_status":"closed","template":"","meta":[],"product_cat":[66,43],"product_tag":[58,34,33,45,64],"_links":{"self":[{"href":"https:\/\/plumbuss.com\/index.php?rest_route=\/wp\/v2\/product\/2086"}],"collection":[{"href":"https:\/\/plumbuss.com\/index.php?rest_route=\/wp\/v2\/product"}],"about":[{"href":"https:\/\/plumbuss.com\/index.php?rest_route=\/wp\/v2\/types\/product"}],"replies":[{"embeddable":true,"href":"https:\/\/plumbuss.com\/index.php?rest_route=%2Fwp%2Fv2%2Fcomments&post=2086"}],"wp:featuredmedia":[{"embeddable":true,"href":"https:\/\/plumbuss.com\/index.php?rest_route=\/wp\/v2\/media\/2088"}],"wp:attachment":[{"href":"https:\/\/plumbuss.com\/index.php?rest_route=%2Fwp%2Fv2%2Fmedia&parent=2086"}],"wp:term":[{"taxonomy":"product_cat","embeddable":true,"href":"https:\/\/plumbuss.com\/index.php?rest_route=%2Fwp%2Fv2%2Fproduct_cat&post=2086"},{"taxonomy":"product_tag","embeddable":true,"href":"https:\/\/plumbuss.com\/index.php?rest_route=%2Fwp%2Fv2%2Fproduct_tag&post=2086"}],"curies":[{"name":"wp","href":"https:\/\/api.w.org\/{rel}","templated":true}]}}