{"id":2067,"date":"2021-10-04T20:48:32","date_gmt":"2021-10-04T20:48:32","guid":{"rendered":"https:\/\/plumbuss.com\/?post_type=product&#038;p=2067"},"modified":"2025-09-26T23:26:16","modified_gmt":"2025-09-26T23:26:16","slug":"enema-unisex-ducha-dos-cabezas","status":"publish","type":"product","link":"https:\/\/plumbuss.com\/?product=enema-unisex-ducha-dos-cabezas","title":{"rendered":"Enema Unisex Ducha Dos Cabezas"},"content":{"rendered":"<p>MAYOR NIVEL DE HIGIENE DE FORMA SENCILLA Y SEGURA<\/p>\n<p>El Ultimate Douche\u2122 es un poderoso sistema de ducha anal reutilizable. El potente sistema incluye una botella, una punta de aplicador deslizante y sonda multidireccional. La punta elegante y delgada te permite una limpieza c\u00f3moda, mientras que la punta multidireccional brinda una estimulaci\u00f3n divertida para aquellos que buscan una limpieza m\u00e1s profunda. Control\u00e1 sin esfuerzo el flujo de agua y la estimulaci\u00f3n con esta botella de presi\u00f3n.<\/p>\n<p>Caracter\u00edsticas:<\/p>\n<p>Volumen: 162 ml \/ 5.5 Onzas<br \/>\n2 Cabezales intercambiables<br \/>\nMaterial: Polietileno<br \/>\nImpermeable<br \/>\nSeguro al cuerpo<br \/>\nLIbre de ftalatos<\/p>\n<p>Medidas:<br \/>\nSondas 8,5 cm y 9 cm<br \/>\nRecipiente 9 cm x 7 cm<\/p>\n","protected":false},"excerpt":{"rendered":"<h2 class=\"ui-pdp-specs__title\">Caracter\u00edsticas principales<\/h2>\n<div class=\"ui-pdp-specs__table\">\n<table class=\"andes-table\">\n<tbody class=\"andes-table__body\">\n<tr class=\"andes-table__row\">\n<th class=\"andes-table__header andes-table__header--left ui-pdp-specs__table__column ui-pdp-specs__table__column-title\">Marca<\/th>\n<td class=\"andes-table__column andes-table__column--left ui-pdp-specs__table__column\"><span class=\"andes-table__column--value\">California Exotic<\/span><\/td>\n<\/tr>\n<tr class=\"andes-table__row\">\n<th class=\"andes-table__header andes-table__header--left ui-pdp-specs__table__column ui-pdp-specs__table__column-title\">Modelo<\/th>\n<td class=\"andes-table__column andes-table__column--left ui-pdp-specs__table__column\"><span class=\"andes-table__column--value\">ULTIMATE DOUCHE<\/span><\/td>\n<\/tr>\n<\/tbody>\n<\/table>\n<\/div>\n<h3 class=\"ui-pdp-specs__subtitle\">Otras caracter\u00edsticas<\/h3>\n<div class=\"ui-pdp-list ui-pdp-specs__list\">\n<ul class=\"ui-pdp-list__wrapper\">\n<li class=\"ui-pdp-list__item\">\n<p class=\"ui-pdp-family--REGULAR ui-pdp-list__text\"><span class=\"ui-pdp-color--BLACK ui-pdp-size--XSMALL ui-pdp-family--BOLD\">Material<\/span>: Polietileno<\/p>\n<\/li>\n<li class=\"ui-pdp-list__item\">\n<p class=\"ui-pdp-family--REGULAR ui-pdp-list__text\"><span class=\"ui-pdp-color--BLACK ui-pdp-size--XSMALL ui-pdp-family--BOLD\">Largo total<\/span>: 18 cm<\/p>\n<\/li>\n<\/ul>\n<ul class=\"ui-pdp-list__wrapper\">\n<li class=\"ui-pdp-list__item\">\n<p class=\"ui-pdp-family--REGULAR ui-pdp-list__text\"><span class=\"ui-pdp-color--BLACK ui-pdp-size--XSMALL ui-pdp-family--BOLD\">Di\u00e1metro m\u00e1ximo<\/span>: 1.25 cm<\/p>\n<\/li>\n<li class=\"ui-pdp-list__item\">\n<p class=\"ui-pdp-family--REGULAR ui-pdp-list__text\"><span class=\"ui-pdp-color--BLACK ui-pdp-size--XSMALL ui-pdp-family--BOLD\">Capacidad en volumen<\/span>: 162 mL<\/p>\n<\/li>\n<\/ul>\n<\/div>\n","protected":false},"featured_media":3328,"comment_status":"open","ping_status":"closed","template":"","meta":[],"product_cat":[62],"product_tag":[27],"_links":{"self":[{"href":"https:\/\/plumbuss.com\/index.php?rest_route=\/wp\/v2\/product\/2067"}],"collection":[{"href":"https:\/\/plumbuss.com\/index.php?rest_route=\/wp\/v2\/product"}],"about":[{"href":"https:\/\/plumbuss.com\/index.php?rest_route=\/wp\/v2\/types\/product"}],"replies":[{"embeddable":true,"href":"https:\/\/plumbuss.com\/index.php?rest_route=%2Fwp%2Fv2%2Fcomments&post=2067"}],"wp:featuredmedia":[{"embeddable":true,"href":"https:\/\/plumbuss.com\/index.php?rest_route=\/wp\/v2\/media\/3328"}],"wp:attachment":[{"href":"https:\/\/plumbuss.com\/index.php?rest_route=%2Fwp%2Fv2%2Fmedia&parent=2067"}],"wp:term":[{"taxonomy":"product_cat","embeddable":true,"href":"https:\/\/plumbuss.com\/index.php?rest_route=%2Fwp%2Fv2%2Fproduct_cat&post=2067"},{"taxonomy":"product_tag","embeddable":true,"href":"https:\/\/plumbuss.com\/index.php?rest_route=%2Fwp%2Fv2%2Fproduct_tag&post=2067"}],"curies":[{"name":"wp","href":"https:\/\/api.w.org\/{rel}","templated":true}]}}