{"id":1797,"date":"2021-09-22T22:47:25","date_gmt":"2021-09-22T22:47:25","guid":{"rendered":"https:\/\/plumbuss.com\/?post_type=product&#038;p=1797"},"modified":"2023-11-15T00:32:46","modified_gmt":"2023-11-15T00:32:46","slug":"dildo-sin-circuncision-masturbable-con-testiculos-y-ventosa","status":"publish","type":"product","link":"https:\/\/plumbuss.com\/?product=dildo-sin-circuncision-masturbable-con-testiculos-y-ventosa","title":{"rendered":"Dildo Sin Circuncisi\u00f3n Masturbable Con Testiculos Y Ventosa"},"content":{"rendered":"<p>Obtenga una verdadera satisfacci\u00f3n con nuestro Emperador sin cortes.<\/p>\n<p>Si buscas la experiencia m\u00e1s natural, este incre\u00edble dong lo tiene todo. Esculpido a mano para brindar una apariencia y textura naturales que no tienen paralelo, y dise\u00f1ado con un prepucio realista que se mueve y se despega, es tan realista como placentero.<\/p>\n<p>Desde el hermoso y cuidadosamente detallado prepucio hasta la fuerte base de la ventosa, su imaginaci\u00f3n es el \u00fanico l\u00edmite con este dong PureSkin. Con m\u00e1s de 6 pulgadas, este excitante eje satisfar\u00e1 cualquier deseo. Con una construcci\u00f3n robusta y succi\u00f3n que permite el uso con manos libres, puede explorar cualquier fantas\u00eda, ya sea que est\u00e9 solo o con un compa\u00f1ero.<\/p>\n<p>Elaborado con TPR de alta calidad que est\u00e1 dise\u00f1ado para sentirse como si fuera real, este incre\u00edble dong se siente suave y realista y es tan seguro como completamente satisfactorio. Para la aventura de dormitorio m\u00e1s emocionante y realista, este es el viaje perfecto. Satisface todos los antojos con este dong sensual y bellamente elaborado.<\/p>\n<p>Tendr\u00e1 lo que necesita para obtener justo lo que desea.<\/p>\n<p>Medidas:<\/p>\n<p>Largo Total: 17.25 cm<br \/>\nLargo Insertable: 14 cm<br \/>\nTesticulos: 5.5cm x 5 cm x 6 cm<br \/>\nDi\u00e1metro: 4 cm Circunferencia: 14 cm<br \/>\nPeso: 390 gramos<\/p>\n<p>Permite margen de error de +\/- 1cm<\/p>\n","protected":false},"excerpt":{"rendered":"<div class=\"ui-pdp-specs__table\">\n<table class=\"andes-table\">\n<tbody class=\"andes-table__body\">\n<tr class=\"andes-table__row\">\n<th class=\"andes-table__header andes-table__header--left ui-pdp-specs__table__column ui-pdp-specs__table__column-title\">Marca<\/th>\n<td class=\"andes-table__column andes-table__column--left ui-pdp-specs__table__column\"><span class=\"andes-table__column--value\">CalExotics<\/span><\/td>\n<\/tr>\n<tr class=\"andes-table__row\">\n<th class=\"andes-table__header andes-table__header--left ui-pdp-specs__table__column ui-pdp-specs__table__column-title\">Modelo<\/th>\n<td class=\"andes-table__column andes-table__column--left ui-pdp-specs__table__column\"><span class=\"andes-table__column--value\">UNCUT EMPEROR<\/span><\/td>\n<\/tr>\n<tr class=\"andes-table__row\">\n<th class=\"andes-table__header andes-table__header--left ui-pdp-specs__table__column ui-pdp-specs__table__column-title\">Largo total<\/th>\n<td class=\"andes-table__column andes-table__column--left ui-pdp-specs__table__column\"><span class=\"andes-table__column--value\">17 cm<\/span><\/td>\n<\/tr>\n<tr class=\"andes-table__row\">\n<th class=\"andes-table__header andes-table__header--left ui-pdp-specs__table__column ui-pdp-specs__table__column-title\">Di\u00e1metro<\/th>\n<td class=\"andes-table__column andes-table__column--left ui-pdp-specs__table__column\"><span class=\"andes-table__column--value\">4 cm<\/span><\/td>\n<\/tr>\n<\/tbody>\n<\/table>\n<\/div>\n<h3 class=\"ui-pdp-specs__subtitle\">Otras caracter\u00edsticas<\/h3>\n<div class=\"ui-pdp-list ui-pdp-specs__list\">\n<ul class=\"ui-pdp-list__wrapper\">\n<li class=\"ui-pdp-list__item\">\n<p class=\"ui-pdp-family--REGULAR ui-pdp-list__text\"><span class=\"ui-pdp-color--BLACK ui-pdp-size--XSMALL ui-pdp-family--BOLD\">Forma del dildo<\/span>: Realista<\/p>\n<\/li>\n<li class=\"ui-pdp-list__item\">\n<p class=\"ui-pdp-family--REGULAR ui-pdp-list__text\"><span class=\"ui-pdp-color--BLACK ui-pdp-size--XSMALL ui-pdp-family--BOLD\">Con ventosa<\/span>: S\u00ed<\/p>\n<\/li>\n<\/ul>\n<ul class=\"ui-pdp-list__wrapper\">\n<li class=\"ui-pdp-list__item\">\n<p class=\"ui-pdp-family--REGULAR ui-pdp-list__text\"><span class=\"ui-pdp-color--BLACK ui-pdp-size--XSMALL ui-pdp-family--BOLD\">Es compatible con arn\u00e9s<\/span>: S\u00ed<\/p>\n<\/li>\n<li class=\"ui-pdp-list__item\">\n<p class=\"ui-pdp-family--REGULAR ui-pdp-list__text\"><span class=\"ui-pdp-color--BLACK ui-pdp-size--XSMALL ui-pdp-family--BOLD\">Con test\u00edculos<\/span>: S\u00ed<\/p>\n<\/li>\n<\/ul>\n<\/div>\n","protected":false},"featured_media":1798,"comment_status":"open","ping_status":"closed","template":"","meta":[],"product_cat":[31,66],"product_tag":[58,34,64,44],"_links":{"self":[{"href":"https:\/\/plumbuss.com\/index.php?rest_route=\/wp\/v2\/product\/1797"}],"collection":[{"href":"https:\/\/plumbuss.com\/index.php?rest_route=\/wp\/v2\/product"}],"about":[{"href":"https:\/\/plumbuss.com\/index.php?rest_route=\/wp\/v2\/types\/product"}],"replies":[{"embeddable":true,"href":"https:\/\/plumbuss.com\/index.php?rest_route=%2Fwp%2Fv2%2Fcomments&post=1797"}],"wp:featuredmedia":[{"embeddable":true,"href":"https:\/\/plumbuss.com\/index.php?rest_route=\/wp\/v2\/media\/1798"}],"wp:attachment":[{"href":"https:\/\/plumbuss.com\/index.php?rest_route=%2Fwp%2Fv2%2Fmedia&parent=1797"}],"wp:term":[{"taxonomy":"product_cat","embeddable":true,"href":"https:\/\/plumbuss.com\/index.php?rest_route=%2Fwp%2Fv2%2Fproduct_cat&post=1797"},{"taxonomy":"product_tag","embeddable":true,"href":"https:\/\/plumbuss.com\/index.php?rest_route=%2Fwp%2Fv2%2Fproduct_tag&post=1797"}],"curies":[{"name":"wp","href":"https:\/\/api.w.org\/{rel}","templated":true}]}}