{"id":1789,"date":"2021-09-22T22:43:09","date_gmt":"2021-09-22T22:43:09","guid":{"rendered":"https:\/\/plumbuss.com\/?post_type=product&#038;p=1789"},"modified":"2025-01-30T00:39:37","modified_gmt":"2025-01-30T00:39:37","slug":"juego-plug-de-zorro-de-cola-posable-con-orejas","status":"publish","type":"product","link":"https:\/\/plumbuss.com\/?product=juego-plug-de-zorro-de-cola-posable-con-orejas","title":{"rendered":"Juego Plug De Zorro De Cola Posable Con Orejas"},"content":{"rendered":"<p>TODO LISTO PARA SER UNA LINDA ZORRITA<\/p>\n<p>Este juego incluye un par de orejas esponjosas y una diadema delgada de color a juego con la cola. La cola de 50 cm de largo esta elaborada en material sint\u00e9tico pero es esponjosa, de colores \u00fanicos, nada tradicional; adem\u00e1s de contar con un plug anal de acero inoxidable de 7cm de largo por 2.8 cm de di\u00e1metro, de punta c\u00f3nica que facilita la inserci\u00f3n. Como extra, la cola cuenta con una columna interna que permitir\u00e1 le des la pose que tu quieras!<\/p>\n<p>Medidas:<br \/>\nCola: 57 cm de largo total (49-50 cm es de cola)<br \/>\nPlug Anal: 7cm x 2.8cm<br \/>\nOrejas: Diadema standard adulto, Orejas 8cm de base x 10 cm de alto (punto medio)<\/p>\n<p>***PERMITA UN MARGEN DE ERROR DE +\/-1 CM EN LA LONGITUD DE LA COLA, LOS COLORES PUEDEN VARIAR UN POCO POR EL BRILLO DEL MONITOR***<\/p>\n","protected":false},"excerpt":{"rendered":"<div class=\"ui-pdp-specs__table\">\n<table class=\"andes-table\">\n<tbody class=\"andes-table__body\">\n<tr class=\"andes-table__row\">\n<th class=\"andes-table__header andes-table__header--left ui-pdp-specs__table__column ui-pdp-specs__table__column-title\">Marca<\/th>\n<td class=\"andes-table__column andes-table__column--left ui-pdp-specs__table__column\"><span class=\"andes-table__column--value\">PLUMBUSS<\/span><\/td>\n<\/tr>\n<tr class=\"andes-table__row\">\n<th class=\"andes-table__header andes-table__header--left ui-pdp-specs__table__column ui-pdp-specs__table__column-title\">Modelo<\/th>\n<td class=\"andes-table__column andes-table__column--left ui-pdp-specs__table__column\"><span class=\"andes-table__column--value\">JUEGO ZORRO DE POSE<\/span><\/td>\n<\/tr>\n<\/tbody>\n<\/table>\n<\/div>\n<h3 class=\"ui-pdp-specs__subtitle\">Otras caracter\u00edsticas<\/h3>\n<div class=\"ui-pdp-list ui-pdp-specs__list\">\n<ul class=\"ui-pdp-list__wrapper\">\n<li class=\"ui-pdp-list__item\">\n<p class=\"ui-pdp-family--REGULAR ui-pdp-list__text\"><span class=\"ui-pdp-color--BLACK ui-pdp-size--XSMALL ui-pdp-family--BOLD\">Material<\/span>: ACERO INOXIDABLE \/ PELO DE ZORRO SINTETICO<\/p>\n<\/li>\n<li class=\"ui-pdp-list__item\">\n<p class=\"ui-pdp-family--REGULAR ui-pdp-list__text\"><span class=\"ui-pdp-color--BLACK ui-pdp-size--XSMALL ui-pdp-family--BOLD\">Largo x Ancho<\/span>: 48 cm x 2.8 cm<\/p>\n<\/li>\n<\/ul>\n<ul class=\"ui-pdp-list__wrapper\">\n<li class=\"ui-pdp-list__item\">\n<p class=\"ui-pdp-family--REGULAR ui-pdp-list__text\"><span class=\"ui-pdp-color--BLACK ui-pdp-size--XSMALL ui-pdp-family--BOLD\">Vibraci\u00f3n<\/span>: No<\/p>\n<\/li>\n<\/ul>\n<\/div>\n","protected":false},"featured_media":1795,"comment_status":"open","ping_status":"closed","template":"","meta":[],"product_cat":[25],"product_tag":[26],"_links":{"self":[{"href":"https:\/\/plumbuss.com\/index.php?rest_route=\/wp\/v2\/product\/1789"}],"collection":[{"href":"https:\/\/plumbuss.com\/index.php?rest_route=\/wp\/v2\/product"}],"about":[{"href":"https:\/\/plumbuss.com\/index.php?rest_route=\/wp\/v2\/types\/product"}],"replies":[{"embeddable":true,"href":"https:\/\/plumbuss.com\/index.php?rest_route=%2Fwp%2Fv2%2Fcomments&post=1789"}],"wp:featuredmedia":[{"embeddable":true,"href":"https:\/\/plumbuss.com\/index.php?rest_route=\/wp\/v2\/media\/1795"}],"wp:attachment":[{"href":"https:\/\/plumbuss.com\/index.php?rest_route=%2Fwp%2Fv2%2Fmedia&parent=1789"}],"wp:term":[{"taxonomy":"product_cat","embeddable":true,"href":"https:\/\/plumbuss.com\/index.php?rest_route=%2Fwp%2Fv2%2Fproduct_cat&post=1789"},{"taxonomy":"product_tag","embeddable":true,"href":"https:\/\/plumbuss.com\/index.php?rest_route=%2Fwp%2Fv2%2Fproduct_tag&post=1789"}],"curies":[{"name":"wp","href":"https:\/\/api.w.org\/{rel}","templated":true}]}}