{"id":1774,"date":"2021-09-22T22:35:23","date_gmt":"2021-09-22T22:35:23","guid":{"rendered":"https:\/\/plumbuss.com\/?post_type=product&#038;p=1774"},"modified":"2025-10-02T23:54:15","modified_gmt":"2025-10-02T23:54:15","slug":"anillo-para-pene-estimulador-clitoris-modelo-diablo","status":"publish","type":"product","link":"https:\/\/plumbuss.com\/?product=anillo-para-pene-estimulador-clitoris-modelo-diablo","title":{"rendered":"Anillo Para Pene Estimulador Clitoris Modelo Diablo"},"content":{"rendered":"<p>UN ANILLO DISE\u00d1ADO PARA AYUDARTE A PRENDER LA LLAMA DE LA PASI\u00d3N<\/p>\n<p>La marca OTOUCH es una marca de gran innovaci\u00f3n y calidad, que ha dise\u00f1ado este anillo para pene con el modelo p\u00edcaro de diablo.<\/p>\n<p>Este anillo es suave al tacto, de un tama\u00f1o c\u00f3modo y ligero, a ti como hombre har\u00e1 el efecto de los dem\u00e1s anillos de silicon, ayudar\u00e1 a mantener tu erecci\u00f3n y retrasar la eyaculaci\u00f3n, por la parte de enfrente tiene un dise\u00f1o liso y suave con dos ojos, que se prenden de rojo al encender el vibrador, por la parte trasera, una pared texturizada para estimular de forma directa el cl\u00edtoris, cuenta con 7 frecuencias de vibraci\u00f3n y es resistente al agua.<\/p>\n<p>\u00bfEst\u00e1s listo para probar a este peque\u00f1o diablillo?<\/p>\n<p>Caracter\u00edsticas:<\/p>\n<p>Material: Silicona + ABS<br \/>\nAlimentaci\u00f3n: Bater\u00eda de litio recargable USB<br \/>\nMedidas: Largo total 8 cm, di\u00e1metro total 4.8 cm, di\u00e1metro del anillo 3 cm, largo del anillo 2.5 cm<br \/>\nVibraci\u00f3n: 7 frecuencias<br \/>\nBater\u00eda: 60 minutos de uso con carga completa (dependiendo la frecuencia de vibraci\u00f3n que se use)<br \/>\nResistente al Agua<\/p>\n","protected":false},"excerpt":{"rendered":"<div class=\"ui-pdp-specs__table\">\n<table class=\"andes-table\">\n<tbody class=\"andes-table__body\">\n<tr class=\"andes-table__row\">\n<th class=\"andes-table__header andes-table__header--left ui-pdp-specs__table__column ui-pdp-specs__table__column-title\">Marca<\/th>\n<td class=\"andes-table__column andes-table__column--left ui-pdp-specs__table__column\"><span class=\"andes-table__column--value\">OTOUCH<\/span><\/td>\n<\/tr>\n<tr class=\"andes-table__row\">\n<th class=\"andes-table__header andes-table__header--left ui-pdp-specs__table__column ui-pdp-specs__table__column-title\">Modelo<\/th>\n<td class=\"andes-table__column andes-table__column--left ui-pdp-specs__table__column\"><span class=\"andes-table__column--value\">DIABLO<\/span><\/td>\n<\/tr>\n<\/tbody>\n<\/table>\n<\/div>\n<h3 class=\"ui-pdp-specs__subtitle\">Otras caracter\u00edsticas<\/h3>\n<div class=\"ui-pdp-list ui-pdp-specs__list\">\n<ul class=\"ui-pdp-list__wrapper\">\n<li class=\"ui-pdp-list__item\">\n<p class=\"ui-pdp-family--REGULAR ui-pdp-list__text\"><span class=\"ui-pdp-color--BLACK ui-pdp-size--XSMALL ui-pdp-family--BOLD\">Con vibrador<\/span>: S\u00ed<\/p>\n<\/li>\n<li class=\"ui-pdp-list__item\">\n<p class=\"ui-pdp-family--REGULAR ui-pdp-list__text\"><span class=\"ui-pdp-color--BLACK ui-pdp-size--XSMALL ui-pdp-family--BOLD\">Tipo de anillo para pene<\/span>: Anillo Estimulador de Clitoris<\/p>\n<\/li>\n<\/ul>\n<ul class=\"ui-pdp-list__wrapper\">\n<li class=\"ui-pdp-list__item\">\n<p class=\"ui-pdp-family--REGULAR ui-pdp-list__text\"><span class=\"ui-pdp-color--BLACK ui-pdp-size--XSMALL ui-pdp-family--BOLD\">Material<\/span>: Silicona + ABS<\/p>\n<\/li>\n<li class=\"ui-pdp-list__item\">\n<p class=\"ui-pdp-family--REGULAR ui-pdp-list__text\"><span class=\"ui-pdp-color--BLACK ui-pdp-size--XSMALL ui-pdp-family--BOLD\">Di\u00e1metro del anillo para pene<\/span>: 3 cm<\/p>\n<\/li>\n<\/ul>\n<ul class=\"ui-pdp-list__wrapper\">\n<li class=\"ui-pdp-list__item\">\n<p class=\"ui-pdp-family--REGULAR ui-pdp-list__text\"><span class=\"ui-pdp-color--BLACK ui-pdp-size--XSMALL ui-pdp-family--BOLD\">Largo del dildo<\/span>: 8 cm<\/p>\n<\/li>\n<\/ul>\n<\/div>\n","protected":false},"featured_media":1775,"comment_status":"open","ping_status":"closed","template":"","meta":[],"product_cat":[46,66],"product_tag":[49,33,24,64],"_links":{"self":[{"href":"https:\/\/plumbuss.com\/index.php?rest_route=\/wp\/v2\/product\/1774"}],"collection":[{"href":"https:\/\/plumbuss.com\/index.php?rest_route=\/wp\/v2\/product"}],"about":[{"href":"https:\/\/plumbuss.com\/index.php?rest_route=\/wp\/v2\/types\/product"}],"replies":[{"embeddable":true,"href":"https:\/\/plumbuss.com\/index.php?rest_route=%2Fwp%2Fv2%2Fcomments&post=1774"}],"wp:featuredmedia":[{"embeddable":true,"href":"https:\/\/plumbuss.com\/index.php?rest_route=\/wp\/v2\/media\/1775"}],"wp:attachment":[{"href":"https:\/\/plumbuss.com\/index.php?rest_route=%2Fwp%2Fv2%2Fmedia&parent=1774"}],"wp:term":[{"taxonomy":"product_cat","embeddable":true,"href":"https:\/\/plumbuss.com\/index.php?rest_route=%2Fwp%2Fv2%2Fproduct_cat&post=1774"},{"taxonomy":"product_tag","embeddable":true,"href":"https:\/\/plumbuss.com\/index.php?rest_route=%2Fwp%2Fv2%2Fproduct_tag&post=1774"}],"curies":[{"name":"wp","href":"https:\/\/api.w.org\/{rel}","templated":true}]}}