{"id":1731,"date":"2021-09-22T14:19:54","date_gmt":"2021-09-22T14:19:54","guid":{"rendered":"https:\/\/plumbuss.com\/?post_type=product&#038;p=1731"},"modified":"2023-11-15T00:03:18","modified_gmt":"2023-11-15T00:03:18","slug":"strap-on-sin-arnes-con-control-remoto","status":"publish","type":"product","link":"https:\/\/plumbuss.com\/?product=strap-on-sin-arnes-con-control-remoto","title":{"rendered":"Strap On Sin Arnes Con Control Remoto"},"content":{"rendered":"<p>DIVERSI\u00d3N EN PAREJA GARANTIZADA<\/p>\n<p>Un vibrador pensado para disfrutar en pareja, vibrador de dos cabezas con cada una con motor independiente, que puede usarse bien como vibrador sin arn\u00e9s o bien como vibrador y estimulador. F\u00e1cil de usar con su dise\u00f1o de arco curvado de 45 grados suave y maleable, como extra cuenta con una impresi\u00f3n tipo onda para que con el movimiento quien lleva el mando, tenga una estimulaci\u00f3n extra. Disponible con control remoto, para que puedas hacer cambios de modalidad sin necesidad de tocar el vibrador, listo para usar solo o en pareja.<\/p>\n<p>Olv\u00eddate de las pilas, el control tambi\u00e9n es recargable!!!<\/p>\n<p>Caracter\u00edsticas:<\/p>\n<p>Material: Silicona + ABS<br \/>\nBater\u00eda: Carga USB tipo im\u00e1n (vibrador y control)<br \/>\nMedidas:<br \/>\n*Cabeza 1: Largo total 22 cm (Insertable 12 cm aprox.) di\u00e1metro: 3.3 cm<br \/>\n*Cabeza 2: Largo 7.4 cm, di\u00e1metro: 3.1 cm<br \/>\n*Base: 7.4 cm x 2 cm (angulo)<br \/>\n*Control: 3.2 cm x 7.7 cm<br \/>\nVibraci\u00f3n: 9 modalidades<br \/>\nRuido: &lt;50dB<br \/>\nTiempo de carga: alrededor de 2-3 horas<br \/>\nResistente al agua tipo IPX7 (el control no es a prueba de agua)<\/p>\n<p>Recomendaciones:<\/p>\n<p>Usar con lubricante de base agua.<br \/>\nLavar antes y despu\u00e9s de cada uso<br \/>\nGuardar en un lugar seco y alejado de la luz directa del sol.<br \/>\nCargar la primera vez por completo antes de su uso.<br \/>\nNO usarse mientras se esta cargando.<\/p>\n","protected":false},"excerpt":{"rendered":"<div class=\"ui-pdp-specs__table\">\n<table class=\"andes-table\">\n<tbody class=\"andes-table__body\">\n<tr class=\"andes-table__row\">\n<th class=\"andes-table__header andes-table__header--left ui-pdp-specs__table__column ui-pdp-specs__table__column-title\">Marca<\/th>\n<td class=\"andes-table__column andes-table__column--left ui-pdp-specs__table__column\"><span class=\"andes-table__column--value\">PLUMBUSS<\/span><\/td>\n<\/tr>\n<tr class=\"andes-table__row\">\n<th class=\"andes-table__header andes-table__header--left ui-pdp-specs__table__column ui-pdp-specs__table__column-title\">Modelo<\/th>\n<td class=\"andes-table__column andes-table__column--left ui-pdp-specs__table__column\"><span class=\"andes-table__column--value\">Strap On Control<\/span><\/td>\n<\/tr>\n<\/tbody>\n<\/table>\n<\/div>\n<h3 class=\"ui-pdp-specs__subtitle\">Otras caracter\u00edsticas<\/h3>\n<div class=\"ui-pdp-list ui-pdp-specs__list\">\n<ul class=\"ui-pdp-list__wrapper\">\n<li class=\"ui-pdp-list__item\">\n<p class=\"ui-pdp-family--REGULAR ui-pdp-list__text\"><span class=\"ui-pdp-color--BLACK ui-pdp-size--XSMALL ui-pdp-family--BOLD\">Largo<\/span>: 22 cm<\/p>\n<\/li>\n<li class=\"ui-pdp-list__item\">\n<p class=\"ui-pdp-family--REGULAR ui-pdp-list__text\"><span class=\"ui-pdp-color--BLACK ui-pdp-size--XSMALL ui-pdp-family--BOLD\">Tiene vibraci\u00f3n<\/span>: S\u00ed<\/p>\n<\/li>\n<\/ul>\n<ul class=\"ui-pdp-list__wrapper\">\n<li class=\"ui-pdp-list__item\">\n<p class=\"ui-pdp-family--REGULAR ui-pdp-list__text\"><span class=\"ui-pdp-color--BLACK ui-pdp-size--XSMALL ui-pdp-family--BOLD\">Material del dildo<\/span>: Silicona + ABS<\/p>\n<\/li>\n<li class=\"ui-pdp-list__item\">\n<p class=\"ui-pdp-family--REGULAR ui-pdp-list__text\"><span class=\"ui-pdp-color--BLACK ui-pdp-size--XSMALL ui-pdp-family--BOLD\">Cantidad de dildos<\/span>: 2<\/p>\n<\/li>\n<\/ul>\n<\/div>\n","protected":false},"featured_media":1740,"comment_status":"open","ping_status":"closed","template":"","meta":[],"product_cat":[66,43],"product_tag":[58,45,64,44],"_links":{"self":[{"href":"https:\/\/plumbuss.com\/index.php?rest_route=\/wp\/v2\/product\/1731"}],"collection":[{"href":"https:\/\/plumbuss.com\/index.php?rest_route=\/wp\/v2\/product"}],"about":[{"href":"https:\/\/plumbuss.com\/index.php?rest_route=\/wp\/v2\/types\/product"}],"replies":[{"embeddable":true,"href":"https:\/\/plumbuss.com\/index.php?rest_route=%2Fwp%2Fv2%2Fcomments&post=1731"}],"wp:featuredmedia":[{"embeddable":true,"href":"https:\/\/plumbuss.com\/index.php?rest_route=\/wp\/v2\/media\/1740"}],"wp:attachment":[{"href":"https:\/\/plumbuss.com\/index.php?rest_route=%2Fwp%2Fv2%2Fmedia&parent=1731"}],"wp:term":[{"taxonomy":"product_cat","embeddable":true,"href":"https:\/\/plumbuss.com\/index.php?rest_route=%2Fwp%2Fv2%2Fproduct_cat&post=1731"},{"taxonomy":"product_tag","embeddable":true,"href":"https:\/\/plumbuss.com\/index.php?rest_route=%2Fwp%2Fv2%2Fproduct_tag&post=1731"}],"curies":[{"name":"wp","href":"https:\/\/api.w.org\/{rel}","templated":true}]}}