{"id":1691,"date":"2021-09-22T02:12:58","date_gmt":"2021-09-22T02:12:58","guid":{"rendered":"https:\/\/plumbuss.com\/?post_type=product&#038;p=1691"},"modified":"2022-10-18T21:00:47","modified_gmt":"2022-10-18T21:00:47","slug":"kit-masculino-de-viaje-kit-optimale-potenciador-masculino","status":"publish","type":"product","link":"https:\/\/plumbuss.com\/?product=kit-masculino-de-viaje-kit-optimale-potenciador-masculino","title":{"rendered":"Kit Masculino De Viaje\/kit Optimale\/potenciador Masculino"},"content":{"rendered":"<p>\u00a1Potencia tu vida sexual!<\/p>\n<p>Este kit de cuidado personal de 6 piezas de tama\u00f1o viaje para hombres tiene todo lo que necesita para lograr el m\u00e1ximo rendimiento sexual.<\/p>\n<p>Empiece con la crema de afeitar So Smooth con infusi\u00f3n de manzanilla; luego, mantenga a los ni\u00f1os frescos con la loci\u00f3n So Dry Anti-Chafing, una soluci\u00f3n de loci\u00f3n en polvo que ayuda a prevenir la sudoraci\u00f3n, la adherencia, las rozaduras y el mal olor. Mejora tu tama\u00f1o y poder de permanencia con So Big Plumping Cream y So Hard Delay Cream, y usa el Water-Based Glide para mantener las cosas resbaladizas.<\/p>\n<p>El anillo en vibrante de silicona el\u00e1stico proporciona una estimulaci\u00f3n placentera tanto para usted como para su pareja durante la penetraci\u00f3n, y ayuda al usuario a lograr orgasmos m\u00e1s fuertes y duraderos.<\/p>\n","protected":false},"excerpt":{"rendered":"<div class=\"ui-pdp-specs__table\">\n<table class=\"andes-table\">\n<tbody class=\"andes-table__body\">\n<tr class=\"andes-table__row\">\n<th class=\"andes-table__header andes-table__header--left ui-pdp-specs__table__column ui-pdp-specs__table__column-title\">Marca<\/th>\n<td class=\"andes-table__column andes-table__column--left ui-pdp-specs__table__column\"><span class=\"andes-table__column--value\">Doc Johnson<\/span><\/td>\n<\/tr>\n<tr class=\"andes-table__row\">\n<th class=\"andes-table__header andes-table__header--left ui-pdp-specs__table__column ui-pdp-specs__table__column-title\">Modelo<\/th>\n<td class=\"andes-table__column andes-table__column--left ui-pdp-specs__table__column\"><span class=\"andes-table__column--value\">KIT OPTIMALE<\/span><\/td>\n<\/tr>\n<\/tbody>\n<\/table>\n<\/div>\n<h3 class=\"ui-pdp-specs__subtitle\">Otras caracter\u00edsticas<\/h3>\n<div class=\"ui-pdp-list ui-pdp-specs__list\">\n<ul class=\"ui-pdp-list__wrapper\">\n<li class=\"ui-pdp-list__item\">\n<p class=\"ui-pdp-family--REGULAR ui-pdp-list__text\"><span class=\"ui-pdp-color--BLACK ui-pdp-size--XSMALL ui-pdp-family--BOLD\">Cantidad de piezas por kit<\/span>: 1<\/p>\n<\/li>\n<li class=\"ui-pdp-list__item\">\n<p class=\"ui-pdp-family--REGULAR ui-pdp-list__text\"><span class=\"ui-pdp-color--BLACK ui-pdp-size--XSMALL ui-pdp-family--BOLD\">Piezas incluidas<\/span>: 6<\/p>\n<\/li>\n<\/ul>\n<\/div>\n","protected":false},"featured_media":1693,"comment_status":"open","ping_status":"closed","template":"","meta":[],"product_cat":[66,22],"product_tag":[41,29,24,64],"_links":{"self":[{"href":"https:\/\/plumbuss.com\/index.php?rest_route=\/wp\/v2\/product\/1691"}],"collection":[{"href":"https:\/\/plumbuss.com\/index.php?rest_route=\/wp\/v2\/product"}],"about":[{"href":"https:\/\/plumbuss.com\/index.php?rest_route=\/wp\/v2\/types\/product"}],"replies":[{"embeddable":true,"href":"https:\/\/plumbuss.com\/index.php?rest_route=%2Fwp%2Fv2%2Fcomments&post=1691"}],"wp:featuredmedia":[{"embeddable":true,"href":"https:\/\/plumbuss.com\/index.php?rest_route=\/wp\/v2\/media\/1693"}],"wp:attachment":[{"href":"https:\/\/plumbuss.com\/index.php?rest_route=%2Fwp%2Fv2%2Fmedia&parent=1691"}],"wp:term":[{"taxonomy":"product_cat","embeddable":true,"href":"https:\/\/plumbuss.com\/index.php?rest_route=%2Fwp%2Fv2%2Fproduct_cat&post=1691"},{"taxonomy":"product_tag","embeddable":true,"href":"https:\/\/plumbuss.com\/index.php?rest_route=%2Fwp%2Fv2%2Fproduct_tag&post=1691"}],"curies":[{"name":"wp","href":"https:\/\/api.w.org\/{rel}","templated":true}]}}