{"id":1677,"date":"2021-09-22T02:01:39","date_gmt":"2021-09-22T02:01:39","guid":{"rendered":"https:\/\/plumbuss.com\/?post_type=product&#038;p=1677"},"modified":"2025-06-04T03:37:51","modified_gmt":"2025-06-04T03:37:51","slug":"duchaanal-perilla-punta-intercambiable","status":"publish","type":"product","link":"https:\/\/plumbuss.com\/?product=duchaanal-perilla-punta-intercambiable","title":{"rendered":"DuchaAnal Perilla Punta Intercambiable"},"content":{"rendered":"<p>Limpiador Unisex<\/p>\n<p>Enema es el accesorio perfecto para la limpieza personal para el o para ella.<\/p>\n<p>Aprieta la bombilla sobredimensionada para tomar agua o tu l\u00edquido de limpieza favorito. La boquilla es flexible y se inserta f\u00e1cilmente con cualquier lubricante. Simplemente quite la boquilla para una f\u00e1cil limpieza, elige entre las dos boquillas incluidas, una corta y r\u00edgida, y una larga y semirr\u00edgida.<\/p>\n<p>Caracter\u00edsticas:<\/p>\n<p>2 boquillas intercambiables<br \/>\nControl de bot\u00f3n Easypush<br \/>\nSilicona segura para el cuerpo<br \/>\nImpermeable<\/p>\n<p>Materiales:<br \/>\nAditamentos &#8211; PP, Bombilla &#8211; Silicona Libre de ftalatos<\/p>\n<p>Tama\u00f1o:<\/p>\n<p>Bombilla: 4.5&#8243; (11.43 cm) 150 ml aproximadamente<br \/>\nBoquillas: 2&#8243; (5.08 cm) y 3.75&#8243; (9.52 cm)<\/p>\n","protected":false},"excerpt":{"rendered":"<div class=\"ui-pdp-specs__table\">\n<table class=\"andes-table\">\n<tbody class=\"andes-table__body\">\n<tr class=\"andes-table__row\">\n<th class=\"andes-table__header andes-table__header--left ui-pdp-specs__table__column ui-pdp-specs__table__column-title\">Marca<\/th>\n<td class=\"andes-table__column andes-table__column--left ui-pdp-specs__table__column\"><span class=\"andes-table__column--value\">Nasstoys<\/span><\/td>\n<\/tr>\n<tr class=\"andes-table__row\">\n<th class=\"andes-table__header andes-table__header--left ui-pdp-specs__table__column ui-pdp-specs__table__column-title\">Modelo<\/th>\n<td class=\"andes-table__column andes-table__column--left ui-pdp-specs__table__column\"><span class=\"andes-table__column--value\">UNIVERSAL DOUCHE<\/span><\/td>\n<\/tr>\n<\/tbody>\n<\/table>\n<\/div>\n<h3 class=\"ui-pdp-specs__subtitle\">Otras caracter\u00edsticas<\/h3>\n<div class=\"ui-pdp-list ui-pdp-specs__list\">\n<ul class=\"ui-pdp-list__wrapper\">\n<li class=\"ui-pdp-list__item\">\n<p class=\"ui-pdp-family--REGULAR ui-pdp-list__text\"><span class=\"ui-pdp-color--BLACK ui-pdp-size--XSMALL ui-pdp-family--BOLD\">Material<\/span>: PP + SILICON<\/p>\n<\/li>\n<li class=\"ui-pdp-list__item\">\n<p class=\"ui-pdp-family--REGULAR ui-pdp-list__text\"><span class=\"ui-pdp-color--BLACK ui-pdp-size--XSMALL ui-pdp-family--BOLD\">Largo total<\/span>: 9 cm<\/p>\n<\/li>\n<\/ul>\n<\/div>\n","protected":false},"featured_media":1678,"comment_status":"open","ping_status":"closed","template":"","meta":[],"product_cat":[62],"product_tag":[27,37,36],"_links":{"self":[{"href":"https:\/\/plumbuss.com\/index.php?rest_route=\/wp\/v2\/product\/1677"}],"collection":[{"href":"https:\/\/plumbuss.com\/index.php?rest_route=\/wp\/v2\/product"}],"about":[{"href":"https:\/\/plumbuss.com\/index.php?rest_route=\/wp\/v2\/types\/product"}],"replies":[{"embeddable":true,"href":"https:\/\/plumbuss.com\/index.php?rest_route=%2Fwp%2Fv2%2Fcomments&post=1677"}],"wp:featuredmedia":[{"embeddable":true,"href":"https:\/\/plumbuss.com\/index.php?rest_route=\/wp\/v2\/media\/1678"}],"wp:attachment":[{"href":"https:\/\/plumbuss.com\/index.php?rest_route=%2Fwp%2Fv2%2Fmedia&parent=1677"}],"wp:term":[{"taxonomy":"product_cat","embeddable":true,"href":"https:\/\/plumbuss.com\/index.php?rest_route=%2Fwp%2Fv2%2Fproduct_cat&post=1677"},{"taxonomy":"product_tag","embeddable":true,"href":"https:\/\/plumbuss.com\/index.php?rest_route=%2Fwp%2Fv2%2Fproduct_tag&post=1677"}],"curies":[{"name":"wp","href":"https:\/\/api.w.org\/{rel}","templated":true}]}}