{"id":1662,"date":"2021-09-22T01:47:35","date_gmt":"2021-09-22T01:47:35","guid":{"rendered":"https:\/\/plumbuss.com\/?post_type=product&#038;p=1662"},"modified":"2024-04-19T13:50:06","modified_gmt":"2024-04-19T13:50:06","slug":"strap-on-classix-tanga-dildo-6-pulgadas-morado","status":"publish","type":"product","link":"https:\/\/plumbuss.com\/?product=strap-on-classix-tanga-dildo-6-pulgadas-morado","title":{"rendered":"Strap On Classix Tanga Dildo 6 Pulgadas Morado"},"content":{"rendered":"<p>Del\u00e9itese con los placeres simples de un cl\u00e1sico!<\/p>\n<p>Este sexy consolador con correa es la manera perfecta de tomar el control en el dormitorio y satisfacer a tu amante. El arn\u00e9s el\u00e1stico el\u00e1stico se ajusta f\u00e1cilmente para adaptarse a la mayor\u00eda de los tama\u00f1os, mientras que el consolador permanece c\u00f3modamente en su lugar cuando la acci\u00f3n se intensifica. El consolador de 6 &#8220;(15 cm) tiene el tama\u00f1o perfecto para principiantes. A tu pareja le encantar\u00e1 el grosor y la sensaci\u00f3n realista del dong &#8230; y a ti te encantar\u00e1n los resultados. Para una experiencia de placer m\u00e1xima, vuelve a lo b\u00e1sico Use abundante lubricante Moist\u00ae para un encuentro extra h\u00famedo y salvaje.<\/p>\n<p>La limpieza es muy sencilla despu\u00e9s de la diversi\u00f3n con Pipedream Toy Cleaner y agua tibia.<\/p>\n<p>Incluye:<\/p>\n<p>(1) consolador de PVC de 6 &#8220;(15 cm) morado<br \/>\n(1) arn\u00e9s el\u00e1stico ajustable<br \/>\n(1) pezoneras en cruz negras &#8220;FUCK ME&#8221;<\/p>\n","protected":false},"excerpt":{"rendered":"<div class=\"ui-pdp-specs__table\">\n<table class=\"andes-table\">\n<tbody class=\"andes-table__body\">\n<tr class=\"andes-table__row\">\n<th class=\"andes-table__header andes-table__header--left ui-pdp-specs__table__column ui-pdp-specs__table__column-title\">Marca<\/th>\n<td class=\"andes-table__column andes-table__column--left ui-pdp-specs__table__column\"><span class=\"andes-table__column--value\">Pipedream<\/span><\/td>\n<\/tr>\n<tr class=\"andes-table__row\">\n<th class=\"andes-table__header andes-table__header--left ui-pdp-specs__table__column ui-pdp-specs__table__column-title\">Modelo<\/th>\n<td class=\"andes-table__column andes-table__column--left ui-pdp-specs__table__column\"><span class=\"andes-table__column--value\">FETISH FANTASY CLASSIX STRAP ON<\/span><\/td>\n<\/tr>\n<\/tbody>\n<\/table>\n<\/div>\n<h3 class=\"ui-pdp-specs__subtitle\">Otras caracter\u00edsticas<\/h3>\n<div class=\"ui-pdp-list ui-pdp-specs__list\">\n<ul class=\"ui-pdp-list__wrapper\">\n<li class=\"ui-pdp-list__item\">\n<p class=\"ui-pdp-family--REGULAR ui-pdp-list__text\"><span class=\"ui-pdp-color--BLACK ui-pdp-size--XSMALL ui-pdp-family--BOLD\">Largo<\/span>: 15 cm<\/p>\n<\/li>\n<li class=\"ui-pdp-list__item\">\n<p class=\"ui-pdp-family--REGULAR ui-pdp-list__text\"><span class=\"ui-pdp-color--BLACK ui-pdp-size--XSMALL ui-pdp-family--BOLD\">Tiene vibraci\u00f3n<\/span>: No<\/p>\n<\/li>\n<\/ul>\n<ul class=\"ui-pdp-list__wrapper\">\n<li class=\"ui-pdp-list__item\">\n<p class=\"ui-pdp-family--REGULAR ui-pdp-list__text\"><span class=\"ui-pdp-color--BLACK ui-pdp-size--XSMALL ui-pdp-family--BOLD\">Material del dildo<\/span>: PVC<\/p>\n<\/li>\n<li class=\"ui-pdp-list__item\">\n<p class=\"ui-pdp-family--REGULAR ui-pdp-list__text\"><span class=\"ui-pdp-color--BLACK ui-pdp-size--XSMALL ui-pdp-family--BOLD\">Cantidad de dildos<\/span>: 1<\/p>\n<\/li>\n<\/ul>\n<\/div>\n","protected":false},"featured_media":1663,"comment_status":"open","ping_status":"closed","template":"","meta":[],"product_cat":[66,43],"product_tag":[58,33,45,44],"_links":{"self":[{"href":"https:\/\/plumbuss.com\/index.php?rest_route=\/wp\/v2\/product\/1662"}],"collection":[{"href":"https:\/\/plumbuss.com\/index.php?rest_route=\/wp\/v2\/product"}],"about":[{"href":"https:\/\/plumbuss.com\/index.php?rest_route=\/wp\/v2\/types\/product"}],"replies":[{"embeddable":true,"href":"https:\/\/plumbuss.com\/index.php?rest_route=%2Fwp%2Fv2%2Fcomments&post=1662"}],"wp:featuredmedia":[{"embeddable":true,"href":"https:\/\/plumbuss.com\/index.php?rest_route=\/wp\/v2\/media\/1663"}],"wp:attachment":[{"href":"https:\/\/plumbuss.com\/index.php?rest_route=%2Fwp%2Fv2%2Fmedia&parent=1662"}],"wp:term":[{"taxonomy":"product_cat","embeddable":true,"href":"https:\/\/plumbuss.com\/index.php?rest_route=%2Fwp%2Fv2%2Fproduct_cat&post=1662"},{"taxonomy":"product_tag","embeddable":true,"href":"https:\/\/plumbuss.com\/index.php?rest_route=%2Fwp%2Fv2%2Fproduct_tag&post=1662"}],"curies":[{"name":"wp","href":"https:\/\/api.w.org\/{rel}","templated":true}]}}