{"id":1640,"date":"2021-09-22T01:34:40","date_gmt":"2021-09-22T01:34:40","guid":{"rendered":"https:\/\/plumbuss.com\/?post_type=product&#038;p=1640"},"modified":"2023-01-26T21:13:38","modified_gmt":"2023-01-26T21:13:38","slug":"succionador-clitoris-mini-2-en-1-2","status":"publish","type":"product","link":"https:\/\/plumbuss.com\/?product=succionador-clitoris-mini-2-en-1-2","title":{"rendered":"Succionador Clitoris Mini 2 En 1"},"content":{"rendered":"<p>TU NUEVO MEJOR AMIGO YA ESTA AQUI!!<\/p>\n<p>En la \u00e9poca donde los populares llamados succionadores est\u00e1n de moda, llega la nueva familia 2 en 1. Un succionador (el nombre de estos juguetes es succionadores, pero no succionan, emiten vibraciones tipo puls\u00e1til) suave elaborado a base de silic\u00f3n grado medico, cuenta con una forma perfecta para poder sostenerlo sin que se resbale, con 7 frecuencias de vibraci\u00f3n y un potente motor, pero eso solo es por un lado, porque este modelo cuenta con otra boquilla que te har\u00e1 gritar de placer gracias a una peque\u00f1a leng\u00fceta que se mueve al ritmo de la vibraci\u00f3n seleccionada, los dos funcionan a la par, solo tendr\u00e1s que escoger que prefieres, unas ricas lamiditas o una deliciosa vibraci\u00f3n tipo puls\u00e1til.<\/p>\n<p>Adem\u00e1s es tan peque\u00f1o, que lo puedes llevar a cualquier parte contigo, incluso a la regadera. Convi\u00e9rtete en la due\u00f1a de tus orgasmos.<\/p>\n<p>OJO: Estos juguetes se llaman succionadores, pero no succiona, al poner la boquilla en el cl\u00edtoris hace vac\u00edo y es estimulado de forma directa por una membrana que emite vibraciones de tipo puls\u00e1til.<\/p>\n<p>Caracter\u00edsticas:<\/p>\n<p>Material: Silicona + ABS<br \/>\nFrecuencias: 7 modalidades<br \/>\nMedidas:<br \/>\n*Largo Total 8.5 cm<br \/>\n*Ancho Total 4 cm<br \/>\n*Boquilla 1: 2 cm x 1.5cm<br \/>\n*Boquilla 2: 1.5 cm<br \/>\nBater\u00eda: recargable USB<br \/>\nResistencia al agua: IPX7<\/p>\n<p>***PERMITE MARGEN DE ERROR EN LAS MEDIDAS DE +\/- 1 CM***<\/p>\n","protected":false},"excerpt":{"rendered":"<div class=\"ui-pdp-specs__table\">\n<table class=\"andes-table\">\n<tbody class=\"andes-table__body\">\n<tr class=\"andes-table__row\">\n<th class=\"andes-table__header andes-table__header--left ui-pdp-specs__table__column ui-pdp-specs__table__column-title\">Marca<\/th>\n<td class=\"andes-table__column andes-table__column--left ui-pdp-specs__table__column\"><span class=\"andes-table__column--value\">PLUMBUSS<\/span><\/td>\n<\/tr>\n<tr class=\"andes-table__row\">\n<th class=\"andes-table__header andes-table__header--left ui-pdp-specs__table__column ui-pdp-specs__table__column-title\">Modelo<\/th>\n<td class=\"andes-table__column andes-table__column--left ui-pdp-specs__table__column\"><span class=\"andes-table__column--value\">SUCCIONADOR\/MASAJEADOR DE CLITORIS CON LENGUA DE BOLSILLO<\/span><\/td>\n<\/tr>\n<\/tbody>\n<\/table>\n<\/div>\n<h3 class=\"ui-pdp-specs__subtitle\">Otras caracter\u00edsticas<\/h3>\n<div class=\"ui-pdp-list ui-pdp-specs__list\">\n<ul class=\"ui-pdp-list__wrapper\">\n<li class=\"ui-pdp-list__item\">\n<p class=\"ui-pdp-family--REGULAR ui-pdp-list__text\"><span class=\"ui-pdp-color--BLACK ui-pdp-size--XSMALL ui-pdp-family--BOLD\">Tipo de vibrador<\/span>: Punto G Succionador<\/p>\n<\/li>\n<li class=\"ui-pdp-list__item\">\n<p class=\"ui-pdp-family--REGULAR ui-pdp-list__text\"><span class=\"ui-pdp-color--BLACK ui-pdp-size--XSMALL ui-pdp-family--BOLD\">Largo<\/span>: 8.5 cm<\/p>\n<\/li>\n<\/ul>\n<ul class=\"ui-pdp-list__wrapper\">\n<li class=\"ui-pdp-list__item\">\n<p class=\"ui-pdp-family--REGULAR ui-pdp-list__text\"><span class=\"ui-pdp-color--BLACK ui-pdp-size--XSMALL ui-pdp-family--BOLD\">Di\u00e1metro<\/span>: 4 cm<\/p>\n<\/li>\n<li class=\"ui-pdp-list__item\">\n<p class=\"ui-pdp-family--REGULAR ui-pdp-list__text\"><span class=\"ui-pdp-color--BLACK ui-pdp-size--XSMALL ui-pdp-family--BOLD\">Tipo de alimentaci\u00f3n<\/span>: Recargable<\/p>\n<\/li>\n<\/ul>\n<ul class=\"ui-pdp-list__wrapper\">\n<li class=\"ui-pdp-list__item\">\n<p class=\"ui-pdp-family--REGULAR ui-pdp-list__text\"><span class=\"ui-pdp-color--BLACK ui-pdp-size--XSMALL ui-pdp-family--BOLD\">Material<\/span>: Silicona + ABS<\/p>\n<\/li>\n<li class=\"ui-pdp-list__item\">\n<p class=\"ui-pdp-family--REGULAR ui-pdp-list__text\"><span class=\"ui-pdp-color--BLACK ui-pdp-size--XSMALL ui-pdp-family--BOLD\">Cantidad de velocidades<\/span>: 7<\/p>\n<\/li>\n<\/ul>\n<\/div>\n","protected":false},"featured_media":1653,"comment_status":"open","ping_status":"closed","template":"","meta":[],"product_cat":[57],"product_tag":[60,24,61],"_links":{"self":[{"href":"https:\/\/plumbuss.com\/index.php?rest_route=\/wp\/v2\/product\/1640"}],"collection":[{"href":"https:\/\/plumbuss.com\/index.php?rest_route=\/wp\/v2\/product"}],"about":[{"href":"https:\/\/plumbuss.com\/index.php?rest_route=\/wp\/v2\/types\/product"}],"replies":[{"embeddable":true,"href":"https:\/\/plumbuss.com\/index.php?rest_route=%2Fwp%2Fv2%2Fcomments&post=1640"}],"wp:featuredmedia":[{"embeddable":true,"href":"https:\/\/plumbuss.com\/index.php?rest_route=\/wp\/v2\/media\/1653"}],"wp:attachment":[{"href":"https:\/\/plumbuss.com\/index.php?rest_route=%2Fwp%2Fv2%2Fmedia&parent=1640"}],"wp:term":[{"taxonomy":"product_cat","embeddable":true,"href":"https:\/\/plumbuss.com\/index.php?rest_route=%2Fwp%2Fv2%2Fproduct_cat&post=1640"},{"taxonomy":"product_tag","embeddable":true,"href":"https:\/\/plumbuss.com\/index.php?rest_route=%2Fwp%2Fv2%2Fproduct_tag&post=1640"}],"curies":[{"name":"wp","href":"https:\/\/api.w.org\/{rel}","templated":true}]}}