{"id":1620,"date":"2021-09-22T01:05:33","date_gmt":"2021-09-22T01:05:33","guid":{"rendered":"https:\/\/plumbuss.com\/?post_type=product&#038;p=1620"},"modified":"2023-11-15T03:11:36","modified_gmt":"2023-11-15T03:11:36","slug":"funda-suave-para-pene-con-doble-bala-estimulador-conejo-2","status":"publish","type":"product","link":"https:\/\/plumbuss.com\/?product=funda-suave-para-pene-con-doble-bala-estimulador-conejo-2","title":{"rendered":"Funda Suave Para Pene Con Doble Bala Estimulador Conejo"},"content":{"rendered":"<p>El sistema de soporte vibratorio Basic Essentials Double Trouble \u2122 es un potenciador c\u00f3modo y el\u00e1stico con un microestimulador extra\u00edble y reutilizable. Hecho de TPE fuerte y seguro, el potenciador lo ayudar\u00e1 a encontrar la experiencia de dormitorio m\u00e1s emocionante. El microestimulador en s\u00ed es ABS con revestimiento met\u00e1lico. En resumen, aumentar\u00e1 su diversi\u00f3n y se mantendr\u00e1 seguro al mismo tiempo. Nuestro sistema de soporte vibratorio Basic Essentials Double Trouble \u2122 est\u00e1 dise\u00f1ado para mejorar y estimular la m\u00e1xima satisfacci\u00f3n. El placer ser\u00e1 todo tuyo, con este anillo vibrador azul. Tendr\u00e1 una experiencia incre\u00edblemente satisfactoria, segura y s\u00faper estimulante. Con un dise\u00f1o duradero, el sistema de soporte vibratorio Basic Essentials Double Trouble \u2122 ofrece lo \u00faltimo en comodidad sensual. Agradar\u00e1 a su pareja y agregar\u00e1 m\u00e1s emoci\u00f3n a su propia experiencia en el dormitorio con este emocionante potenciador: Basic Essentials son productos de alta calidad y repletos de funciones para parejas que mejoran el acto sexual a un precio inmejorable. Entonces, \u00bfpor qu\u00e9 esperar? El sistema de soporte vibratorio Basic Essentials Double Trouble \u2122 est\u00e1 listo para brindarle la sensaci\u00f3n que desea.<\/p>\n<p>Caracter\u00edsticas:<\/p>\n<p>Color: azul<br \/>\nMateriales Elast\u00f3mero termopl\u00e1stico (TPE), Pl\u00e1stico ABS \/ Revestimiento met\u00e1lico<br \/>\nFuente de alimentaci\u00f3n: 6 pilas de reloj (incluidas)<br \/>\nCaracter\u00edsticas libre de ftalatos,<br \/>\nResistente al agua (solo salpicaduras, no sumergible)<br \/>\nVibraci\u00f3n: 1 frecuencia<br \/>\nMedidas 2.5 &#8220;x 3&#8221; \/ 6.25cm x 7.5cm (Anillo)<br \/>\nPeso a granel: 1.8 (oz) \/ 0.05 (kg) | Paquete: 10.1 (oz) \/ 0.29 (kg)<br \/>\nPaquete 2 x 4,5 x 7,25 (pulgadas) \/ 5 x 11,5 x 18,5 (cm)<\/p>\n","protected":false},"excerpt":{"rendered":"<div class=\"ui-pdp-specs__table\">\n<table class=\"andes-table\">\n<tbody class=\"andes-table__body\">\n<tr class=\"andes-table__row\">\n<th class=\"andes-table__header andes-table__header--left ui-pdp-specs__table__column ui-pdp-specs__table__column-title\">Marca<\/th>\n<td class=\"andes-table__column andes-table__column--left ui-pdp-specs__table__column\"><span class=\"andes-table__column--value\">California Exotic<\/span><\/td>\n<\/tr>\n<tr class=\"andes-table__row\">\n<th class=\"andes-table__header andes-table__header--left ui-pdp-specs__table__column ui-pdp-specs__table__column-title\">Modelo<\/th>\n<td class=\"andes-table__column andes-table__column--left ui-pdp-specs__table__column\"><span class=\"andes-table__column--value\">FUNDA PARA PENE CON DOBLE BALA<\/span><\/td>\n<\/tr>\n<tr class=\"andes-table__row\">\n<th class=\"andes-table__header andes-table__header--left ui-pdp-specs__table__column ui-pdp-specs__table__column-title\">Color<\/th>\n<td class=\"andes-table__column andes-table__column--left ui-pdp-specs__table__column\"><span class=\"andes-table__column--value\">Azul<\/span><\/td>\n<\/tr>\n<\/tbody>\n<\/table>\n<\/div>\n<h3 class=\"ui-pdp-specs__subtitle\">Otras caracter\u00edsticas<\/h3>\n<div class=\"ui-pdp-list ui-pdp-specs__list\">\n<ul class=\"ui-pdp-list__wrapper\">\n<li class=\"ui-pdp-list__item\">\n<p class=\"ui-pdp-family--REGULAR ui-pdp-list__text\"><span class=\"ui-pdp-color--BLACK ui-pdp-size--XSMALL ui-pdp-family--BOLD\">Largo total<\/span>: 7 cm<\/p>\n<\/li>\n<li class=\"ui-pdp-list__item\">\n<p class=\"ui-pdp-family--REGULAR ui-pdp-list__text\"><span class=\"ui-pdp-color--BLACK ui-pdp-size--XSMALL ui-pdp-family--BOLD\">Di\u00e1metro de la funda peniana<\/span>: 3 cm<\/p>\n<\/li>\n<\/ul>\n<ul class=\"ui-pdp-list__wrapper\">\n<li class=\"ui-pdp-list__item\">\n<p class=\"ui-pdp-family--REGULAR ui-pdp-list__text\"><span class=\"ui-pdp-color--BLACK ui-pdp-size--XSMALL ui-pdp-family--BOLD\">Material<\/span>: TPE + ABS<\/p>\n<\/li>\n<li class=\"ui-pdp-list__item\">\n<p class=\"ui-pdp-family--REGULAR ui-pdp-list__text\"><span class=\"ui-pdp-color--BLACK ui-pdp-size--XSMALL ui-pdp-family--BOLD\">Incluye vibrador<\/span>: S\u00ed<\/p>\n<\/li>\n<\/ul>\n<\/div>\n","protected":false},"featured_media":1623,"comment_status":"open","ping_status":"closed","template":"","meta":[],"product_cat":[19,66],"product_tag":[20,21,33],"_links":{"self":[{"href":"https:\/\/plumbuss.com\/index.php?rest_route=\/wp\/v2\/product\/1620"}],"collection":[{"href":"https:\/\/plumbuss.com\/index.php?rest_route=\/wp\/v2\/product"}],"about":[{"href":"https:\/\/plumbuss.com\/index.php?rest_route=\/wp\/v2\/types\/product"}],"replies":[{"embeddable":true,"href":"https:\/\/plumbuss.com\/index.php?rest_route=%2Fwp%2Fv2%2Fcomments&post=1620"}],"wp:featuredmedia":[{"embeddable":true,"href":"https:\/\/plumbuss.com\/index.php?rest_route=\/wp\/v2\/media\/1623"}],"wp:attachment":[{"href":"https:\/\/plumbuss.com\/index.php?rest_route=%2Fwp%2Fv2%2Fmedia&parent=1620"}],"wp:term":[{"taxonomy":"product_cat","embeddable":true,"href":"https:\/\/plumbuss.com\/index.php?rest_route=%2Fwp%2Fv2%2Fproduct_cat&post=1620"},{"taxonomy":"product_tag","embeddable":true,"href":"https:\/\/plumbuss.com\/index.php?rest_route=%2Fwp%2Fv2%2Fproduct_tag&post=1620"}],"curies":[{"name":"wp","href":"https:\/\/api.w.org\/{rel}","templated":true}]}}