{"id":1599,"date":"2021-09-22T00:51:14","date_gmt":"2021-09-22T00:51:14","guid":{"rendered":"https:\/\/plumbuss.com\/?post_type=product&#038;p=1599"},"modified":"2025-01-30T00:41:59","modified_gmt":"2025-01-30T00:41:59","slug":"dildo-herradura-doble-penetracion-vibrador-con-control","status":"publish","type":"product","link":"https:\/\/plumbuss.com\/?product=dildo-herradura-doble-penetracion-vibrador-con-control","title":{"rendered":"Dildo Herradura Doble Penetracion Vibrador Con Control"},"content":{"rendered":"<p>UN DILDO PARA PENETRACION DOBLE QUE LO TIENE TODO<\/p>\n<p>Este dildo cuenta con incre\u00edbles caracter\u00edsticas que har\u00e1n que lo disfrutes al m\u00e1ximo, ya sea en solo o en pareja. Es un dildo largo, as\u00ed que ten por seguro que alcanzara para todo; esta elaborado en silic\u00f3n grado medico con una textura con sensaci\u00f3n piel de durazno. Cada extremo es diferente, uno es suave, delgado y redondo, y el otro es suave, grueso y con impresi\u00f3n tipo onda, cada extremo cuenta con un potente motor y 7 frecuencias de vibraci\u00f3n. No te distraigas, cuenta con control remoto.<\/p>\n<p>Caracter\u00edsticas:<\/p>\n<p>Material: Silicona + ABS<br \/>\nColor: Morado (la intensidad del color puede variar al real por el brillo de las fotos)<br \/>\nMedidas: Largo total 37 cm x 3.5 cm extremo A x 3.8 cm extremo B (permite margen de error de +\/- 1cm)<br \/>\nVibraci\u00f3n: 7 frecuencias<br \/>\nBater\u00eda: Recargable USB<br \/>\nPeso: 351 gramos<br \/>\nResistencia al Agua: IPX7<br \/>\nControl remoto: NO ES A PRUEBA DE AGUA, alcance aproximado de 6 metros<\/p>\n","protected":false},"excerpt":{"rendered":"<div class=\"ui-pdp-specs__table\">\n<table class=\"andes-table\">\n<tbody class=\"andes-table__body\">\n<tr class=\"andes-table__row\">\n<th class=\"andes-table__header andes-table__header--left ui-pdp-specs__table__column ui-pdp-specs__table__column-title\">Marca<\/th>\n<td class=\"andes-table__column andes-table__column--left ui-pdp-specs__table__column\"><span class=\"andes-table__column--value\">PLUMBUSS<\/span><\/td>\n<\/tr>\n<tr class=\"andes-table__row\">\n<th class=\"andes-table__header andes-table__header--left ui-pdp-specs__table__column ui-pdp-specs__table__column-title\">Modelo<\/th>\n<td class=\"andes-table__column andes-table__column--left ui-pdp-specs__table__column\"><span class=\"andes-table__column--value\">DILDO PENETRACION DOBLE VIBRADOR CON CONTROL<\/span><\/td>\n<\/tr>\n<tr class=\"andes-table__row\">\n<th class=\"andes-table__header andes-table__header--left ui-pdp-specs__table__column ui-pdp-specs__table__column-title\">Color<\/th>\n<td class=\"andes-table__column andes-table__column--left ui-pdp-specs__table__column\"><span class=\"andes-table__column--value\">ROSA RED-NEON<\/span><\/td>\n<\/tr>\n<\/tbody>\n<\/table>\n<\/div>\n<h3 class=\"ui-pdp-specs__subtitle\">Otras caracter\u00edsticas<\/h3>\n<div class=\"ui-pdp-list ui-pdp-specs__list\">\n<ul class=\"ui-pdp-list__wrapper\">\n<li class=\"ui-pdp-list__item\">\n<p class=\"ui-pdp-family--REGULAR ui-pdp-list__text\"><span class=\"ui-pdp-color--BLACK ui-pdp-size--XSMALL ui-pdp-family--BOLD\">Tipo de vibrador<\/span>: DOBLE PENETRACION<\/p>\n<\/li>\n<li class=\"ui-pdp-list__item\">\n<p class=\"ui-pdp-family--REGULAR ui-pdp-list__text\"><span class=\"ui-pdp-color--BLACK ui-pdp-size--XSMALL ui-pdp-family--BOLD\">Largo<\/span>: 37 cm<\/p>\n<\/li>\n<\/ul>\n<ul class=\"ui-pdp-list__wrapper\">\n<li class=\"ui-pdp-list__item\">\n<p class=\"ui-pdp-family--REGULAR ui-pdp-list__text\"><span class=\"ui-pdp-color--BLACK ui-pdp-size--XSMALL ui-pdp-family--BOLD\">Di\u00e1metro<\/span>: 3 cm<\/p>\n<\/li>\n<li class=\"ui-pdp-list__item\">\n<p class=\"ui-pdp-family--REGULAR ui-pdp-list__text\"><span class=\"ui-pdp-color--BLACK ui-pdp-size--XSMALL ui-pdp-family--BOLD\">Tipo de alimentaci\u00f3n<\/span>: Recargable<\/p>\n<\/li>\n<\/ul>\n<ul class=\"ui-pdp-list__wrapper\">\n<li class=\"ui-pdp-list__item\">\n<p class=\"ui-pdp-family--REGULAR ui-pdp-list__text\"><span class=\"ui-pdp-color--BLACK ui-pdp-size--XSMALL ui-pdp-family--BOLD\">Material<\/span>: Silicona + ABS<\/p>\n<\/li>\n<li class=\"ui-pdp-list__item\">\n<p class=\"ui-pdp-family--REGULAR ui-pdp-list__text\"><span class=\"ui-pdp-color--BLACK ui-pdp-size--XSMALL ui-pdp-family--BOLD\">Cantidad de velocidades<\/span>: 7<\/p>\n<\/li>\n<\/ul>\n<\/div>\n","protected":false},"featured_media":1606,"comment_status":"open","ping_status":"closed","template":"","meta":[],"product_cat":[51],"product_tag":[34,33,45,44],"_links":{"self":[{"href":"https:\/\/plumbuss.com\/index.php?rest_route=\/wp\/v2\/product\/1599"}],"collection":[{"href":"https:\/\/plumbuss.com\/index.php?rest_route=\/wp\/v2\/product"}],"about":[{"href":"https:\/\/plumbuss.com\/index.php?rest_route=\/wp\/v2\/types\/product"}],"replies":[{"embeddable":true,"href":"https:\/\/plumbuss.com\/index.php?rest_route=%2Fwp%2Fv2%2Fcomments&post=1599"}],"wp:featuredmedia":[{"embeddable":true,"href":"https:\/\/plumbuss.com\/index.php?rest_route=\/wp\/v2\/media\/1606"}],"wp:attachment":[{"href":"https:\/\/plumbuss.com\/index.php?rest_route=%2Fwp%2Fv2%2Fmedia&parent=1599"}],"wp:term":[{"taxonomy":"product_cat","embeddable":true,"href":"https:\/\/plumbuss.com\/index.php?rest_route=%2Fwp%2Fv2%2Fproduct_cat&post=1599"},{"taxonomy":"product_tag","embeddable":true,"href":"https:\/\/plumbuss.com\/index.php?rest_route=%2Fwp%2Fv2%2Fproduct_tag&post=1599"}],"curies":[{"name":"wp","href":"https:\/\/api.w.org\/{rel}","templated":true}]}}