{"id":158,"date":"2021-08-14T21:11:26","date_gmt":"2021-08-14T21:11:26","guid":{"rendered":"https:\/\/plumbuss.com\/?post_type=product&#038;p=158"},"modified":"2023-11-15T03:12:35","modified_gmt":"2023-11-15T03:12:35","slug":"extensor-de-pene-con-vibrador-anillo-vibrador-pene","status":"publish","type":"product","link":"https:\/\/plumbuss.com\/?product=extensor-de-pene-con-vibrador-anillo-vibrador-pene","title":{"rendered":"Extensor De Pene Con Vibrador \/ Anillo Vibrador Pene"},"content":{"rendered":"<p>EXTENSOR PAR\u00c1 PENE<\/p>\n<p>Prueba este extensor para pene con microbala incluida, gana unos cent\u00edmetros de largo y unos mil\u00edmetros de ancho, lleva a tu pareja al cl\u00edmax. Cuenta con un anillo el\u00e1stico que permite se pueda ajustar a la base de los test\u00edculos y as\u00ed se mantenga en su lugar todo el tiempo.<\/p>\n<p>Vibraci\u00f3n y diversi\u00f3n para ti y tu pareja.<\/p>\n","protected":false},"excerpt":{"rendered":"<ul>\n<li class=\"ui-pdp-specs__subtitle\"><span class=\"ui-pdp-color--BLACK ui-pdp-size--XSMALL ui-pdp-family--BOLD\" style=\"font-size: 16px\">\u00a0<\/span><span class=\"ui-pdp-color--BLACK ui-pdp-size--XSMALL ui-pdp-family--BOLD\" style=\"font-size: 16px\">Con vibrador<\/span><span style=\"font-size: 16px\">: S\u00ed<\/span><\/li>\n<\/ul>\n<div class=\"ui-pdp-list ui-pdp-specs__list\">\n<ul class=\"ui-pdp-list__wrapper\">\n<li class=\"ui-pdp-list__item\">\n<p class=\"ui-pdp-family--REGULAR ui-pdp-list__text\"><span class=\"ui-pdp-color--BLACK ui-pdp-size--XSMALL ui-pdp-family--BOLD\">Tipo de anillo para pene<\/span>: Extensor con Bala<\/p>\n<\/li>\n<\/ul>\n<ul class=\"ui-pdp-list__wrapper\">\n<li class=\"ui-pdp-list__item\">\n<p class=\"ui-pdp-family--REGULAR ui-pdp-list__text\"><span class=\"ui-pdp-color--BLACK ui-pdp-size--XSMALL ui-pdp-family--BOLD\">Material<\/span>: Elast\u00f3mero termopl\u00e1stico<\/p>\n<\/li>\n<li class=\"ui-pdp-list__item\">\n<p class=\"ui-pdp-family--REGULAR ui-pdp-list__text\"><span class=\"ui-pdp-color--BLACK ui-pdp-size--XSMALL ui-pdp-family--BOLD\">Di\u00e1metro del anillo para pene<\/span>: 35 mm<\/p>\n<\/li>\n<\/ul>\n<ul class=\"ui-pdp-list__wrapper\">\n<li class=\"ui-pdp-list__item\">\n<p class=\"ui-pdp-family--REGULAR ui-pdp-list__text\"><span class=\"ui-pdp-color--BLACK ui-pdp-size--XSMALL ui-pdp-family--BOLD\">Largo del dildo<\/span>: 16 cm<\/p>\n<\/li>\n<\/ul>\n<\/div>\n","protected":false},"featured_media":173,"comment_status":"open","ping_status":"closed","template":"","meta":[],"product_cat":[19],"product_tag":[20,21],"_links":{"self":[{"href":"https:\/\/plumbuss.com\/index.php?rest_route=\/wp\/v2\/product\/158"}],"collection":[{"href":"https:\/\/plumbuss.com\/index.php?rest_route=\/wp\/v2\/product"}],"about":[{"href":"https:\/\/plumbuss.com\/index.php?rest_route=\/wp\/v2\/types\/product"}],"replies":[{"embeddable":true,"href":"https:\/\/plumbuss.com\/index.php?rest_route=%2Fwp%2Fv2%2Fcomments&post=158"}],"wp:featuredmedia":[{"embeddable":true,"href":"https:\/\/plumbuss.com\/index.php?rest_route=\/wp\/v2\/media\/173"}],"wp:attachment":[{"href":"https:\/\/plumbuss.com\/index.php?rest_route=%2Fwp%2Fv2%2Fmedia&parent=158"}],"wp:term":[{"taxonomy":"product_cat","embeddable":true,"href":"https:\/\/plumbuss.com\/index.php?rest_route=%2Fwp%2Fv2%2Fproduct_cat&post=158"},{"taxonomy":"product_tag","embeddable":true,"href":"https:\/\/plumbuss.com\/index.php?rest_route=%2Fwp%2Fv2%2Fproduct_tag&post=158"}],"curies":[{"name":"wp","href":"https:\/\/api.w.org\/{rel}","templated":true}]}}