{"id":1568,"date":"2021-09-22T00:46:34","date_gmt":"2021-09-22T00:46:34","guid":{"rendered":"https:\/\/plumbuss.com\/?post_type=product&#038;p=1568"},"modified":"2025-04-15T23:31:59","modified_gmt":"2025-04-15T23:31:59","slug":"masturbador-masculino-tipo-copa-con-vacio-y-vibracion","status":"publish","type":"product","link":"https:\/\/plumbuss.com\/?product=masturbador-masculino-tipo-copa-con-vacio-y-vibracion","title":{"rendered":"Masturbador Masculino Tipo Copa Con Vacio Y Vibracion"},"content":{"rendered":"<p>UN MASTURBADOR MASCULINO TODO EN UNO<\/p>\n<p>Estos masturbadores de la linea oasis, no son como todos los masturbadores, para comenzar no cuentan con una textura anat\u00f3mica, cada masturbador cuenta con una textura diferente con formas geom\u00e9tricas que garantizan una sensaci\u00f3n bastante placentera, adem\u00e1s cuenta con una bala recargable que brinda 20 frecuencias intensas, el efecto de vac\u00edo tambi\u00e9n esta presente, con solo tapar el peque\u00f1o orificio en la cima, podr\u00e1s experimentar sensaciones mas intensa.<\/p>\n<p>Caracter\u00edsticas:<\/p>\n<p>Material: ABS+PETG+TPE<br \/>\nFrecuencias de Vibraci\u00f3n: 20 modalidades<br \/>\nBater\u00eda: Recargable USB (el cable esta dentro de la tapa)<br \/>\nEl masturbador puede separarse de la tapa y de la copa para poder lavarlo.<br \/>\nTiempo de Carga: 2 horas aprox.<br \/>\nMedidas: 7 cm (ancho total) x 18 cm (EL MODELO ES ESTRECHO)<br \/>\n**Permite margen de error de +\/- 1cm***<\/p>\n","protected":false},"excerpt":{"rendered":"<div class=\"ui-pdp-specs__table\">\n<table class=\"andes-table\">\n<tbody class=\"andes-table__body\">\n<tr class=\"andes-table__row\">\n<th class=\"andes-table__header andes-table__header--left ui-pdp-specs__table__column ui-pdp-specs__table__column-title\">Marca<\/th>\n<td class=\"andes-table__column andes-table__column--left ui-pdp-specs__table__column\"><span class=\"andes-table__column--value\">GALAKU<\/span><\/td>\n<\/tr>\n<tr class=\"andes-table__row\">\n<th class=\"andes-table__header andes-table__header--left ui-pdp-specs__table__column ui-pdp-specs__table__column-title\">L\u00ednea<\/th>\n<td class=\"andes-table__column andes-table__column--left ui-pdp-specs__table__column\"><span class=\"andes-table__column--value\">TouchIn<\/span><\/td>\n<\/tr>\n<tr class=\"andes-table__row\">\n<th class=\"andes-table__header andes-table__header--left ui-pdp-specs__table__column ui-pdp-specs__table__column-title\">Modelo<\/th>\n<td class=\"andes-table__column andes-table__column--left ui-pdp-specs__table__column\"><span class=\"andes-table__column--value\">OASIS<\/span><\/td>\n<\/tr>\n<\/tbody>\n<\/table>\n<\/div>\n<h3 class=\"ui-pdp-specs__subtitle\">Otras caracter\u00edsticas<\/h3>\n<div class=\"ui-pdp-list ui-pdp-specs__list\">\n<ul class=\"ui-pdp-list__wrapper\">\n<li class=\"ui-pdp-list__item\">\n<p class=\"ui-pdp-family--REGULAR ui-pdp-list__text\"><span class=\"ui-pdp-color--BLACK ui-pdp-size--XSMALL ui-pdp-family--BOLD\">Textura interna<\/span>: Estrecha Multitextura<\/p>\n<\/li>\n<li class=\"ui-pdp-list__item\">\n<p class=\"ui-pdp-family--REGULAR ui-pdp-list__text\"><span class=\"ui-pdp-color--BLACK ui-pdp-size--XSMALL ui-pdp-family--BOLD\">Material<\/span>: ABS + PETG + TPE<\/p>\n<\/li>\n<\/ul>\n<ul class=\"ui-pdp-list__wrapper\">\n<li class=\"ui-pdp-list__item\">\n<p class=\"ui-pdp-family--REGULAR ui-pdp-list__text\"><span class=\"ui-pdp-color--BLACK ui-pdp-size--XSMALL ui-pdp-family--BOLD\">Largo<\/span>: 18 cm<\/p>\n<\/li>\n<\/ul>\n<\/div>\n","protected":false},"featured_media":1575,"comment_status":"open","ping_status":"closed","template":"","meta":[],"product_cat":[38,66],"product_tag":[41,39,24,64],"_links":{"self":[{"href":"https:\/\/plumbuss.com\/index.php?rest_route=\/wp\/v2\/product\/1568"}],"collection":[{"href":"https:\/\/plumbuss.com\/index.php?rest_route=\/wp\/v2\/product"}],"about":[{"href":"https:\/\/plumbuss.com\/index.php?rest_route=\/wp\/v2\/types\/product"}],"replies":[{"embeddable":true,"href":"https:\/\/plumbuss.com\/index.php?rest_route=%2Fwp%2Fv2%2Fcomments&post=1568"}],"wp:featuredmedia":[{"embeddable":true,"href":"https:\/\/plumbuss.com\/index.php?rest_route=\/wp\/v2\/media\/1575"}],"wp:attachment":[{"href":"https:\/\/plumbuss.com\/index.php?rest_route=%2Fwp%2Fv2%2Fmedia&parent=1568"}],"wp:term":[{"taxonomy":"product_cat","embeddable":true,"href":"https:\/\/plumbuss.com\/index.php?rest_route=%2Fwp%2Fv2%2Fproduct_cat&post=1568"},{"taxonomy":"product_tag","embeddable":true,"href":"https:\/\/plumbuss.com\/index.php?rest_route=%2Fwp%2Fv2%2Fproduct_tag&post=1568"}],"curies":[{"name":"wp","href":"https:\/\/api.w.org\/{rel}","templated":true}]}}