{"id":1562,"date":"2021-09-21T22:48:08","date_gmt":"2021-09-21T22:48:08","guid":{"rendered":"https:\/\/plumbuss.com\/?post_type=product&#038;p=1562"},"modified":"2024-07-23T18:38:15","modified_gmt":"2024-07-23T18:38:15","slug":"lubricante-anal-cereza-agua-177ml","status":"publish","type":"product","link":"https:\/\/plumbuss.com\/?product=lubricante-anal-cereza-agua-177ml","title":{"rendered":"Lubricante Anal Cereza Agua 177ml"},"content":{"rendered":"<p>Explore sus fantas\u00edas er\u00f3ticas de juego anal y sus deseos secretos con Anal Lube Cherry Scented.<\/p>\n<p>El ex\u00f3tico lubricante es antiadherente, suave como la seda y se desliza f\u00e1cilmente para una cobertura superior y una satisfacci\u00f3n de rendimiento duradera. El lubricante con fragancia de cereza f\u00e1cil de usar es perfecto para la intimidad espont\u00e1nea que implica excitaci\u00f3n anal y juego con penetraci\u00f3n. Para disfrutar de una estimulaci\u00f3n prolongada y un placer org\u00e1smico prolongado, aplique el lubricante fresco y afrutado directamente en su punto dulce.<\/p>\n<p>El lubricante con aroma de cereza con sabor a fruta jugosa es a base de agua y ofrece una lubricidad superior. La f\u00f3rmula sin grasa y agradablemente perfumada se suministra en una generosa botella transparente de 177 ml con tapa abatible y se recomienda para el placer del contacto \u00edntimo. El lubricante de calidad se puede aplicar directamente a su trasero y tambi\u00e9n es adecuado para su aplicaci\u00f3n en juguetes de sondeo anales ex\u00f3ticos. Lubrique y disfrute de un sondeo seductor ilimitado y una penetraci\u00f3n placentera. Vuelva a aplicar el lubricante cuando sea necesario.<\/p>\n<p>La f\u00f3rmula produce la acci\u00f3n de deslizamiento y deslizamiento perfecta para una f\u00e1cil y c\u00f3moda penetraci\u00f3n del pene y la inserci\u00f3n de juguetes, y es adecuada para usuarios experimentados y por primera vez. Aplique la cantidad correcta de lubricante a su agujero del amor y prep\u00e1rese para el viaje explosivo de su vida. El lubricante vers\u00e1til tambi\u00e9n se puede aplicar directamente a sondas anales, vibraciones y otros juguetes, para una estimulaci\u00f3n de precisi\u00f3n y una mayor sensibilidad.<\/p>\n<p>Despu\u00e9s de un cl\u00edmax alucinante, el lubricante se lava f\u00e1cilmente con un jab\u00f3n suave y agua tibia.<\/p>\n","protected":false},"excerpt":{"rendered":"<div class=\"ui-pdp-specs__table\">\n<table class=\"andes-table\">\n<tbody class=\"andes-table__body\">\n<tr class=\"andes-table__row\">\n<th class=\"andes-table__header andes-table__header--left ui-pdp-specs__table__column ui-pdp-specs__table__column-title\">Marca<\/th>\n<td class=\"andes-table__column andes-table__column--left ui-pdp-specs__table__column\"><span class=\"andes-table__column--value\">CalExotics<\/span><\/td>\n<\/tr>\n<tr class=\"andes-table__row\">\n<th class=\"andes-table__header andes-table__header--left ui-pdp-specs__table__column ui-pdp-specs__table__column-title\">Modelo<\/th>\n<td class=\"andes-table__column andes-table__column--left ui-pdp-specs__table__column\"><span class=\"andes-table__column--value\">ANAL LUB CEREZA<\/span><\/td>\n<\/tr>\n<tr class=\"andes-table__row\">\n<th class=\"andes-table__header andes-table__header--left ui-pdp-specs__table__column ui-pdp-specs__table__column-title\">Volumen de la unidad<\/th>\n<td class=\"andes-table__column andes-table__column--left ui-pdp-specs__table__column\"><span class=\"andes-table__column--value\">117 mL<\/span><\/td>\n<\/tr>\n<\/tbody>\n<\/table>\n<\/div>\n<h3 class=\"ui-pdp-specs__subtitle\">Otras caracter\u00edsticas<\/h3>\n<div class=\"ui-pdp-list ui-pdp-specs__list\">\n<ul class=\"ui-pdp-list__wrapper\">\n<li class=\"ui-pdp-list__item\">\n<p class=\"ui-pdp-family--REGULAR ui-pdp-list__text\"><span class=\"ui-pdp-color--BLACK ui-pdp-size--XSMALL ui-pdp-family--BOLD\">Efectos<\/span>: Lubricante<\/p>\n<\/li>\n<li class=\"ui-pdp-list__item\">\n<p class=\"ui-pdp-family--REGULAR ui-pdp-list__text\"><span class=\"ui-pdp-color--BLACK ui-pdp-size--XSMALL ui-pdp-family--BOLD\">Base del producto<\/span>: Agua<\/p>\n<\/li>\n<\/ul>\n<ul class=\"ui-pdp-list__wrapper\">\n<li class=\"ui-pdp-list__item\">\n<p class=\"ui-pdp-family--REGULAR ui-pdp-list__text\"><span class=\"ui-pdp-color--BLACK ui-pdp-size--XSMALL ui-pdp-family--BOLD\">Es comestible<\/span>: No<\/p>\n<\/li>\n<li class=\"ui-pdp-list__item\">\n<p class=\"ui-pdp-family--REGULAR ui-pdp-list__text\"><span class=\"ui-pdp-color--BLACK ui-pdp-size--XSMALL ui-pdp-family--BOLD\">Zonas de aplicaci\u00f3n<\/span>: Genitales<\/p>\n<\/li>\n<\/ul>\n<ul class=\"ui-pdp-list__wrapper\">\n<li class=\"ui-pdp-list__item\">\n<p class=\"ui-pdp-family--REGULAR ui-pdp-list__text\"><span class=\"ui-pdp-color--BLACK ui-pdp-size--XSMALL ui-pdp-family--BOLD\">Unidades por envase<\/span>: 1<\/p>\n<\/li>\n<\/ul>\n<\/div>\n","protected":false},"featured_media":1563,"comment_status":"open","ping_status":"closed","template":"","meta":[],"product_cat":[56,66],"product_tag":[27,37,36],"_links":{"self":[{"href":"https:\/\/plumbuss.com\/index.php?rest_route=\/wp\/v2\/product\/1562"}],"collection":[{"href":"https:\/\/plumbuss.com\/index.php?rest_route=\/wp\/v2\/product"}],"about":[{"href":"https:\/\/plumbuss.com\/index.php?rest_route=\/wp\/v2\/types\/product"}],"replies":[{"embeddable":true,"href":"https:\/\/plumbuss.com\/index.php?rest_route=%2Fwp%2Fv2%2Fcomments&post=1562"}],"wp:featuredmedia":[{"embeddable":true,"href":"https:\/\/plumbuss.com\/index.php?rest_route=\/wp\/v2\/media\/1563"}],"wp:attachment":[{"href":"https:\/\/plumbuss.com\/index.php?rest_route=%2Fwp%2Fv2%2Fmedia&parent=1562"}],"wp:term":[{"taxonomy":"product_cat","embeddable":true,"href":"https:\/\/plumbuss.com\/index.php?rest_route=%2Fwp%2Fv2%2Fproduct_cat&post=1562"},{"taxonomy":"product_tag","embeddable":true,"href":"https:\/\/plumbuss.com\/index.php?rest_route=%2Fwp%2Fv2%2Fproduct_tag&post=1562"}],"curies":[{"name":"wp","href":"https:\/\/api.w.org\/{rel}","templated":true}]}}