{"id":1537,"date":"2021-09-21T22:39:48","date_gmt":"2021-09-21T22:39:48","guid":{"rendered":"https:\/\/plumbuss.com\/?post_type=product&#038;p=1537"},"modified":"2021-09-28T21:03:19","modified_gmt":"2021-09-28T21:03:19","slug":"masturbador-doble-anal-y-vaginal","status":"publish","type":"product","link":"https:\/\/plumbuss.com\/?product=masturbador-doble-anal-y-vaginal","title":{"rendered":"Masturbador Doble Anal Y Vaginal"},"content":{"rendered":"<p>TODO EN UN MISMO LUGAR<\/p>\n<p>La colecci\u00f3n Stroke It te ofrece la funda Pussy and Ass dise\u00f1ada para emocionar con tus opciones de caricias favoritas. Sum\u00e9rjase profundamente en m\u00e1s de 1 libra de placer de caricias de alta resistencia con dos opciones de entrada y una c\u00e1mara de textura ultra ajustada. El masturbador tacto sedoso de doble extremo te ofrece lo mejor de ambos mundos con dos opciones de entrada realistas. No importa de qu\u00e9 lado elija, la c\u00e1mara de textura ultra ajustada crea un pa\u00eds de las maravillas de placer para cualquier miembro que desee deslizarse dentro.<\/p>\n<p>Nuestra funda de stroker regordeta es ideal para cualquiera que desee un poco m\u00e1s de empuje en su juego en solitario. M\u00e1s de 1 libra de material PureSkin lo convierten en el placer palpitante verdaderamente resistente que ha estado anhelando. El caucho termopl\u00e1stico PureSkin es un material s\u00faper suave y ultrael\u00e1stico con una sensaci\u00f3n \u00fanica y realista que brinda pura satisfacci\u00f3n en cada golpe.<\/p>\n<p>Esta funda duradera es f\u00e1cil de usar, f\u00e1cil de limpiar y no requiere cuidados especiales. Antes y despu\u00e9s de cada uso, lave la funda interna y externamente con agua tibia y jab\u00f3n, luego desinfecte con Universal Toy Cleaner.<\/p>\n<p>Caracter\u00edsticas<br \/>\n*libre de ftalatos<br \/>\n*resistente al agua<br \/>\n*Medidas 7.5 &#8220;x 3.5&#8221; \/ 19cm x 9cm (Masturbador)<br \/>\n*Peso a granel: 19,8 (oz) \/ 0,56 (kg) | Paquete: 22 (oz) \/ 0.62 (kg)<br \/>\n*Paquete 3 x 4.5 x 8.5 (in) \/ 7.5 x 11.5 x 21.5 (cm) (Caja)<\/p>\n","protected":false},"excerpt":{"rendered":"<div class=\"ui-pdp-specs__table\">\n<table class=\"andes-table\">\n<tbody class=\"andes-table__body\">\n<tr class=\"andes-table__row\">\n<th class=\"andes-table__header andes-table__header--left ui-pdp-specs__table__column ui-pdp-specs__table__column-title\">Marca<\/th>\n<td class=\"andes-table__column andes-table__column--left ui-pdp-specs__table__column\"><span class=\"andes-table__column--value\">California Exotic Novelties<\/span><\/td>\n<\/tr>\n<tr class=\"andes-table__row\">\n<th class=\"andes-table__header andes-table__header--left ui-pdp-specs__table__column ui-pdp-specs__table__column-title\">L\u00ednea<\/th>\n<td class=\"andes-table__column andes-table__column--left ui-pdp-specs__table__column\"><span class=\"andes-table__column--value\">Stroke It<\/span><\/td>\n<\/tr>\n<tr class=\"andes-table__row\">\n<th class=\"andes-table__header andes-table__header--left ui-pdp-specs__table__column ui-pdp-specs__table__column-title\">Modelo<\/th>\n<td class=\"andes-table__column andes-table__column--left ui-pdp-specs__table__column\"><span class=\"andes-table__column--value\">Vagina y Ano<\/span><\/td>\n<\/tr>\n<\/tbody>\n<\/table>\n<\/div>\n<h3 class=\"ui-pdp-specs__subtitle\">Otras caracter\u00edsticas<\/h3>\n<div class=\"ui-pdp-list ui-pdp-specs__list\">\n<ul class=\"ui-pdp-list__wrapper\">\n<li class=\"ui-pdp-list__item\">\n<p class=\"ui-pdp-family--REGULAR ui-pdp-list__text\"><span class=\"ui-pdp-color--BLACK ui-pdp-size--XSMALL ui-pdp-family--BOLD\">Tipo de acci\u00f3n<\/span>: Masturbador<\/p>\n<\/li>\n<li class=\"ui-pdp-list__item\">\n<p class=\"ui-pdp-family--REGULAR ui-pdp-list__text\"><span class=\"ui-pdp-color--BLACK ui-pdp-size--XSMALL ui-pdp-family--BOLD\">Textura interna<\/span>: Realista<\/p>\n<\/li>\n<\/ul>\n<ul class=\"ui-pdp-list__wrapper\">\n<li class=\"ui-pdp-list__item\">\n<p class=\"ui-pdp-family--REGULAR ui-pdp-list__text\"><span class=\"ui-pdp-color--BLACK ui-pdp-size--XSMALL ui-pdp-family--BOLD\">Material<\/span>: TPE\/ TPR Termoplastico<\/p>\n<\/li>\n<li class=\"ui-pdp-list__item\">\n<p class=\"ui-pdp-family--REGULAR ui-pdp-list__text\"><span class=\"ui-pdp-color--BLACK ui-pdp-size--XSMALL ui-pdp-family--BOLD\">Largo<\/span>: 19 cm<\/p>\n<\/li>\n<\/ul>\n<\/div>\n","protected":false},"featured_media":1538,"comment_status":"open","ping_status":"closed","template":"","meta":[],"product_cat":[38],"product_tag":[40,41,39,24],"_links":{"self":[{"href":"https:\/\/plumbuss.com\/index.php?rest_route=\/wp\/v2\/product\/1537"}],"collection":[{"href":"https:\/\/plumbuss.com\/index.php?rest_route=\/wp\/v2\/product"}],"about":[{"href":"https:\/\/plumbuss.com\/index.php?rest_route=\/wp\/v2\/types\/product"}],"replies":[{"embeddable":true,"href":"https:\/\/plumbuss.com\/index.php?rest_route=%2Fwp%2Fv2%2Fcomments&post=1537"}],"wp:featuredmedia":[{"embeddable":true,"href":"https:\/\/plumbuss.com\/index.php?rest_route=\/wp\/v2\/media\/1538"}],"wp:attachment":[{"href":"https:\/\/plumbuss.com\/index.php?rest_route=%2Fwp%2Fv2%2Fmedia&parent=1537"}],"wp:term":[{"taxonomy":"product_cat","embeddable":true,"href":"https:\/\/plumbuss.com\/index.php?rest_route=%2Fwp%2Fv2%2Fproduct_cat&post=1537"},{"taxonomy":"product_tag","embeddable":true,"href":"https:\/\/plumbuss.com\/index.php?rest_route=%2Fwp%2Fv2%2Fproduct_tag&post=1537"}],"curies":[{"name":"wp","href":"https:\/\/api.w.org\/{rel}","templated":true}]}}