{"id":1434,"date":"2021-09-19T23:11:38","date_gmt":"2021-09-19T23:11:38","guid":{"rendered":"https:\/\/plumbuss.com\/?post_type=product&#038;p=1434"},"modified":"2022-05-26T19:20:44","modified_gmt":"2022-05-26T19:20:44","slug":"arnes-con-vibrador-recargable-strap-on-with-balls-23-cm","status":"publish","type":"product","link":"https:\/\/plumbuss.com\/?product=arnes-con-vibrador-recargable-strap-on-with-balls-23-cm","title":{"rendered":"Arn\u00e9s Con Vibrador Recargable Strap On With Balls 23 Cm"},"content":{"rendered":"<p>QUE EL TAMA\u00d1O NO SEA PROBLEMA<\/p>\n<p>\u00bfSiempre han querido sentirse m\u00e1s seguros de su tama\u00f1o y disfrutar de sexo satisfactorio con su pareja el tiempo suficiente para que ambos alcancen el orgasmo? \u00a1Su amante sabe que el tama\u00f1o importa, y nada puede cumplir fantas\u00edas y complacer a una pareja como un hombre seguro que sabe lo que est\u00e1 haciendo! Ahora puedes tener la longitud y la circunferencia que siempre has so\u00f1ado y ser todo el hombre que puedas ser con la correa recargable hueca con bolas Fetish Fantasy Series 9 \u00bf. \u00a1Dile adi\u00f3s a las vergonzosas decepciones intermedias y saluda a una sonrisa satisfactoria de tu amante! El c\u00f3modo arn\u00e9s el\u00e1stico se ajusta f\u00e1cilmente para adaptarse a la mayor\u00eda de los tama\u00f1os, mientras que el consolador realista de 9 &#8220;golpea el lugar correcto cada vez. Es perfecto para hombres con disfunci\u00f3n er\u00e9ctil, problemas de eyaculaci\u00f3n precoz o parejas que buscan agregar un poco de estilo a su diversi\u00f3n. Lo mejor de todo , \u00a1todav\u00eda puedes disfrutar del sexo caliente y cara a cara y asegurarte de que ambos se vayan juntos!<\/p>\n<p>La correa hueca recargable est\u00e1 lista para usar cuando est\u00e9 y nunca m\u00e1s tendr\u00e1 que preocuparse por cambiar las bater\u00edas. Presione y mantenga presionado el bot\u00f3n en el test\u00edculo izquierdo durante tres segundos para encenderlo, luego presione nuevamente el bot\u00f3n para recorrer diez patrones de pulsaciones emocionantes. Alimentado por una bater\u00eda de iones de litio de larga duraci\u00f3n, el motor japon\u00e9s s\u00faper fuerte ofrece vibraciones emocionantes y de varias velocidades en la punta del consolador, precisamente donde su pareja las quiere m\u00e1s. El consolador es seguro para el cuerpo, no contiene l\u00e1tex y es compatible con lubricantes a base de agua y de silicona. La limpieza es muy f\u00e1cil despu\u00e9s de la diversi\u00f3n con el limpiador de juguetes Pipedream y agua tibia. El cable de carga USB incluido funciona con la mayor\u00eda de las fuentes de alimentaci\u00f3n USB.<\/p>\n<p>Caracteristicas:<\/p>\n<p>Largo Total: 25.4cm<br \/>\nLargo Insertable: 22.9cm<br \/>\nAncho: 5.3cm<br \/>\nAjuste de cintura: de 71.1cm a 132.1cm<br \/>\nDi\u00e1metro hueco: 4 cm<br \/>\nLargo del t\u00fanel interno: 11 cm<br \/>\nCuenta con 10 patrones de vibraci\u00f3n<br \/>\nRecargable por cable USB<\/p>\n","protected":false},"excerpt":{"rendered":"<div class=\"ui-pdp-specs__table\">\n<table class=\"andes-table\">\n<tbody class=\"andes-table__body\">\n<tr class=\"andes-table__row\">\n<th class=\"andes-table__header andes-table__header--left ui-pdp-specs__table__column ui-pdp-specs__table__column-title\">Marca<\/th>\n<td class=\"andes-table__column andes-table__column--left ui-pdp-specs__table__column\"><span class=\"andes-table__column--value\">Pipedream<\/span><\/td>\n<\/tr>\n<tr class=\"andes-table__row\">\n<th class=\"andes-table__header andes-table__header--left ui-pdp-specs__table__column ui-pdp-specs__table__column-title\">Modelo<\/th>\n<td class=\"andes-table__column andes-table__column--left ui-pdp-specs__table__column\"><span class=\"andes-table__column--value\">Fetish Fantasy Series<\/span><\/td>\n<\/tr>\n<\/tbody>\n<\/table>\n<\/div>\n<h3 class=\"ui-pdp-specs__subtitle\">Otras caracter\u00edsticas<\/h3>\n<div class=\"ui-pdp-list ui-pdp-specs__list\">\n<ul class=\"ui-pdp-list__wrapper\">\n<li class=\"ui-pdp-list__item\">\n<p class=\"ui-pdp-family--REGULAR ui-pdp-list__text\"><span class=\"ui-pdp-color--BLACK ui-pdp-size--XSMALL ui-pdp-family--BOLD\">Largo<\/span>: 25.4 cm<\/p>\n<\/li>\n<li class=\"ui-pdp-list__item\">\n<p class=\"ui-pdp-family--REGULAR ui-pdp-list__text\"><span class=\"ui-pdp-color--BLACK ui-pdp-size--XSMALL ui-pdp-family--BOLD\">Tiene vibraci\u00f3n<\/span>: S\u00ed<\/p>\n<\/li>\n<\/ul>\n<ul class=\"ui-pdp-list__wrapper\">\n<li class=\"ui-pdp-list__item\">\n<p class=\"ui-pdp-family--REGULAR ui-pdp-list__text\"><span class=\"ui-pdp-color--BLACK ui-pdp-size--XSMALL ui-pdp-family--BOLD\">Material del dildo<\/span>: TPR\/TPE<\/p>\n<\/li>\n<li class=\"ui-pdp-list__item\">\n<p class=\"ui-pdp-family--REGULAR ui-pdp-list__text\"><span class=\"ui-pdp-color--BLACK ui-pdp-size--XSMALL ui-pdp-family--BOLD\">Cantidad de dildos<\/span>: 1<\/p>\n<\/li>\n<\/ul>\n<ul class=\"ui-pdp-list__wrapper\">\n<li class=\"ui-pdp-list__item\">\n<p class=\"ui-pdp-family--REGULAR ui-pdp-list__text\"><span class=\"ui-pdp-color--BLACK ui-pdp-size--XSMALL ui-pdp-family--BOLD\">Di\u00e1metro<\/span>: 4 cm<\/p>\n<\/li>\n<\/ul>\n<\/div>\n","protected":false},"featured_media":1439,"comment_status":"open","ping_status":"closed","template":"","meta":[],"product_cat":[43],"product_tag":[58,33,45,44],"_links":{"self":[{"href":"https:\/\/plumbuss.com\/index.php?rest_route=\/wp\/v2\/product\/1434"}],"collection":[{"href":"https:\/\/plumbuss.com\/index.php?rest_route=\/wp\/v2\/product"}],"about":[{"href":"https:\/\/plumbuss.com\/index.php?rest_route=\/wp\/v2\/types\/product"}],"replies":[{"embeddable":true,"href":"https:\/\/plumbuss.com\/index.php?rest_route=%2Fwp%2Fv2%2Fcomments&post=1434"}],"wp:featuredmedia":[{"embeddable":true,"href":"https:\/\/plumbuss.com\/index.php?rest_route=\/wp\/v2\/media\/1439"}],"wp:attachment":[{"href":"https:\/\/plumbuss.com\/index.php?rest_route=%2Fwp%2Fv2%2Fmedia&parent=1434"}],"wp:term":[{"taxonomy":"product_cat","embeddable":true,"href":"https:\/\/plumbuss.com\/index.php?rest_route=%2Fwp%2Fv2%2Fproduct_cat&post=1434"},{"taxonomy":"product_tag","embeddable":true,"href":"https:\/\/plumbuss.com\/index.php?rest_route=%2Fwp%2Fv2%2Fproduct_tag&post=1434"}],"curies":[{"name":"wp","href":"https:\/\/api.w.org\/{rel}","templated":true}]}}