{"id":1428,"date":"2021-09-19T23:00:42","date_gmt":"2021-09-19T23:00:42","guid":{"rendered":"https:\/\/plumbuss.com\/?post_type=product&#038;p=1428"},"modified":"2026-02-06T22:51:02","modified_gmt":"2026-02-06T22:51:02","slug":"anillo-para-pene-ovo-a2","status":"publish","type":"product","link":"https:\/\/plumbuss.com\/?product=anillo-para-pene-ovo-a2","title":{"rendered":"Anillo Para Pene Ovo A2"},"content":{"rendered":"<p>Los juguetes no son solo para jugar solo, y el anillo vibrador para parejas A2 de OVO es el mejor ejemplo. La textura \u00fanica de este juguete body-safe de silicona simula movimiento mientras que su potente motor har\u00e1n que sus vibraciones se transmitan por las partes mas sensitivas del cuerpo. Dispone de 3 excitantes modos y 3 velocidades que permiten que cada pareja encuentren las sensaciones perfectas para su diversi\u00f3n.<\/p>\n<p>\u00bfBuscando algo de diversi\u00f3n para la ducha o el ba\u00f1o? Este es el juguete sumergible perfecto que andabas buscando. Vers\u00e1til y altamente placentero. El A2 se puede a\u00f1adir a otros juguetes Ovo para un nuevo nivel de placer y excitaci\u00f3n.<\/p>\n<p>Caracter\u00edsticas:<\/p>\n<p>-Su textura \u00fanica simula la sensaci\u00f3n de movimiento<br \/>\n-Motor potente para m\u00e1xima estimulaci\u00f3n<br \/>\n-F\u00e1cil de usar. Bot\u00f3n central<br \/>\n-Silicona muy suave Body-safe<br \/>\n-F\u00e1cil de limpiar. Se limpia f\u00e1cilmente con agua y jab\u00f3n, pero se recomienda limpiador de juguetes para mejores resultados<br \/>\n-3 modos distintos de vibraci\u00f3n<br \/>\n-3 velocidades<br \/>\n-USB recargable<br \/>\n-Viene cargado en un 80% para que puedas usarlo nada mas sacarlo de la caja<br \/>\nCon dos horas de carga, tiene una de uso<\/p>\n","protected":false},"excerpt":{"rendered":"<div class=\"ui-pdp-specs__table\">\n<table class=\"andes-table\">\n<tbody class=\"andes-table__body\">\n<tr class=\"andes-table__row\">\n<th class=\"andes-table__header andes-table__header--left ui-pdp-specs__table__column ui-pdp-specs__table__column-title\">Marca<\/th>\n<td class=\"andes-table__column andes-table__column--left ui-pdp-specs__table__column\"><span class=\"andes-table__column--value\">OVO LIFESTYLE TOYS<\/span><\/td>\n<\/tr>\n<tr class=\"andes-table__row\">\n<th class=\"andes-table__header andes-table__header--left ui-pdp-specs__table__column ui-pdp-specs__table__column-title\">Modelo<\/th>\n<td class=\"andes-table__column andes-table__column--left ui-pdp-specs__table__column\"><span class=\"andes-table__column--value\">ANILLO A2<\/span><\/td>\n<\/tr>\n<\/tbody>\n<\/table>\n<\/div>\n<h3 class=\"ui-pdp-specs__subtitle\">Otras caracter\u00edsticas<\/h3>\n<div class=\"ui-pdp-list ui-pdp-specs__list\">\n<ul class=\"ui-pdp-list__wrapper\">\n<li class=\"ui-pdp-list__item\">\n<p class=\"ui-pdp-family--REGULAR ui-pdp-list__text\"><span class=\"ui-pdp-color--BLACK ui-pdp-size--XSMALL ui-pdp-family--BOLD\">Con vibrador<\/span>: S\u00ed<\/p>\n<\/li>\n<li class=\"ui-pdp-list__item\">\n<p class=\"ui-pdp-family--REGULAR ui-pdp-list__text\"><span class=\"ui-pdp-color--BLACK ui-pdp-size--XSMALL ui-pdp-family--BOLD\">Tipo de anillo para pene<\/span>: ANILLO VIBRADOR<\/p>\n<\/li>\n<\/ul>\n<ul class=\"ui-pdp-list__wrapper\">\n<li class=\"ui-pdp-list__item\">\n<p class=\"ui-pdp-family--REGULAR ui-pdp-list__text\"><span class=\"ui-pdp-color--BLACK ui-pdp-size--XSMALL ui-pdp-family--BOLD\">Material<\/span>: Silicona<\/p>\n<\/li>\n<li class=\"ui-pdp-list__item\">\n<p class=\"ui-pdp-family--REGULAR ui-pdp-list__text\"><span class=\"ui-pdp-color--BLACK ui-pdp-size--XSMALL ui-pdp-family--BOLD\">Di\u00e1metro del anillo para pene<\/span>: 3 cm<\/p>\n<\/li>\n<\/ul>\n<\/div>\n","protected":false},"featured_media":1429,"comment_status":"open","ping_status":"closed","template":"","meta":[],"product_cat":[46,66],"product_tag":[64],"_links":{"self":[{"href":"https:\/\/plumbuss.com\/index.php?rest_route=\/wp\/v2\/product\/1428"}],"collection":[{"href":"https:\/\/plumbuss.com\/index.php?rest_route=\/wp\/v2\/product"}],"about":[{"href":"https:\/\/plumbuss.com\/index.php?rest_route=\/wp\/v2\/types\/product"}],"replies":[{"embeddable":true,"href":"https:\/\/plumbuss.com\/index.php?rest_route=%2Fwp%2Fv2%2Fcomments&post=1428"}],"wp:featuredmedia":[{"embeddable":true,"href":"https:\/\/plumbuss.com\/index.php?rest_route=\/wp\/v2\/media\/1429"}],"wp:attachment":[{"href":"https:\/\/plumbuss.com\/index.php?rest_route=%2Fwp%2Fv2%2Fmedia&parent=1428"}],"wp:term":[{"taxonomy":"product_cat","embeddable":true,"href":"https:\/\/plumbuss.com\/index.php?rest_route=%2Fwp%2Fv2%2Fproduct_cat&post=1428"},{"taxonomy":"product_tag","embeddable":true,"href":"https:\/\/plumbuss.com\/index.php?rest_route=%2Fwp%2Fv2%2Fproduct_tag&post=1428"}],"curies":[{"name":"wp","href":"https:\/\/api.w.org\/{rel}","templated":true}]}}