{"id":1406,"date":"2021-09-19T22:20:41","date_gmt":"2021-09-19T22:20:41","guid":{"rendered":"https:\/\/plumbuss.com\/?post_type=product&#038;p=1406"},"modified":"2026-03-24T20:38:29","modified_gmt":"2026-03-24T20:38:29","slug":"strap-on-sin-arnes-vibrador-triple-motor-a-control-remoto","status":"publish","type":"product","link":"https:\/\/plumbuss.com\/?product=strap-on-sin-arnes-vibrador-triple-motor-a-control-remoto","title":{"rendered":"Strap On Sin Arnes Vibrador, Triple Motor A Control Remoto"},"content":{"rendered":"<p>Descubre el Strap On Vibrador Manual y con App de Plumbuss, una experiencia \u00fanica dise\u00f1ada para quienes buscan explorar nuevas dimensiones de placer. Este producto combina un arn\u00e9s de silicona y ABS con un dildo de silicona, ofreciendo una suavidad y comodidad excepcionales. Con un largo de 24 cm en total (Insertable 13 cm) y un di\u00e1metro de 3.5 cm (en su porci\u00f3n m\u00e1s ancha), es ideal para quienes desean experimentar sensaciones intensas y personalizadas.<\/p>\n<p>La vibraci\u00f3n del dildo a\u00f1ade un nivel extra de estimulaci\u00f3n, permitiendo que cada uso sea una aventura diferente. Adem\u00e1s, su resistencia a salpicaduras lo convierte en una opci\u00f3n vers\u00e1til para disfrutar en diversas situaciones. Con dos dildos incluidos, tendr\u00e1s la libertad de elegir la opci\u00f3n que mejor se adapte a tus deseos. Y eso no es todo, en la parte central con un tercer motor, encontraras una vibraci\u00f3n de tipo puls\u00e1til y una leng\u00fceta, para que disfrutes al m\u00e1ximo mientras le das placer a tu pareja en cada penetraci\u00f3n.<\/p>\n<p>La conectividad a trav\u00e9s de la app permite un control remoto, ideal para parejas que buscan a\u00f1adir un toque de diversi\u00f3n a sus momentos \u00edntimos, y si resulta muy complicado para ti, puedes usarlo tambi\u00e9n de forma manual. Experimenta la posibilidad de personalizar la intensidad y los patrones de vibraci\u00f3n, llevando tu placer a un nuevo nivel. Este producto es perfecto para quienes desean explorar su sexualidad de manera segura y emocionante.<\/p>\n","protected":false},"excerpt":{"rendered":"<div class=\"ui-pdp-specs__table\">\n<div class=\"ui-vpp-striped-specs\">\n<div class=\"ui-vpp-striped-specs__table\">\n<h3 class=\"ui-vpp-striped-specs__header\">Caracter\u00edsticas principales<\/h3>\n<table class=\"andes-table\">\n<tbody class=\"andes-table__body\">\n<tr class=\"andes-table__row ui-vpp-striped-specs__row\">\n<th class=\"andes-table__header andes-table__header--left ui-vpp-striped-specs__row__column ui-vpp-striped-specs__row__column--id\" scope=\"row\">\n<div class=\"andes-table__header__container\">Marca<\/div>\n<\/th>\n<td id=\":Rknlbkulpjm:\" class=\"andes-table__column andes-table__column--left andes-table__column--vertical-align-center ui-vpp-striped-specs__row__column\"><span id=\":Rknlbkulpjm:-value\" class=\"andes-table__column--value\">Plumbuss<\/span><\/td>\n<\/tr>\n<tr class=\"andes-table__row ui-vpp-striped-specs__row\">\n<th class=\"andes-table__header andes-table__header--left ui-vpp-striped-specs__row__column ui-vpp-striped-specs__row__column--id\" scope=\"row\">\n<div class=\"andes-table__header__container\">Modelo<\/div>\n<\/th>\n<td id=\":Rkrlbkulpjm:\" class=\"andes-table__column andes-table__column--left andes-table__column--vertical-align-center ui-vpp-striped-specs__row__column\"><span id=\":Rkrlbkulpjm:-value\" class=\"andes-table__column--value\">STRAP ON APP<\/span><\/td>\n<\/tr>\n<\/tbody>\n<\/table>\n<\/div>\n<\/div>\n<div class=\"ui-vpp-striped-specs\">\n<div class=\"ui-vpp-striped-specs__table\">\n<h3 class=\"ui-vpp-striped-specs__header\">Otras caracter\u00edsticas<\/h3>\n<table class=\"andes-table\">\n<tbody class=\"andes-table__body\">\n<tr class=\"andes-table__row ui-vpp-striped-specs__row\">\n<th class=\"andes-table__header andes-table__header--left ui-vpp-striped-specs__row__column ui-vpp-striped-specs__row__column--id\" scope=\"row\">\n<div class=\"andes-table__header__container\">Material del arn\u00e9s<\/div>\n<\/th>\n<td id=\":R2i7mbkulpjm:\" class=\"andes-table__column andes-table__column--left andes-table__column--vertical-align-center ui-vpp-striped-specs__row__column\"><span id=\":R2i7mbkulpjm:-value\" class=\"andes-table__column--value\">SILICONA + ABS<\/span><\/td>\n<\/tr>\n<tr class=\"andes-table__row ui-vpp-striped-specs__row\">\n<th class=\"andes-table__header andes-table__header--left ui-vpp-striped-specs__row__column ui-vpp-striped-specs__row__column--id\" scope=\"row\">\n<div class=\"andes-table__header__container\">Material del dildo<\/div>\n<\/th>\n<td id=\":R2ibmbkulpjm:\" class=\"andes-table__column andes-table__column--left andes-table__column--vertical-align-center ui-vpp-striped-specs__row__column\"><span id=\":R2ibmbkulpjm:-value\" class=\"andes-table__column--value\">Silicona<\/span><\/td>\n<\/tr>\n<tr class=\"andes-table__row ui-vpp-striped-specs__row\">\n<th class=\"andes-table__header andes-table__header--left ui-vpp-striped-specs__row__column ui-vpp-striped-specs__row__column--id\" scope=\"row\">\n<div class=\"andes-table__header__container\">Tipo de resistencia al agua<\/div>\n<\/th>\n<td id=\":R2ifmbkulpjm:\" class=\"andes-table__column andes-table__column--left andes-table__column--vertical-align-center ui-vpp-striped-specs__row__column\"><span id=\":R2ifmbkulpjm:-value\" class=\"andes-table__column--value\">A prueba de salpicaduras<\/span><\/td>\n<\/tr>\n<tr class=\"andes-table__row ui-vpp-striped-specs__row\">\n<th class=\"andes-table__header andes-table__header--left ui-vpp-striped-specs__row__column ui-vpp-striped-specs__row__column--id\" scope=\"row\">\n<div class=\"andes-table__header__container\">Cantidad de dildos<\/div>\n<\/th>\n<td id=\":R2ijmbkulpjm:\" class=\"andes-table__column andes-table__column--left andes-table__column--vertical-align-center ui-vpp-striped-specs__row__column\"><span id=\":R2ijmbkulpjm:-value\" class=\"andes-table__column--value\">2<\/span><\/td>\n<\/tr>\n<tr class=\"andes-table__row ui-vpp-striped-specs__row\">\n<th class=\"andes-table__header andes-table__header--left ui-vpp-striped-specs__row__column ui-vpp-striped-specs__row__column--id\" scope=\"row\">\n<div class=\"andes-table__header__container\">Largo<\/div>\n<\/th>\n<td id=\":R2inmbkulpjm:\" class=\"andes-table__column andes-table__column--left andes-table__column--vertical-align-center ui-vpp-striped-specs__row__column\"><span id=\":R2inmbkulpjm:-value\" class=\"andes-table__column--value\">13 cm<\/span><\/td>\n<\/tr>\n<tr class=\"andes-table__row ui-vpp-striped-specs__row\">\n<th class=\"andes-table__header andes-table__header--left ui-vpp-striped-specs__row__column ui-vpp-striped-specs__row__column--id\" scope=\"row\">\n<div class=\"andes-table__header__container\">Di\u00e1metro<\/div>\n<\/th>\n<td id=\":R2irmbkulpjm:\" class=\"andes-table__column andes-table__column--left andes-table__column--vertical-align-center ui-vpp-striped-specs__row__column\"><span id=\":R2irmbkulpjm:-value\" class=\"andes-table__column--value\">3.5 cm<\/span><\/td>\n<\/tr>\n<tr class=\"andes-table__row ui-vpp-striped-specs__row\">\n<th class=\"andes-table__header andes-table__header--left ui-vpp-striped-specs__row__column ui-vpp-striped-specs__row__column--id\" scope=\"row\">\n<div class=\"andes-table__header__container\">Tiene vibraci\u00f3n<\/div>\n<\/th>\n<td id=\":R2ivmbkulpjm:\" class=\"andes-table__column andes-table__column--left andes-table__column--vertical-align-center ui-vpp-striped-specs__row__column\"><span id=\":R2ivmbkulpjm:-value\" class=\"andes-table__column--value\">S\u00ed<\/span><\/td>\n<\/tr>\n<tr class=\"andes-table__row ui-vpp-striped-specs__row\">\n<th class=\"andes-table__header andes-table__header--left ui-vpp-striped-specs__row__column ui-vpp-striped-specs__row__column--id\" scope=\"row\">\n<div class=\"andes-table__header__container\">Incluye funda peniana<\/div>\n<\/th>\n<td id=\":R2j3mbkulpjm:\" class=\"andes-table__column andes-table__column--left andes-table__column--vertical-align-center ui-vpp-striped-specs__row__column\"><span id=\":R2j3mbkulpjm:-value\" class=\"andes-table__column--value\">No<\/span><\/td>\n<\/tr>\n<\/tbody>\n<\/table>\n<\/div>\n<\/div>\n<\/div>\n","protected":false},"featured_media":3879,"comment_status":"open","ping_status":"closed","template":"","meta":[],"product_cat":[43],"product_tag":[],"_links":{"self":[{"href":"https:\/\/plumbuss.com\/index.php?rest_route=\/wp\/v2\/product\/1406"}],"collection":[{"href":"https:\/\/plumbuss.com\/index.php?rest_route=\/wp\/v2\/product"}],"about":[{"href":"https:\/\/plumbuss.com\/index.php?rest_route=\/wp\/v2\/types\/product"}],"replies":[{"embeddable":true,"href":"https:\/\/plumbuss.com\/index.php?rest_route=%2Fwp%2Fv2%2Fcomments&post=1406"}],"wp:featuredmedia":[{"embeddable":true,"href":"https:\/\/plumbuss.com\/index.php?rest_route=\/wp\/v2\/media\/3879"}],"wp:attachment":[{"href":"https:\/\/plumbuss.com\/index.php?rest_route=%2Fwp%2Fv2%2Fmedia&parent=1406"}],"wp:term":[{"taxonomy":"product_cat","embeddable":true,"href":"https:\/\/plumbuss.com\/index.php?rest_route=%2Fwp%2Fv2%2Fproduct_cat&post=1406"},{"taxonomy":"product_tag","embeddable":true,"href":"https:\/\/plumbuss.com\/index.php?rest_route=%2Fwp%2Fv2%2Fproduct_tag&post=1406"}],"curies":[{"name":"wp","href":"https:\/\/api.w.org\/{rel}","templated":true}]}}