{"id":1353,"date":"2021-09-19T20:04:06","date_gmt":"2021-09-19T20:04:06","guid":{"rendered":"https:\/\/plumbuss.com\/?post_type=product&#038;p=1353"},"modified":"2026-02-06T22:51:03","modified_gmt":"2026-02-06T22:51:03","slug":"plug-anal-de-silicon-forma-de-rosa","status":"publish","type":"product","link":"https:\/\/plumbuss.com\/?product=plug-anal-de-silicon-forma-de-rosa","title":{"rendered":"Plug Anal De Silicon Forma De Rosa"},"content":{"rendered":"<p>UN PLUG DE LO MAS COQUETO<\/p>\n<p>Si los plug de diamantes o las colas de animales no son para ti, este plug ser\u00e1 tu favorito. Elaborado en silic\u00f3n grado medico y de tacto suave, de punta c\u00f3nica que facilitara su inserci\u00f3n y con una hermosa base en forma de rosa (elaborada tambi\u00e9n en silic\u00f3n) que brindara ese detalle final.<\/p>\n<p>Tama\u00f1o:<\/p>\n<p>Largo total: 11cm<br \/>\nLargo del plug: 5 cm de cono + 2 cm de base<br \/>\nLargo de la rosa: 4 cm<br \/>\nDi\u00e1metro del plug: 3 cm<br \/>\nDi\u00e1metro de la rosa: 7.5cm<\/p>\n<p>***PERMITE MARGEN DE ERROR DE +\/- 0.5 CM***<\/p>\n","protected":false},"excerpt":{"rendered":"<div class=\"ui-pdp-specs__table\">\n<table class=\"andes-table\">\n<tbody class=\"andes-table__body\">\n<tr class=\"andes-table__row\">\n<th class=\"andes-table__header andes-table__header--left ui-pdp-specs__table__column ui-pdp-specs__table__column-title\">Marca<\/th>\n<td class=\"andes-table__column andes-table__column--left ui-pdp-specs__table__column\"><span class=\"andes-table__column--value\">PLUMBUSS<\/span><\/td>\n<\/tr>\n<tr class=\"andes-table__row\">\n<th class=\"andes-table__header andes-table__header--left ui-pdp-specs__table__column ui-pdp-specs__table__column-title\">Modelo<\/th>\n<td class=\"andes-table__column andes-table__column--left ui-pdp-specs__table__column\"><span class=\"andes-table__column--value\">PLUG SILICON EN FORMA DE ROSA<\/span><\/td>\n<\/tr>\n<\/tbody>\n<\/table>\n<\/div>\n<h3 class=\"ui-pdp-specs__subtitle\">Otras caracter\u00edsticas<\/h3>\n<div class=\"ui-pdp-list ui-pdp-specs__list\">\n<ul class=\"ui-pdp-list__wrapper\">\n<li class=\"ui-pdp-list__item\">\n<p class=\"ui-pdp-family--REGULAR ui-pdp-list__text\"><span class=\"ui-pdp-color--BLACK ui-pdp-size--XSMALL ui-pdp-family--BOLD\">Material<\/span>: Silicona<\/p>\n<\/li>\n<li class=\"ui-pdp-list__item\">\n<p class=\"ui-pdp-family--REGULAR ui-pdp-list__text\"><span class=\"ui-pdp-color--BLACK ui-pdp-size--XSMALL ui-pdp-family--BOLD\">Largo x Ancho<\/span>: 7 cm x 3 cm<\/p>\n<\/li>\n<\/ul>\n<ul class=\"ui-pdp-list__wrapper\">\n<li class=\"ui-pdp-list__item\">\n<p class=\"ui-pdp-family--REGULAR ui-pdp-list__text\"><span class=\"ui-pdp-color--BLACK ui-pdp-size--XSMALL ui-pdp-family--BOLD\">Vibraci\u00f3n<\/span>: No<\/p>\n<\/li>\n<\/ul>\n<\/div>\n","protected":false},"featured_media":1366,"comment_status":"open","ping_status":"closed","template":"","meta":[],"product_cat":[35,66],"product_tag":[27,37,36,64],"_links":{"self":[{"href":"https:\/\/plumbuss.com\/index.php?rest_route=\/wp\/v2\/product\/1353"}],"collection":[{"href":"https:\/\/plumbuss.com\/index.php?rest_route=\/wp\/v2\/product"}],"about":[{"href":"https:\/\/plumbuss.com\/index.php?rest_route=\/wp\/v2\/types\/product"}],"replies":[{"embeddable":true,"href":"https:\/\/plumbuss.com\/index.php?rest_route=%2Fwp%2Fv2%2Fcomments&post=1353"}],"wp:featuredmedia":[{"embeddable":true,"href":"https:\/\/plumbuss.com\/index.php?rest_route=\/wp\/v2\/media\/1366"}],"wp:attachment":[{"href":"https:\/\/plumbuss.com\/index.php?rest_route=%2Fwp%2Fv2%2Fmedia&parent=1353"}],"wp:term":[{"taxonomy":"product_cat","embeddable":true,"href":"https:\/\/plumbuss.com\/index.php?rest_route=%2Fwp%2Fv2%2Fproduct_cat&post=1353"},{"taxonomy":"product_tag","embeddable":true,"href":"https:\/\/plumbuss.com\/index.php?rest_route=%2Fwp%2Fv2%2Fproduct_tag&post=1353"}],"curies":[{"name":"wp","href":"https:\/\/api.w.org\/{rel}","templated":true}]}}