{"id":1342,"date":"2021-09-19T19:57:48","date_gmt":"2021-09-19T19:57:48","guid":{"rendered":"https:\/\/plumbuss.com\/?post_type=product&#038;p=1342"},"modified":"2026-02-06T22:51:02","modified_gmt":"2026-02-06T22:51:02","slug":"anillo-para-pene-silicon-control","status":"publish","type":"product","link":"https:\/\/plumbuss.com\/?product=anillo-para-pene-silicon-control","title":{"rendered":"Anillo Para Pene Silicon Control"},"content":{"rendered":"<p>EL JUGUETE IDEAL PARA USAR EN PAREJA<\/p>\n<p>Anillo para hombre \u2013 ligero, tacto suave, reduciendo la sensaci\u00f3n de cuerpo extra\u00f1o en uso. Dise\u00f1o apretado y ajustable para mantenerlo en su lugar mientras se usa, prolonga tu tiempo sexual y te da a ti y a tu pareja una experiencia sexual ideal.<\/p>\n<p>Cabeza Vibradora Tipo Pulgar &#8211; Este es un juguete sexual para parejas. Enciende el interruptor de encendido, el mini vibrador estimular\u00e1 con precisi\u00f3n el cl\u00edtoris femenino, usted y su amante alcanzar\u00e1n un maravilloso orgasmo juntos.<\/p>\n<p>Control remoto de 7mts \u2013 con el mando a distancia inal\u00e1mbrico, puedes encender o apagar el vibrador en cualquier momento.<\/p>\n<p>Caracteristicas:<\/p>\n<p>*Material: Silicone + ABS<br \/>\n*Medidas: 11.4 cm (L) x 9 cm (H) x 4 cm (W)<br \/>\n*Control: 66mm x 46 mm, Pila: 238 12 VT (Incluida)<br \/>\n*Bateria: Bateria de litio recargable con USB<br \/>\n*A prueba de agua IPX7: no sumergir a profundidad de m\u00e1s de 1 metro ni por m\u00e1s de 30 minutos, (el control NO es a prueba de agua)<br \/>\n*Vibraci\u00f3n: 10 Frecuencias<\/p>\n","protected":false},"excerpt":{"rendered":"<div class=\"ui-pdp-specs__table\">\n<table class=\"andes-table\">\n<tbody class=\"andes-table__body\">\n<tr class=\"andes-table__row\">\n<th class=\"andes-table__header andes-table__header--left ui-pdp-specs__table__column ui-pdp-specs__table__column-title\">Marca<\/th>\n<td class=\"andes-table__column andes-table__column--left ui-pdp-specs__table__column\"><span class=\"andes-table__column--value\">YANG SHUANG FEI<\/span><\/td>\n<\/tr>\n<tr class=\"andes-table__row\">\n<th class=\"andes-table__header andes-table__header--left ui-pdp-specs__table__column ui-pdp-specs__table__column-title\">Modelo<\/th>\n<td class=\"andes-table__column andes-table__column--left ui-pdp-specs__table__column\"><span class=\"andes-table__column--value\">ANILLO VIBRADOR PARA PENE<\/span><\/td>\n<\/tr>\n<\/tbody>\n<\/table>\n<\/div>\n<h3 class=\"ui-pdp-specs__subtitle\">Otras caracter\u00edsticas<\/h3>\n<div class=\"ui-pdp-list ui-pdp-specs__list\">\n<ul class=\"ui-pdp-list__wrapper\">\n<li class=\"ui-pdp-list__item\">\n<p class=\"ui-pdp-family--REGULAR ui-pdp-list__text\"><span class=\"ui-pdp-color--BLACK ui-pdp-size--XSMALL ui-pdp-family--BOLD\">Con vibrador<\/span>: S\u00ed<\/p>\n<\/li>\n<li class=\"ui-pdp-list__item\">\n<p class=\"ui-pdp-family--REGULAR ui-pdp-list__text\"><span class=\"ui-pdp-color--BLACK ui-pdp-size--XSMALL ui-pdp-family--BOLD\">Tipo de anillo para pene<\/span>: Anillo Vibrador Estimulacion de Clitoris<\/p>\n<\/li>\n<\/ul>\n<ul class=\"ui-pdp-list__wrapper\">\n<li class=\"ui-pdp-list__item\">\n<p class=\"ui-pdp-family--REGULAR ui-pdp-list__text\"><span class=\"ui-pdp-color--BLACK ui-pdp-size--XSMALL ui-pdp-family--BOLD\">Material<\/span>: Silicona + ABS<\/p>\n<\/li>\n<li class=\"ui-pdp-list__item\">\n<p class=\"ui-pdp-family--REGULAR ui-pdp-list__text\"><span class=\"ui-pdp-color--BLACK ui-pdp-size--XSMALL ui-pdp-family--BOLD\">Di\u00e1metro del anillo para pene<\/span>: 4 cm<\/p>\n<\/li>\n<\/ul>\n<ul class=\"ui-pdp-list__wrapper\">\n<li class=\"ui-pdp-list__item\">\n<p class=\"ui-pdp-family--REGULAR ui-pdp-list__text\"><span class=\"ui-pdp-color--BLACK ui-pdp-size--XSMALL ui-pdp-family--BOLD\">Largo del dildo<\/span>: 11 cm<\/p>\n<\/li>\n<\/ul>\n<\/div>\n","protected":false},"featured_media":1343,"comment_status":"open","ping_status":"closed","template":"","meta":[],"product_cat":[46],"product_tag":[49,33,47],"_links":{"self":[{"href":"https:\/\/plumbuss.com\/index.php?rest_route=\/wp\/v2\/product\/1342"}],"collection":[{"href":"https:\/\/plumbuss.com\/index.php?rest_route=\/wp\/v2\/product"}],"about":[{"href":"https:\/\/plumbuss.com\/index.php?rest_route=\/wp\/v2\/types\/product"}],"replies":[{"embeddable":true,"href":"https:\/\/plumbuss.com\/index.php?rest_route=%2Fwp%2Fv2%2Fcomments&post=1342"}],"wp:featuredmedia":[{"embeddable":true,"href":"https:\/\/plumbuss.com\/index.php?rest_route=\/wp\/v2\/media\/1343"}],"wp:attachment":[{"href":"https:\/\/plumbuss.com\/index.php?rest_route=%2Fwp%2Fv2%2Fmedia&parent=1342"}],"wp:term":[{"taxonomy":"product_cat","embeddable":true,"href":"https:\/\/plumbuss.com\/index.php?rest_route=%2Fwp%2Fv2%2Fproduct_cat&post=1342"},{"taxonomy":"product_tag","embeddable":true,"href":"https:\/\/plumbuss.com\/index.php?rest_route=%2Fwp%2Fv2%2Fproduct_tag&post=1342"}],"curies":[{"name":"wp","href":"https:\/\/api.w.org\/{rel}","templated":true}]}}