{"id":1332,"date":"2021-09-19T19:50:54","date_gmt":"2021-09-19T19:50:54","guid":{"rendered":"https:\/\/plumbuss.com\/?post_type=product&#038;p=1332"},"modified":"2023-08-07T01:12:20","modified_gmt":"2023-08-07T01:12:20","slug":"vibrador-telescopico-con-lengua-termico","status":"publish","type":"product","link":"https:\/\/plumbuss.com\/?product=vibrador-telescopico-con-lengua-termico","title":{"rendered":"Vibrador Telescopico Con Lengua Termico"},"content":{"rendered":"<p>LA NUEVA GENERACI\u00d3N DE VIBRADORES YA EST\u00c1 AQU\u00cd!!<\/p>\n<p>Un tipo de vibrador nuevo y excitante, la nueva generaci\u00f3n busca el unir las principales caracter\u00edsticas buscadas por los usuario en un solo juguete.<\/p>\n<p>Novedades:<\/p>\n<p>1) Estimulaci\u00f3n De Cl\u00edtoris: cuenta con un sistema tipo conejo rotatorio compuesto de leng\u00fcetas que tienen la funci\u00f3n de dar la sensaci\u00f3n de lamer el cl\u00edtoris.<\/p>\n<p>2) Funci\u00f3n Telesc\u00f3pica: la longitud insertable no es problema, ya que esta funci\u00f3n permite que la punta del vibrador pueda extenderse hasta 4 cm de forma. Como extra, en la cabeza cuenta por ambos lados con micro impresiones tipo punto para aumentar la estimulaci\u00f3n.<\/p>\n<p>3) Funci\u00f3n T\u00e9rmica: Vuelve la superficie penetrable del juguete c\u00e1lida, para hacer la penetraci\u00f3n m\u00e1s placentera, es inteligente, por lo que al encenderlo comienza a calentarse de forma autom\u00e1tica y se apagar\u00e1 al alcanzar la temperatura id\u00f3nea.<\/p>\n<p>Caracter\u00edstica:<\/p>\n<p>Material: Silicona de alta calidad + ABS<br \/>\nTipo de Vibraci\u00f3n: 12 modos de rotaci\u00f3n y 3 modos de funci\u00f3n telesc\u00f3pica<br \/>\nAlimentaci\u00f3n: USB recargable<br \/>\nDise\u00f1o resistente al agua<br \/>\nColor: morado<br \/>\nTama\u00f1o: 23 cm x 3.6 cm en su parte m\u00e1s ancha<br \/>\nPeso: 206 gr<\/p>\n<p>***Permite margen de error de +\/- 1 cm***<\/p>\n","protected":false},"excerpt":{"rendered":"<div class=\"ui-pdp-specs__table\">\n<table class=\"andes-table\">\n<tbody class=\"andes-table__body\">\n<tr class=\"andes-table__row\">\n<th class=\"andes-table__header andes-table__header--left ui-pdp-specs__table__column ui-pdp-specs__table__column-title\">Marca<\/th>\n<td class=\"andes-table__column andes-table__column--left ui-pdp-specs__table__column\"><span class=\"andes-table__column--value\">Man Nuo<\/span><\/td>\n<\/tr>\n<tr class=\"andes-table__row\">\n<th class=\"andes-table__header andes-table__header--left ui-pdp-specs__table__column ui-pdp-specs__table__column-title\">Modelo<\/th>\n<td class=\"andes-table__column andes-table__column--left ui-pdp-specs__table__column\"><span class=\"andes-table__column--value\">KITTY VIBRATING ROD TELESC\u00d3PICO SEXO ORAL<\/span><\/td>\n<\/tr>\n<tr class=\"andes-table__row\">\n<th class=\"andes-table__header andes-table__header--left ui-pdp-specs__table__column ui-pdp-specs__table__column-title\">Color<\/th>\n<td class=\"andes-table__column andes-table__column--left ui-pdp-specs__table__column\"><span class=\"andes-table__column--value\">Morado<\/span><\/td>\n<\/tr>\n<\/tbody>\n<\/table>\n<\/div>\n<h3 class=\"ui-pdp-specs__subtitle\">Otras caracter\u00edsticas<\/h3>\n<div class=\"ui-pdp-list ui-pdp-specs__list\">\n<ul class=\"ui-pdp-list__wrapper\">\n<li class=\"ui-pdp-list__item\">\n<p class=\"ui-pdp-family--REGULAR ui-pdp-list__text\"><span class=\"ui-pdp-color--BLACK ui-pdp-size--XSMALL ui-pdp-family--BOLD\">Tipo de vibrador<\/span>: ESTIMULADOR DE PUNTO G CON CALEFFACION<\/p>\n<\/li>\n<li class=\"ui-pdp-list__item\">\n<p class=\"ui-pdp-family--REGULAR ui-pdp-list__text\"><span class=\"ui-pdp-color--BLACK ui-pdp-size--XSMALL ui-pdp-family--BOLD\">Largo<\/span>: 23 cm<\/p>\n<\/li>\n<\/ul>\n<ul class=\"ui-pdp-list__wrapper\">\n<li class=\"ui-pdp-list__item\">\n<p class=\"ui-pdp-family--REGULAR ui-pdp-list__text\"><span class=\"ui-pdp-color--BLACK ui-pdp-size--XSMALL ui-pdp-family--BOLD\">Di\u00e1metro<\/span>: 3.6 cm<\/p>\n<\/li>\n<li class=\"ui-pdp-list__item\">\n<p class=\"ui-pdp-family--REGULAR ui-pdp-list__text\"><span class=\"ui-pdp-color--BLACK ui-pdp-size--XSMALL ui-pdp-family--BOLD\">Tipo de alimentaci\u00f3n<\/span>: RECARGABLE USB<\/p>\n<\/li>\n<\/ul>\n<ul class=\"ui-pdp-list__wrapper\">\n<li class=\"ui-pdp-list__item\">\n<p class=\"ui-pdp-family--REGULAR ui-pdp-list__text\"><span class=\"ui-pdp-color--BLACK ui-pdp-size--XSMALL ui-pdp-family--BOLD\">Material<\/span>: SILICONE + ABS<\/p>\n<\/li>\n<li class=\"ui-pdp-list__item\">\n<p class=\"ui-pdp-family--REGULAR ui-pdp-list__text\"><span class=\"ui-pdp-color--BLACK ui-pdp-size--XSMALL ui-pdp-family--BOLD\">Cantidad de velocidades<\/span>: 12<\/p>\n<\/li>\n<\/ul>\n<\/div>\n","protected":false},"featured_media":1337,"comment_status":"open","ping_status":"closed","template":"","meta":[],"product_cat":[51],"product_tag":[],"_links":{"self":[{"href":"https:\/\/plumbuss.com\/index.php?rest_route=\/wp\/v2\/product\/1332"}],"collection":[{"href":"https:\/\/plumbuss.com\/index.php?rest_route=\/wp\/v2\/product"}],"about":[{"href":"https:\/\/plumbuss.com\/index.php?rest_route=\/wp\/v2\/types\/product"}],"replies":[{"embeddable":true,"href":"https:\/\/plumbuss.com\/index.php?rest_route=%2Fwp%2Fv2%2Fcomments&post=1332"}],"wp:featuredmedia":[{"embeddable":true,"href":"https:\/\/plumbuss.com\/index.php?rest_route=\/wp\/v2\/media\/1337"}],"wp:attachment":[{"href":"https:\/\/plumbuss.com\/index.php?rest_route=%2Fwp%2Fv2%2Fmedia&parent=1332"}],"wp:term":[{"taxonomy":"product_cat","embeddable":true,"href":"https:\/\/plumbuss.com\/index.php?rest_route=%2Fwp%2Fv2%2Fproduct_cat&post=1332"},{"taxonomy":"product_tag","embeddable":true,"href":"https:\/\/plumbuss.com\/index.php?rest_route=%2Fwp%2Fv2%2Fproduct_tag&post=1332"}],"curies":[{"name":"wp","href":"https:\/\/api.w.org\/{rel}","templated":true}]}}