{"id":1304,"date":"2021-09-19T19:19:12","date_gmt":"2021-09-19T19:19:12","guid":{"rendered":"https:\/\/plumbuss.com\/?post_type=product&#038;p=1304"},"modified":"2023-08-06T22:51:02","modified_gmt":"2023-08-06T22:51:02","slug":"enema-ducha-anal-vaginal-colt","status":"publish","type":"product","link":"https:\/\/plumbuss.com\/?product=enema-ducha-anal-vaginal-colt","title":{"rendered":"Enema\/ducha Anal-Vaginal Colt"},"content":{"rendered":"<p>Mant\u00e9ngase limpio y estimulado con el sistema de limpieza COLT Anal Douche \u2122 f\u00e1cil de usar con accesorios dobles y pera de apriete EZ, con COLT Anal Douche \u2122, aqu\u00ed hay un sistema de limpieza higi\u00e9nicamente superior y seguro para el cuerpo que no se puede superar.<\/p>\n<p>COLT Anal Douche \u2122 har\u00e1 que cualquier aventura anal y juego de duchas sea m\u00e1s f\u00e1cil y emocionante. Es un verdadero sistema de limpieza del tama\u00f1o de un hombre que est\u00e1 dise\u00f1ado para brindar poder y placer. Siempre limpie la ducha vaginal con agua tibia y jab\u00f3n antes y despu\u00e9s de cada uso. Adem\u00e1s, para una m\u00e1xima comodidad, use la ducha con un lubricante a base de agua.<\/p>\n<p>Hecha de ABS y caucho, esta ducha anal es tan segura como limpiadora y sensual. El COLT Anal Douche \u2122 tambi\u00e9n se desmonta para facilitar la limpieza. Esta ducha vaginal reutilizable es duradera y flexible. Esta es una experiencia de ducha vaginal que disfrutar\u00e1 con facilidad.<\/p>\n<p>Caracter\u00edsticas:<\/p>\n<p>Color: negro<br \/>\nMateriales: Pl\u00e1stico ABS libre de ftalatos<br \/>\nResistente al agua<br \/>\nPeso a granel: 5,9 (oz) \/ 0,17 (kg) | Paquete: 15.9 (oz) \/ 0.45 (kg)<br \/>\nPaquete 3 x 4 x 10,5 (pulgadas) \/ 7,5 x 10,25 x 26,75 (cm)<\/p>\n","protected":false},"excerpt":{"rendered":"<div class=\"ui-pdp-specs__table\">\n<table class=\"andes-table\">\n<tbody class=\"andes-table__body\">\n<tr class=\"andes-table__row\">\n<th class=\"andes-table__header andes-table__header--left ui-pdp-specs__table__column ui-pdp-specs__table__column-title\">Marca<\/th>\n<td class=\"andes-table__column andes-table__column--left ui-pdp-specs__table__column\"><span class=\"andes-table__column--value\">California Exotic<\/span><\/td>\n<\/tr>\n<tr class=\"andes-table__row\">\n<th class=\"andes-table__header andes-table__header--left ui-pdp-specs__table__column ui-pdp-specs__table__column-title\">Modelo<\/th>\n<td class=\"andes-table__column andes-table__column--left ui-pdp-specs__table__column\"><span class=\"andes-table__column--value\">COLT ANAL DOUCHE<\/span><\/td>\n<\/tr>\n<tr class=\"andes-table__row\">\n<th class=\"andes-table__header andes-table__header--left ui-pdp-specs__table__column ui-pdp-specs__table__column-title\">Color<\/th>\n<td class=\"andes-table__column andes-table__column--left ui-pdp-specs__table__column\"><span class=\"andes-table__column--value\">Negro<\/span><\/td>\n<\/tr>\n<\/tbody>\n<\/table>\n<\/div>\n<h3 class=\"ui-pdp-specs__subtitle\">Otras caracter\u00edsticas<\/h3>\n<div class=\"ui-pdp-list ui-pdp-specs__list\">\n<ul class=\"ui-pdp-list__wrapper\">\n<li class=\"ui-pdp-list__item\">\n<p class=\"ui-pdp-family--REGULAR ui-pdp-list__text\"><span class=\"ui-pdp-color--BLACK ui-pdp-size--XSMALL ui-pdp-family--BOLD\">Material<\/span>: ABS<\/p>\n<\/li>\n<li class=\"ui-pdp-list__item\">\n<p class=\"ui-pdp-family--REGULAR ui-pdp-list__text\"><span class=\"ui-pdp-color--BLACK ui-pdp-size--XSMALL ui-pdp-family--BOLD\">Largo total<\/span>: 25 cm<\/p>\n<\/li>\n<\/ul>\n<ul class=\"ui-pdp-list__wrapper\">\n<li class=\"ui-pdp-list__item\">\n<p class=\"ui-pdp-family--REGULAR ui-pdp-list__text\"><span class=\"ui-pdp-color--BLACK ui-pdp-size--XSMALL ui-pdp-family--BOLD\">Di\u00e1metro m\u00e1ximo<\/span>: 2 cm<\/p>\n<\/li>\n<li class=\"ui-pdp-list__item\">\n<p class=\"ui-pdp-family--REGULAR ui-pdp-list__text\"><span class=\"ui-pdp-color--BLACK ui-pdp-size--XSMALL ui-pdp-family--BOLD\">Capacidad en volumen<\/span>: 195 mL<\/p>\n<\/li>\n<\/ul>\n<\/div>\n","protected":false},"featured_media":1305,"comment_status":"open","ping_status":"closed","template":"","meta":[],"product_cat":[62],"product_tag":[27,36],"_links":{"self":[{"href":"https:\/\/plumbuss.com\/index.php?rest_route=\/wp\/v2\/product\/1304"}],"collection":[{"href":"https:\/\/plumbuss.com\/index.php?rest_route=\/wp\/v2\/product"}],"about":[{"href":"https:\/\/plumbuss.com\/index.php?rest_route=\/wp\/v2\/types\/product"}],"replies":[{"embeddable":true,"href":"https:\/\/plumbuss.com\/index.php?rest_route=%2Fwp%2Fv2%2Fcomments&post=1304"}],"wp:featuredmedia":[{"embeddable":true,"href":"https:\/\/plumbuss.com\/index.php?rest_route=\/wp\/v2\/media\/1305"}],"wp:attachment":[{"href":"https:\/\/plumbuss.com\/index.php?rest_route=%2Fwp%2Fv2%2Fmedia&parent=1304"}],"wp:term":[{"taxonomy":"product_cat","embeddable":true,"href":"https:\/\/plumbuss.com\/index.php?rest_route=%2Fwp%2Fv2%2Fproduct_cat&post=1304"},{"taxonomy":"product_tag","embeddable":true,"href":"https:\/\/plumbuss.com\/index.php?rest_route=%2Fwp%2Fv2%2Fproduct_tag&post=1304"}],"curies":[{"name":"wp","href":"https:\/\/api.w.org\/{rel}","templated":true}]}}