{"id":1275,"date":"2021-09-19T18:58:41","date_gmt":"2021-09-19T18:58:41","guid":{"rendered":"https:\/\/plumbuss.com\/?post_type=product&#038;p=1275"},"modified":"2022-04-01T07:11:31","modified_gmt":"2022-04-01T07:11:31","slug":"juego-plug-anal-cola-y-orejas-de-gato-con-horquilla","status":"publish","type":"product","link":"https:\/\/plumbuss.com\/?product=juego-plug-anal-cola-y-orejas-de-gato-con-horquilla","title":{"rendered":"Juego Plug Anal Cola Y Orejas De Gato Con Horquilla"},"content":{"rendered":"<p>ME PARECIO HABER VISTO UN LINDO GATITO<\/p>\n<p>Este juego incluye un par de orejas de gato, con un lindo list\u00f3n y cascabel con un pasador en la base por si quieres usarlas separadas (incluye una diadema delgada aparte) de color a juego con la cola. La cola de 40 cm de largo esta elaborada en material sint\u00e9tico pero es esponjosa (peinar suavemente) con un lindo list\u00f3n en la punta para darle una apariencia mas tierna, adem\u00e1s de contar con un plug anal de acero inoxidable de 7cm de largo por 2.8 cm de di\u00e1metro, de punta c\u00f3nica que facilita la inserci\u00f3n.<\/p>\n<p>Medidas:<br \/>\nCola: 48 cm de largo total (40-41cm es de cola)<br \/>\nPlug Anal: 7cm x 2.8cm<br \/>\nOrejas: Diadema standard adulto, Orejas 9cm de base x 12 cm de alto (punto medio)<\/p>\n<p>**PERMITE MARGEN DE ERROR DE +\/- 1 CM EN EL LARGO TOTAL DE LA COLA**<\/p>\n","protected":false},"excerpt":{"rendered":"<div class=\"ui-pdp-specs__table\">\n<table class=\"andes-table\">\n<tbody class=\"andes-table__body\">\n<tr class=\"andes-table__row\">\n<th class=\"andes-table__header andes-table__header--left ui-pdp-specs__table__column ui-pdp-specs__table__column-title\">Marca<\/th>\n<td class=\"andes-table__column andes-table__column--left ui-pdp-specs__table__column\"><span class=\"andes-table__column--value\">PLUMBUSS<\/span><\/td>\n<\/tr>\n<tr class=\"andes-table__row\">\n<th class=\"andes-table__header andes-table__header--left ui-pdp-specs__table__column ui-pdp-specs__table__column-title\">Modelo<\/th>\n<td class=\"andes-table__column andes-table__column--left ui-pdp-specs__table__column\"><span class=\"andes-table__column--value\">GATO CUTE<\/span><\/td>\n<\/tr>\n<\/tbody>\n<\/table>\n<\/div>\n<h3 class=\"ui-pdp-specs__subtitle\">Otras caracter\u00edsticas<\/h3>\n<div class=\"ui-pdp-list ui-pdp-specs__list\">\n<ul class=\"ui-pdp-list__wrapper\">\n<li class=\"ui-pdp-list__item\">\n<p class=\"ui-pdp-family--REGULAR ui-pdp-list__text\"><span class=\"ui-pdp-color--BLACK ui-pdp-size--XSMALL ui-pdp-family--BOLD\">Material<\/span>: Acero + Pelaje Sintetico<\/p>\n<\/li>\n<li class=\"ui-pdp-list__item\">\n<p class=\"ui-pdp-family--REGULAR ui-pdp-list__text\"><span class=\"ui-pdp-color--BLACK ui-pdp-size--XSMALL ui-pdp-family--BOLD\">Largo x Ancho<\/span>: 40 cm x 7.5 cm<\/p>\n<\/li>\n<\/ul>\n<ul class=\"ui-pdp-list__wrapper\">\n<li class=\"ui-pdp-list__item\">\n<p class=\"ui-pdp-family--REGULAR ui-pdp-list__text\"><span class=\"ui-pdp-color--BLACK ui-pdp-size--XSMALL ui-pdp-family--BOLD\">Vibraci\u00f3n<\/span>: No<\/p>\n<\/li>\n<\/ul>\n<\/div>\n","protected":false},"featured_media":1285,"comment_status":"open","ping_status":"closed","template":"","meta":[],"product_cat":[25],"product_tag":[28,26,29],"_links":{"self":[{"href":"https:\/\/plumbuss.com\/index.php?rest_route=\/wp\/v2\/product\/1275"}],"collection":[{"href":"https:\/\/plumbuss.com\/index.php?rest_route=\/wp\/v2\/product"}],"about":[{"href":"https:\/\/plumbuss.com\/index.php?rest_route=\/wp\/v2\/types\/product"}],"replies":[{"embeddable":true,"href":"https:\/\/plumbuss.com\/index.php?rest_route=%2Fwp%2Fv2%2Fcomments&post=1275"}],"wp:featuredmedia":[{"embeddable":true,"href":"https:\/\/plumbuss.com\/index.php?rest_route=\/wp\/v2\/media\/1285"}],"wp:attachment":[{"href":"https:\/\/plumbuss.com\/index.php?rest_route=%2Fwp%2Fv2%2Fmedia&parent=1275"}],"wp:term":[{"taxonomy":"product_cat","embeddable":true,"href":"https:\/\/plumbuss.com\/index.php?rest_route=%2Fwp%2Fv2%2Fproduct_cat&post=1275"},{"taxonomy":"product_tag","embeddable":true,"href":"https:\/\/plumbuss.com\/index.php?rest_route=%2Fwp%2Fv2%2Fproduct_tag&post=1275"}],"curies":[{"name":"wp","href":"https:\/\/api.w.org\/{rel}","templated":true}]}}