{"id":1242,"date":"2021-09-19T18:19:15","date_gmt":"2021-09-19T18:19:15","guid":{"rendered":"https:\/\/plumbuss.com\/?post_type=product&#038;p=1242"},"modified":"2021-09-27T22:05:58","modified_gmt":"2021-09-27T22:05:58","slug":"dildo-eyaculador-de-perilla-con-testiculos-bronceado","status":"publish","type":"product","link":"https:\/\/plumbuss.com\/?product=dildo-eyaculador-de-perilla-con-testiculos-bronceado","title":{"rendered":"Dildo Eyaculador de Perilla Con Testiculos Bronceado"},"content":{"rendered":"<p>M\u00c1S REAL NO SE PUEDE<\/p>\n<p>Este dildo eyaculador tiene acci\u00f3n real de chorros , cuenta con caracter\u00edsticas realistas, como una cabeza bulbosa e impresi\u00f3n de venas a los largo del dildo, con testiculos tambi\u00e9n de impresi\u00f3n realista, y un color bronceado por si los dildos p\u00e1lidos no son lo tuyo, es totalmente impermeable y libre de ftalatos. Al ser un eyaculador de perilla, permite que controles al 100% el momento perfecto para simular la eyaculaci\u00f3n.<\/p>\n<p>Caracter\u00edsticas Del Juguete:<\/p>\n<p>Material: PVC<br \/>\nLargo total: 19 cm (7.48 Pulgadas)<br \/>\nLargo insertable: 13 cm (5.12 Pulgadas)<br \/>\nGrosor: 3.5 cm (1.38 Pulgadas)<br \/>\nCapacidad: 60 ml<br \/>\nTubo de silicona Longitud: 60cm<\/p>\n<p>**PERMITE UN MARGEN DE ERROR EN LAS MEDIDAS DE +\/- 1 CM**<\/p>\n<p>!! YA TENEMOS LUBRICANTE TIPO SEMEN !!<\/p>\n","protected":false},"excerpt":{"rendered":"<div class=\"ui-pdp-specs__table\">\n<table class=\"andes-table\">\n<tbody class=\"andes-table__body\">\n<tr class=\"andes-table__row\">\n<th class=\"andes-table__header andes-table__header--left ui-pdp-specs__table__column ui-pdp-specs__table__column-title\">Marca<\/th>\n<td class=\"andes-table__column andes-table__column--left ui-pdp-specs__table__column\"><span class=\"andes-table__column--value\">PLUMBUSS<\/span><\/td>\n<\/tr>\n<tr class=\"andes-table__row\">\n<th class=\"andes-table__header andes-table__header--left ui-pdp-specs__table__column ui-pdp-specs__table__column-title\">Modelo<\/th>\n<td class=\"andes-table__column andes-table__column--left ui-pdp-specs__table__column\"><span class=\"andes-table__column--value\">EYACULADOR CON TESTICULOS BRONCEADO<\/span><\/td>\n<\/tr>\n<tr class=\"andes-table__row\">\n<th class=\"andes-table__header andes-table__header--left ui-pdp-specs__table__column ui-pdp-specs__table__column-title\">Largo total<\/th>\n<td class=\"andes-table__column andes-table__column--left ui-pdp-specs__table__column\"><span class=\"andes-table__column--value\">19 cm<\/span><\/td>\n<\/tr>\n<tr class=\"andes-table__row\">\n<th class=\"andes-table__header andes-table__header--left ui-pdp-specs__table__column ui-pdp-specs__table__column-title\">Di\u00e1metro<\/th>\n<td class=\"andes-table__column andes-table__column--left ui-pdp-specs__table__column\"><span class=\"andes-table__column--value\">3 cm<\/span><\/td>\n<\/tr>\n<\/tbody>\n<\/table>\n<\/div>\n<h3 class=\"ui-pdp-specs__subtitle\">Otras caracter\u00edsticas<\/h3>\n<div class=\"ui-pdp-list ui-pdp-specs__list\">\n<ul class=\"ui-pdp-list__wrapper\">\n<li class=\"ui-pdp-list__item\">\n<p class=\"ui-pdp-family--REGULAR ui-pdp-list__text\"><span class=\"ui-pdp-color--BLACK ui-pdp-size--XSMALL ui-pdp-family--BOLD\">Forma del dildo<\/span>: Realista<\/p>\n<\/li>\n<li class=\"ui-pdp-list__item\">\n<p class=\"ui-pdp-family--REGULAR ui-pdp-list__text\"><span class=\"ui-pdp-color--BLACK ui-pdp-size--XSMALL ui-pdp-family--BOLD\">Con ventosa<\/span>: S\u00ed<\/p>\n<\/li>\n<\/ul>\n<ul class=\"ui-pdp-list__wrapper\">\n<li class=\"ui-pdp-list__item\">\n<p class=\"ui-pdp-family--REGULAR ui-pdp-list__text\"><span class=\"ui-pdp-color--BLACK ui-pdp-size--XSMALL ui-pdp-family--BOLD\">Es compatible con arn\u00e9s<\/span>: S\u00ed<\/p>\n<\/li>\n<li class=\"ui-pdp-list__item\">\n<p class=\"ui-pdp-family--REGULAR ui-pdp-list__text\"><span class=\"ui-pdp-color--BLACK ui-pdp-size--XSMALL ui-pdp-family--BOLD\">Con test\u00edculos<\/span>: S\u00ed<\/p>\n<\/li>\n<\/ul>\n<\/div>\n","protected":false},"featured_media":1250,"comment_status":"open","ping_status":"closed","template":"","meta":[],"product_cat":[55],"product_tag":[34],"_links":{"self":[{"href":"https:\/\/plumbuss.com\/index.php?rest_route=\/wp\/v2\/product\/1242"}],"collection":[{"href":"https:\/\/plumbuss.com\/index.php?rest_route=\/wp\/v2\/product"}],"about":[{"href":"https:\/\/plumbuss.com\/index.php?rest_route=\/wp\/v2\/types\/product"}],"replies":[{"embeddable":true,"href":"https:\/\/plumbuss.com\/index.php?rest_route=%2Fwp%2Fv2%2Fcomments&post=1242"}],"wp:featuredmedia":[{"embeddable":true,"href":"https:\/\/plumbuss.com\/index.php?rest_route=\/wp\/v2\/media\/1250"}],"wp:attachment":[{"href":"https:\/\/plumbuss.com\/index.php?rest_route=%2Fwp%2Fv2%2Fmedia&parent=1242"}],"wp:term":[{"taxonomy":"product_cat","embeddable":true,"href":"https:\/\/plumbuss.com\/index.php?rest_route=%2Fwp%2Fv2%2Fproduct_cat&post=1242"},{"taxonomy":"product_tag","embeddable":true,"href":"https:\/\/plumbuss.com\/index.php?rest_route=%2Fwp%2Fv2%2Fproduct_tag&post=1242"}],"curies":[{"name":"wp","href":"https:\/\/api.w.org\/{rel}","templated":true}]}}