{"id":1196,"date":"2021-09-15T01:30:24","date_gmt":"2021-09-15T01:30:24","guid":{"rendered":"https:\/\/plumbuss.com\/?post_type=product&#038;p=1196"},"modified":"2022-02-09T21:44:56","modified_gmt":"2022-02-09T21:44:56","slug":"kit-principiantes-anillo-para-pene-y-bala","status":"publish","type":"product","link":"https:\/\/plumbuss.com\/?product=kit-principiantes-anillo-para-pene-y-bala","title":{"rendered":"Kit Principiantes Anillo Para Pene Y Bala"},"content":{"rendered":"<p>Una combinaci\u00f3n perfecta de dos cl\u00e1sicos del tiempo de juego, esta colecci\u00f3n Intense incluye una peque\u00f1a bala sexy para cualquier cosa y (\u00a1hablando de lo que sea!) \u00a1Un anillo vibrante para el pene vibrante y totalmente compartible, tambi\u00e9n!<\/p>\n<p>Comencemos con la bala. Este placer probado y verdadero imprescindible encaja en casi cualquier situaci\u00f3n sexy, desde agregar atenci\u00f3n extra del cl\u00edtoris al sexo y los juegos previos hasta una autoestimulaci\u00f3n incre\u00edblemente precisa en casa o fuera de ella. El peque\u00f1o tama\u00f1o hace que el Bullet sea m\u00e1s f\u00e1cil de viajar, justo lo que se necesita para guardar en un bolso o bolsillo. 10 &#8211; s\u00ed, 10- modos de vibraci\u00f3n constante, pulsante y creciente se activan con solo tocar un bot\u00f3n.<\/p>\n<p>En cuanto al Cock Ring, es f\u00e1cil de usar y muy vers\u00e1til. Cuando se usa sobre la base del pene o la base y las bolas, la sensaci\u00f3n de comodidad lo ayuda a estar duro y listo. Mientras tanto, la mini bala extra\u00edble y el parche de textura delicada en la parte superior se colocan en el camino de los puntos dulces externos de un compa\u00f1ero de juegos. El bot\u00f3n de encendido del Cock Ring est\u00e1 arriba, al alcance de cualquiera de los dos.<\/p>\n<p>En silicona segura para el cuerpo (anillo para el pene) y pl\u00e1stico ABS, ambas piezas se limpian f\u00e1cilmente con agua tibia y jab\u00f3n o un buen l\u00edquido \/ espuma para el cuidado de los juguetes. Compatible con cualquier lubricante a base de agua favorito: cuando use (y almacene) el anillo para el pene, evite el contacto con lubricantes de silicona y otros juguetes de silicona. Vibe lleva 1 pila AAA y el anillo lleva 2 pilas LR41. Todas las bater\u00edas incluidas.<\/p>\n<p>* Las siguientes medidas representan la bala, el anillo para el pene se extiende desde aproximadamente 1 &#8220;(2,5 cm)<\/p>\n<p>Caracter\u00edsticas:<\/p>\n<p>Largo: 3.5 pulgadas<br \/>\nCircunferencia: 2.25 pulgadas en el punto m\u00e1s grande<br \/>\nAncho: 0,75 pulgadas en el punto m\u00e1s grande<br \/>\nMateriales: pl\u00e1stico ABS + Silicona<br \/>\nFuente de energ\u00eda: Bater\u00edas<br \/>\nBater\u00eda: 1 x pilas AAA<br \/>\nPrestaciones: Multifunci\u00f3n, Varias velocidades, No f\u00e1lico, Libre de ftalatos, Superficie lisa<br \/>\nColor: negro<\/p>\n","protected":false},"excerpt":{"rendered":"<div class=\"ui-pdp-specs__table\">\n<table class=\"andes-table\">\n<tbody class=\"andes-table__body\">\n<tr class=\"andes-table__row\">\n<th class=\"andes-table__header andes-table__header--left ui-pdp-specs__table__column ui-pdp-specs__table__column-title\">Marca<\/th>\n<td class=\"andes-table__column andes-table__column--left ui-pdp-specs__table__column\"><span class=\"andes-table__column--value\">Nasstoys<\/span><\/td>\n<\/tr>\n<tr class=\"andes-table__row\">\n<th class=\"andes-table__header andes-table__header--left ui-pdp-specs__table__column ui-pdp-specs__table__column-title\">Modelo<\/th>\n<td class=\"andes-table__column andes-table__column--left ui-pdp-specs__table__column\"><span class=\"andes-table__column--value\">INTENSO ANILLO PARA PENE Y BALA<\/span><\/td>\n<\/tr>\n<tr class=\"andes-table__row\">\n<th class=\"andes-table__header andes-table__header--left ui-pdp-specs__table__column ui-pdp-specs__table__column-title\">Color<\/th>\n<td class=\"andes-table__column andes-table__column--left ui-pdp-specs__table__column\"><span class=\"andes-table__column--value\">Negro<\/span><\/td>\n<\/tr>\n<\/tbody>\n<\/table>\n<\/div>\n<h3 class=\"ui-pdp-specs__subtitle\">Otras caracter\u00edsticas<\/h3>\n<div class=\"ui-pdp-list ui-pdp-specs__list\">\n<ul class=\"ui-pdp-list__wrapper\">\n<li class=\"ui-pdp-list__item\">\n<p class=\"ui-pdp-family--REGULAR ui-pdp-list__text\"><span class=\"ui-pdp-color--BLACK ui-pdp-size--XSMALL ui-pdp-family--BOLD\">Cantidad de piezas por kit<\/span>: 1<\/p>\n<\/li>\n<li class=\"ui-pdp-list__item\">\n<p class=\"ui-pdp-family--REGULAR ui-pdp-list__text\"><span class=\"ui-pdp-color--BLACK ui-pdp-size--XSMALL ui-pdp-family--BOLD\">Piezas incluidas<\/span>: ANILLO PARA PENE,BALA VIBRADORA<\/p>\n<\/li>\n<\/ul>\n<ul class=\"ui-pdp-list__wrapper\">\n<li class=\"ui-pdp-list__item\">\n<p class=\"ui-pdp-family--REGULAR ui-pdp-list__text\"><span class=\"ui-pdp-color--BLACK ui-pdp-size--XSMALL ui-pdp-family--BOLD\">Materiales de las piezas<\/span>: Silicona,ABS<\/p>\n<\/li>\n<li class=\"ui-pdp-list__item\">\n<p class=\"ui-pdp-family--REGULAR ui-pdp-list__text\"><span class=\"ui-pdp-color--BLACK ui-pdp-size--XSMALL ui-pdp-family--BOLD\">Tipo de alimentaci\u00f3n<\/span>: PILAS (INCLUIDAS)<\/p>\n<\/li>\n<\/ul>\n<\/div>\n","protected":false},"featured_media":1197,"comment_status":"open","ping_status":"closed","template":"","meta":[],"product_cat":[46],"product_tag":[49,33,29],"_links":{"self":[{"href":"https:\/\/plumbuss.com\/index.php?rest_route=\/wp\/v2\/product\/1196"}],"collection":[{"href":"https:\/\/plumbuss.com\/index.php?rest_route=\/wp\/v2\/product"}],"about":[{"href":"https:\/\/plumbuss.com\/index.php?rest_route=\/wp\/v2\/types\/product"}],"replies":[{"embeddable":true,"href":"https:\/\/plumbuss.com\/index.php?rest_route=%2Fwp%2Fv2%2Fcomments&post=1196"}],"wp:featuredmedia":[{"embeddable":true,"href":"https:\/\/plumbuss.com\/index.php?rest_route=\/wp\/v2\/media\/1197"}],"wp:attachment":[{"href":"https:\/\/plumbuss.com\/index.php?rest_route=%2Fwp%2Fv2%2Fmedia&parent=1196"}],"wp:term":[{"taxonomy":"product_cat","embeddable":true,"href":"https:\/\/plumbuss.com\/index.php?rest_route=%2Fwp%2Fv2%2Fproduct_cat&post=1196"},{"taxonomy":"product_tag","embeddable":true,"href":"https:\/\/plumbuss.com\/index.php?rest_route=%2Fwp%2Fv2%2Fproduct_tag&post=1196"}],"curies":[{"name":"wp","href":"https:\/\/api.w.org\/{rel}","templated":true}]}}