{"id":1176,"date":"2021-09-15T01:14:19","date_gmt":"2021-09-15T01:14:19","guid":{"rendered":"https:\/\/plumbuss.com\/?post_type=product&#038;p=1176"},"modified":"2025-10-02T23:54:15","modified_gmt":"2025-10-02T23:54:15","slug":"anillo-para-pene-penetracion-doble","status":"publish","type":"product","link":"https:\/\/plumbuss.com\/?product=anillo-para-pene-penetracion-doble","title":{"rendered":"Anillo Para Pene Penetracion Doble"},"content":{"rendered":"<p class=\"ui-pdp-description__content\">UN JUGUETE PERFECTO PARA DISFRUTAR EN PAREJA<\/p>\n<p>Este anillo para pene cuenta con varias caracter\u00edsticas que lo hacen ideal para ser tu mejor amigo en la cama, la primera es su dildo (no vibra), hecho de silic\u00f3n, lo que lo hace suave y maleable, cuenta con diferentes di\u00e1metros, lo que le da una forma similar al famoso rosario chino; la segunda caracter\u00edsticas es su bala, cuenta con 10 modalidades de vibraci\u00f3n (no se puede separar del anillo) y ofrece 2 puntos de vibraci\u00f3n en la zona del cl\u00edtoris, y la tercera es el estimulador del cl\u00edtoris, cuenta con 3 peque\u00f1as leng\u00fcetas para que en cada penetraci\u00f3n brinden una estimulaci\u00f3n adicional al cl\u00edtoris.<\/p>\n<p>Caracter\u00edsticas:<\/p>\n<p>Material: Silicona + ABS<br \/>\nMedidas:<br \/>\nDi\u00e1metro anillo: 3.2 cm<br \/>\nLargo Bala: 6.5cm<br \/>\nAlto: 9.6cm<br \/>\nLargo Dildo: 15.3cm<br \/>\nVibraci\u00f3n: 10 frecuencias<br \/>\nAlimentaci\u00f3n: 1 Bater\u00eda AAA (no incluida)<br \/>\nResistente al Agua<\/p>\n","protected":false},"excerpt":{"rendered":"<div class=\"ui-pdp-specs__table\">\n<table class=\"andes-table\">\n<tbody class=\"andes-table__body\">\n<tr class=\"andes-table__row\">\n<th class=\"andes-table__header andes-table__header--left ui-pdp-specs__table__column ui-pdp-specs__table__column-title\">Marca<\/th>\n<td class=\"andes-table__column andes-table__column--left ui-pdp-specs__table__column\"><span class=\"andes-table__column--value\">PLUMBUSS<\/span><\/td>\n<\/tr>\n<tr class=\"andes-table__row\">\n<th class=\"andes-table__header andes-table__header--left ui-pdp-specs__table__column ui-pdp-specs__table__column-title\">Modelo<\/th>\n<td class=\"andes-table__column andes-table__column--left ui-pdp-specs__table__column\"><span class=\"andes-table__column--value\">ANILLO PENETRACION DOBLE<\/span><\/td>\n<\/tr>\n<\/tbody>\n<\/table>\n<\/div>\n<h3 class=\"ui-pdp-specs__subtitle\">Otras caracter\u00edsticas<\/h3>\n<div class=\"ui-pdp-list ui-pdp-specs__list\">\n<ul class=\"ui-pdp-list__wrapper\">\n<li class=\"ui-pdp-list__item\">\n<p class=\"ui-pdp-family--REGULAR ui-pdp-list__text\"><span class=\"ui-pdp-color--BLACK ui-pdp-size--XSMALL ui-pdp-family--BOLD\">Con vibrador<\/span>: S\u00ed<\/p>\n<\/li>\n<li class=\"ui-pdp-list__item\">\n<p class=\"ui-pdp-family--REGULAR ui-pdp-list__text\"><span class=\"ui-pdp-color--BLACK ui-pdp-size--XSMALL ui-pdp-family--BOLD\">Tipo de anillo para pene<\/span>: Doble penetraci\u00f3n<\/p>\n<\/li>\n<\/ul>\n<ul class=\"ui-pdp-list__wrapper\">\n<li class=\"ui-pdp-list__item\">\n<p class=\"ui-pdp-family--REGULAR ui-pdp-list__text\"><span class=\"ui-pdp-color--BLACK ui-pdp-size--XSMALL ui-pdp-family--BOLD\">Material<\/span>: Silicona + ABS<\/p>\n<\/li>\n<li class=\"ui-pdp-list__item\">\n<p class=\"ui-pdp-family--REGULAR ui-pdp-list__text\"><span class=\"ui-pdp-color--BLACK ui-pdp-size--XSMALL ui-pdp-family--BOLD\">Di\u00e1metro del anillo para pene<\/span>: 3.2 cm<\/p>\n<\/li>\n<\/ul>\n<ul class=\"ui-pdp-list__wrapper\">\n<li class=\"ui-pdp-list__item\">\n<p class=\"ui-pdp-family--REGULAR ui-pdp-list__text\"><span class=\"ui-pdp-color--BLACK ui-pdp-size--XSMALL ui-pdp-family--BOLD\">Largo del dildo<\/span>: 15.3 cm<\/p>\n<\/li>\n<\/ul>\n<\/div>\n","protected":false},"featured_media":1182,"comment_status":"open","ping_status":"closed","template":"","meta":[],"product_cat":[46],"product_tag":[49,33,27,36],"_links":{"self":[{"href":"https:\/\/plumbuss.com\/index.php?rest_route=\/wp\/v2\/product\/1176"}],"collection":[{"href":"https:\/\/plumbuss.com\/index.php?rest_route=\/wp\/v2\/product"}],"about":[{"href":"https:\/\/plumbuss.com\/index.php?rest_route=\/wp\/v2\/types\/product"}],"replies":[{"embeddable":true,"href":"https:\/\/plumbuss.com\/index.php?rest_route=%2Fwp%2Fv2%2Fcomments&post=1176"}],"wp:featuredmedia":[{"embeddable":true,"href":"https:\/\/plumbuss.com\/index.php?rest_route=\/wp\/v2\/media\/1182"}],"wp:attachment":[{"href":"https:\/\/plumbuss.com\/index.php?rest_route=%2Fwp%2Fv2%2Fmedia&parent=1176"}],"wp:term":[{"taxonomy":"product_cat","embeddable":true,"href":"https:\/\/plumbuss.com\/index.php?rest_route=%2Fwp%2Fv2%2Fproduct_cat&post=1176"},{"taxonomy":"product_tag","embeddable":true,"href":"https:\/\/plumbuss.com\/index.php?rest_route=%2Fwp%2Fv2%2Fproduct_tag&post=1176"}],"curies":[{"name":"wp","href":"https:\/\/api.w.org\/{rel}","templated":true}]}}