{"id":1103,"date":"2021-09-13T01:31:39","date_gmt":"2021-09-13T01:31:39","guid":{"rendered":"https:\/\/plumbuss.com\/?post_type=product&#038;p=1103"},"modified":"2025-09-22T23:00:21","modified_gmt":"2025-09-22T23:00:21","slug":"kit-perro-bondage","status":"publish","type":"product","link":"https:\/\/plumbuss.com\/?product=kit-perro-bondage","title":{"rendered":"Kit Perro Bondage"},"content":{"rendered":"<p>TODO LISTO PARA UN JUEGO DE ROLES<\/p>\n<p>Ya sea que te guste someter o ser sometido, este kit es un inicio b\u00e1sico para aquellos que est\u00e1n explorando, cuenta con un plug suave de silic\u00f3n en forma de cola de perro, y una mordaza en forma de hueso con correa ajustable por medio de broche para un juego c\u00f3modo y seguro.<\/p>\n<p>Caracter\u00edsticas:<\/p>\n<p>Material: Silicona + Correa piel sint\u00e9tica<br \/>\nMedidas:<br \/>\n*Largo del hueso 12 cm x 2 cm de ancho<br \/>\n*Largo Total de la correa 63 cm<br \/>\nPlug Anal:<br \/>\n*7 cm x 2.8 cm<br \/>\nPeso: 123gr<\/p>\n<p>Permite margen de error de +\/- 1 cm<\/p>\n","protected":false},"excerpt":{"rendered":"<div class=\"ui-pdp-specs__table\">\n<table class=\"andes-table\">\n<tbody class=\"andes-table__body\">\n<tr class=\"andes-table__row\">\n<th class=\"andes-table__header andes-table__header--left ui-pdp-specs__table__column ui-pdp-specs__table__column-title\">Marca<\/th>\n<td class=\"andes-table__column andes-table__column--left ui-pdp-specs__table__column\"><span class=\"andes-table__column--value\">PLUMBUSS<\/span><\/td>\n<\/tr>\n<tr class=\"andes-table__row\">\n<th class=\"andes-table__header andes-table__header--left ui-pdp-specs__table__column ui-pdp-specs__table__column-title\">Modelo<\/th>\n<td class=\"andes-table__column andes-table__column--left ui-pdp-specs__table__column\"><span class=\"andes-table__column--value\">PERRO<\/span><\/td>\n<\/tr>\n<\/tbody>\n<\/table>\n<\/div>\n<h3 class=\"ui-pdp-specs__subtitle\">Otras caracter\u00edsticas<\/h3>\n<div class=\"ui-pdp-list ui-pdp-specs__list\">\n<ul class=\"ui-pdp-list__wrapper\">\n<li class=\"ui-pdp-list__item\">\n<p class=\"ui-pdp-family--REGULAR ui-pdp-list__text\"><span class=\"ui-pdp-color--BLACK ui-pdp-size--XSMALL ui-pdp-family--BOLD\">Piezas incluidas<\/span>: 2 (Hueso y Cola)<\/p>\n<\/li>\n<\/ul>\n<\/div>\n","protected":false},"featured_media":1127,"comment_status":"open","ping_status":"closed","template":"","meta":[],"product_cat":[59],"product_tag":[28,26,29],"_links":{"self":[{"href":"https:\/\/plumbuss.com\/index.php?rest_route=\/wp\/v2\/product\/1103"}],"collection":[{"href":"https:\/\/plumbuss.com\/index.php?rest_route=\/wp\/v2\/product"}],"about":[{"href":"https:\/\/plumbuss.com\/index.php?rest_route=\/wp\/v2\/types\/product"}],"replies":[{"embeddable":true,"href":"https:\/\/plumbuss.com\/index.php?rest_route=%2Fwp%2Fv2%2Fcomments&post=1103"}],"wp:featuredmedia":[{"embeddable":true,"href":"https:\/\/plumbuss.com\/index.php?rest_route=\/wp\/v2\/media\/1127"}],"wp:attachment":[{"href":"https:\/\/plumbuss.com\/index.php?rest_route=%2Fwp%2Fv2%2Fmedia&parent=1103"}],"wp:term":[{"taxonomy":"product_cat","embeddable":true,"href":"https:\/\/plumbuss.com\/index.php?rest_route=%2Fwp%2Fv2%2Fproduct_cat&post=1103"},{"taxonomy":"product_tag","embeddable":true,"href":"https:\/\/plumbuss.com\/index.php?rest_route=%2Fwp%2Fv2%2Fproduct_tag&post=1103"}],"curies":[{"name":"wp","href":"https:\/\/api.w.org\/{rel}","templated":true}]}}