{"id":1012,"date":"2021-08-27T22:54:50","date_gmt":"2021-08-27T22:54:50","guid":{"rendered":"https:\/\/plumbuss.com\/?post_type=product&#038;p=1012"},"modified":"2025-01-30T00:44:34","modified_gmt":"2025-01-30T00:44:34","slug":"lubricante-id-xtreme-base-agua-experiencias-extremas-65-ml","status":"publish","type":"product","link":"https:\/\/plumbuss.com\/?product=lubricante-id-xtreme-base-agua-experiencias-extremas-65-ml","title":{"rendered":"Lubricante Id Xtreme Base Agua Experiencias Extremas 65 Ml"},"content":{"rendered":"<p>D Xtreme es un lubricante personal superior, de alta energ\u00eda y multiprop\u00f3sito, dise\u00f1ado para satisfacer las necesidades de los usuarios de alta intensidad y alto contacto. El producto est\u00e1 formulado con Friction Reduction Technology \u2122 para reducir la resistencia resultante del aumento de la potencia y las altas temperaturas.<\/p>\n<p>Xtreme es compatible con condones, seguro para juguetes y sin manchas. La f\u00f3rmula ha sido rigurosamente probada para garantizar la compatibilidad del cond\u00f3n.<\/p>\n<p>Reactivar simplemente a\u00f1adiendo una gota de agua o saliva. Xtreme es tu primera opci\u00f3n para cualquier experiencia sensual extrema.<\/p>\n","protected":false},"excerpt":{"rendered":"<p>Recomendaciones:<br \/>\nNo exponer a temperaturas altas<br \/>\nLavar la zona despu\u00e9s de su uso<\/p>\n<p>Ingredientes:<br \/>\nAgua, glicerina, propilenglicol, goma de celulosa, EDTA, carb\u00f3mero, PEG-90M, tetrahidroxipropil etilendiamina, metilparabeno, benzoato de sodio, sorbato de potasio<\/p>\n","protected":false},"featured_media":1013,"comment_status":"open","ping_status":"closed","template":"","meta":[],"product_cat":[56],"product_tag":[],"_links":{"self":[{"href":"https:\/\/plumbuss.com\/index.php?rest_route=\/wp\/v2\/product\/1012"}],"collection":[{"href":"https:\/\/plumbuss.com\/index.php?rest_route=\/wp\/v2\/product"}],"about":[{"href":"https:\/\/plumbuss.com\/index.php?rest_route=\/wp\/v2\/types\/product"}],"replies":[{"embeddable":true,"href":"https:\/\/plumbuss.com\/index.php?rest_route=%2Fwp%2Fv2%2Fcomments&post=1012"}],"wp:featuredmedia":[{"embeddable":true,"href":"https:\/\/plumbuss.com\/index.php?rest_route=\/wp\/v2\/media\/1013"}],"wp:attachment":[{"href":"https:\/\/plumbuss.com\/index.php?rest_route=%2Fwp%2Fv2%2Fmedia&parent=1012"}],"wp:term":[{"taxonomy":"product_cat","embeddable":true,"href":"https:\/\/plumbuss.com\/index.php?rest_route=%2Fwp%2Fv2%2Fproduct_cat&post=1012"},{"taxonomy":"product_tag","embeddable":true,"href":"https:\/\/plumbuss.com\/index.php?rest_route=%2Fwp%2Fv2%2Fproduct_tag&post=1012"}],"curies":[{"name":"wp","href":"https:\/\/api.w.org\/{rel}","templated":true}]}}